{"id":100,"date":"2025-05-11T15:44:11","date_gmt":"2025-05-11T13:44:11","guid":{"rendered":"https:\/\/puc-africa.de\/?page_id=100"},"modified":"2026-01-18T18:03:39","modified_gmt":"2026-01-18T17:03:39","slug":"tiergesundheit-toka","status":"publish","type":"page","link":"http:\/\/puc-africa.de\/de_de\/tiergesundheit-toka\/","title":{"rendered":"Tiergesundheit TOKA"},"content":{"rendered":"\n<div class=\"wp-block-media-text is-stacked-on-mobile is-image-fill-element\"><figure class=\"wp-block-media-text__media\"><img loading=\"lazy\" decoding=\"async\" width=\"533\" height=\"400\" src=\"https:\/\/puc-africa.de\/wp-content\/uploads\/2025\/07\/Toka2.jpg\" alt=\"\" class=\"wp-image-685 size-full\" style=\"object-position:48% 17%\" srcset=\"https:\/\/puc-africa.de\/wp-content\/uploads\/2025\/07\/Toka2.jpg 533w, https:\/\/puc-africa.de\/wp-content\/uploads\/2025\/07\/Toka2-300x225.jpg 300w, https:\/\/puc-africa.de\/wp-content\/uploads\/2025\/07\/Toka2-16x12.jpg 16w\" sizes=\"auto, (max-width: 533px) 100vw, 533px\" \/><\/figure><div class=\"wp-block-media-text__content\">\n<p>TOKA steht f\u00fcr Tulwanise Obwavu nkuKulakulana Association und bedeutet in der regionalen Sprache \u201eVereinigung zur Bek\u00e4mpfung der Armut\u201c. Ziel der Tier\u00e4rzte, und Tiergesundheitshelfer von TOKA animal care ist die Versorgung der vielen Nutz- und Haustiere in Bulanga.<\/p>\n\n\n\n<p>Wie \u00fcberall im l\u00e4ndlichen Uganda ist auch in diesem zwischen Iganga und Jinja gelegenen District die Tiergesundheit entscheidend f\u00fcr das Einkommen der Farmer. Dort, wo Tiere Leben bedeuten, unterst\u00fctzen wir TOKA animal care beim Schutz der Viehherden.<\/p>\n<\/div><\/div>\n\n\n<ul class=\"wp-block-latest-posts__list has-dates wp-block-latest-posts\"><li><div class=\"wp-block-latest-posts__featured-image alignleft\"><img loading=\"lazy\" decoding=\"async\" width=\"1024\" height=\"835\" src=\"https:\/\/puc-africa.de\/wp-content\/uploads\/2026\/03\/WhatsApp-Image-2026-02-20-at-19.06.21-1-1024x835.jpeg\" class=\"attachment-large size-large wp-post-image\" alt=\"\" style=\"max-width:250px;\" srcset=\"https:\/\/puc-africa.de\/wp-content\/uploads\/2026\/03\/WhatsApp-Image-2026-02-20-at-19.06.21-1-1024x835.jpeg 1024w, https:\/\/puc-africa.de\/wp-content\/uploads\/2026\/03\/WhatsApp-Image-2026-02-20-at-19.06.21-1-300x245.jpeg 300w, https:\/\/puc-africa.de\/wp-content\/uploads\/2026\/03\/WhatsApp-Image-2026-02-20-at-19.06.21-1-768x626.jpeg 768w, https:\/\/puc-africa.de\/wp-content\/uploads\/2026\/03\/WhatsApp-Image-2026-02-20-at-19.06.21-1-15x12.jpeg 15w, https:\/\/puc-africa.de\/wp-content\/uploads\/2026\/03\/WhatsApp-Image-2026-02-20-at-19.06.21-1-640x522.jpeg 640w, https:\/\/puc-africa.de\/wp-content\/uploads\/2026\/03\/WhatsApp-Image-2026-02-20-at-19.06.21-1.jpeg 1200w\" sizes=\"auto, (max-width: 1024px) 100vw, 1024px\" \/><\/div><a class=\"wp-block-latest-posts__post-title\" href=\"http:\/\/puc-africa.de\/de_de\/projekte\/gesundheit\/tiergesundheit-toka\/toka-jedes-leben-zaehlt\/\">TOKA: Jedes Leben z\u00e4hlt<\/a><time datetime=\"2026-03-01T14:45:06+01:00\" class=\"wp-block-latest-posts__post-date\">1. M\u00e4rz 2026<\/time><div class=\"wp-block-latest-posts__post-excerpt\">Tiere sind aus dem Leben der Menschen in Afrika nicht wegzudenken. Als Arbeitstier und Nahrungsquelle, Milch- und Fleischspender, als Schutz- und H\u00fctehund aber auch und als Gef\u00e4hrte, ist ihr Leben\u2026\u00a0<a class=\"wp-block-latest-posts__read-more\" href=\"http:\/\/puc-africa.de\/de_de\/projekte\/gesundheit\/tiergesundheit-toka\/toka-jedes-leben-zaehlt\/\" rel=\"noopener noreferrer\"><span class=\"screen-reader-text\">TOKA: Jedes Leben z\u00e4hlt <\/span>weiterlesen<\/a><\/div><\/li>\n<li><div class=\"wp-block-latest-posts__featured-image alignleft\"><img loading=\"lazy\" decoding=\"async\" width=\"1024\" height=\"696\" src=\"https:\/\/puc-africa.de\/wp-content\/uploads\/2026\/03\/neu1WhatsApp-Image-2026-02-18-at-20.35.01-1-1024x696.jpeg\" class=\"attachment-large size-large wp-post-image\" alt=\"\" style=\"max-width:250px;\" srcset=\"https:\/\/puc-africa.de\/wp-content\/uploads\/2026\/03\/neu1WhatsApp-Image-2026-02-18-at-20.35.01-1-1024x696.jpeg 1024w, https:\/\/puc-africa.de\/wp-content\/uploads\/2026\/03\/neu1WhatsApp-Image-2026-02-18-at-20.35.01-1-300x204.jpeg 300w, https:\/\/puc-africa.de\/wp-content\/uploads\/2026\/03\/neu1WhatsApp-Image-2026-02-18-at-20.35.01-1-768x522.jpeg 768w, https:\/\/puc-africa.de\/wp-content\/uploads\/2026\/03\/neu1WhatsApp-Image-2026-02-18-at-20.35.01-1-18x12.jpeg 18w, https:\/\/puc-africa.de\/wp-content\/uploads\/2026\/03\/neu1WhatsApp-Image-2026-02-18-at-20.35.01-1-640x435.jpeg 640w, https:\/\/puc-africa.de\/wp-content\/uploads\/2026\/03\/neu1WhatsApp-Image-2026-02-18-at-20.35.01-1.jpeg 1481w\" sizes=\"auto, (max-width: 1024px) 100vw, 1024px\" \/><\/div><a class=\"wp-block-latest-posts__post-title\" href=\"http:\/\/puc-africa.de\/de_de\/projekte\/gesundheit\/tiergesundheit-toka\/frauen-mit-vision\/\">Frauen mit Visionen<\/a><time datetime=\"2026-03-01T14:30:14+01:00\" class=\"wp-block-latest-posts__post-date\">1. M\u00e4rz 2026<\/time><div class=\"wp-block-latest-posts__post-excerpt\">Annet Kakweri strahlt! So stolz ist sie auf ihren neuen H\u00fchnerstall. Dort, wo einst das Dach ihres alten, zerbrechlichen Wohnhauses einst\u00fcrzte (wir berichteten), entsteht nun ihr neuer H\u00fchnerstall.Nachdem sie durch\u2026\u00a0<a class=\"wp-block-latest-posts__read-more\" href=\"http:\/\/puc-africa.de\/de_de\/projekte\/gesundheit\/tiergesundheit-toka\/frauen-mit-vision\/\" rel=\"noopener noreferrer\"><span class=\"screen-reader-text\">Frauen mit Visionen <\/span>weiterlesen<\/a><\/div><\/li>\n<li><div class=\"wp-block-latest-posts__featured-image alignleft\"><img loading=\"lazy\" decoding=\"async\" width=\"1024\" height=\"768\" src=\"https:\/\/puc-africa.de\/wp-content\/uploads\/2026\/01\/annett7-1024x768.jpeg\" class=\"attachment-large size-large wp-post-image\" alt=\"\" style=\"max-width:250px;\" srcset=\"https:\/\/puc-africa.de\/wp-content\/uploads\/2026\/01\/annett7-1024x768.jpeg 1024w, https:\/\/puc-africa.de\/wp-content\/uploads\/2026\/01\/annett7-300x225.jpeg 300w, https:\/\/puc-africa.de\/wp-content\/uploads\/2026\/01\/annett7-768x576.jpeg 768w, https:\/\/puc-africa.de\/wp-content\/uploads\/2026\/01\/annett7-1536x1152.jpeg 1536w, https:\/\/puc-africa.de\/wp-content\/uploads\/2026\/01\/annett7-16x12.jpeg 16w, https:\/\/puc-africa.de\/wp-content\/uploads\/2026\/01\/annett7-640x480.jpeg 640w, https:\/\/puc-africa.de\/wp-content\/uploads\/2026\/01\/annett7.jpeg 1600w\" sizes=\"auto, (max-width: 1024px) 100vw, 1024px\" \/><\/div><a class=\"wp-block-latest-posts__post-title\" href=\"http:\/\/puc-africa.de\/de_de\/projekte\/gesundheit\/tiergesundheit-toka\/annett-baut-einen-huehnerstall\/\">Annett baut einen H\u00fchnerstall<\/a><time datetime=\"2026-01-18T18:10:11+01:00\" class=\"wp-block-latest-posts__post-date\">18. Januar 2026<\/time><div class=\"wp-block-latest-posts__post-excerpt\">Unerm\u00fcdlich flei\u00dfig ist Annet K. (Wir berichteten). Nachdem sie aus eigener Kraft und unterst\u00fctzt durch PUC ihr Haus wieder aufgebaut hatte, mit Arbeiten aller Art die Schulgeb\u00fchren f\u00fcr ihre vier\u2026\u00a0<a class=\"wp-block-latest-posts__read-more\" href=\"http:\/\/puc-africa.de\/de_de\/projekte\/gesundheit\/tiergesundheit-toka\/annett-baut-einen-huehnerstall\/\" rel=\"noopener noreferrer\"><span class=\"screen-reader-text\">Annett baut einen H\u00fchnerstall <\/span>weiterlesen<\/a><\/div><\/li>\n<li><div class=\"wp-block-latest-posts__featured-image alignleft\"><img loading=\"lazy\" decoding=\"async\" width=\"695\" height=\"547\" src=\"https:\/\/puc-africa.de\/wp-content\/uploads\/2025\/11\/Screenshot-2025-11-01-153814.png\" class=\"attachment-large size-large wp-post-image\" alt=\"\" style=\"max-width:250px;\" srcset=\"https:\/\/puc-africa.de\/wp-content\/uploads\/2025\/11\/Screenshot-2025-11-01-153814.png 695w, https:\/\/puc-africa.de\/wp-content\/uploads\/2025\/11\/Screenshot-2025-11-01-153814-300x236.png 300w, https:\/\/puc-africa.de\/wp-content\/uploads\/2025\/11\/Screenshot-2025-11-01-153814-15x12.png 15w, https:\/\/puc-africa.de\/wp-content\/uploads\/2025\/11\/Screenshot-2025-11-01-153814-640x504.png 640w\" sizes=\"auto, (max-width: 695px) 100vw, 695px\" \/><\/div><a class=\"wp-block-latest-posts__post-title\" href=\"http:\/\/puc-africa.de\/de_de\/projekte\/gesundheit\/tiergesundheit-toka\/annett-kakweri-eine-mutter-startet-durch\/\">Annett Kakweri \u2013 eine Mutter startet durch<\/a><time datetime=\"2025-10-15T15:39:30+02:00\" class=\"wp-block-latest-posts__post-date\">15. Oktober 2025<\/time><div class=\"wp-block-latest-posts__post-excerpt\">Durch die Unterst\u00fctzung von PUC kann Annett als alleinerziehende Mutter nicht nur die Schulausbildung ihrer Kinder finanzieren sondern machte auch selbst ein dreij\u00e4hriges Studium zum \u201eagriculture Officer\u201c. Sie war eine\u2026\u00a0<a class=\"wp-block-latest-posts__read-more\" href=\"http:\/\/puc-africa.de\/de_de\/projekte\/gesundheit\/tiergesundheit-toka\/annett-kakweri-eine-mutter-startet-durch\/\" rel=\"noopener noreferrer\"><span class=\"screen-reader-text\">Annett Kakweri \u2013 eine Mutter startet durch <\/span>weiterlesen<\/a><\/div><\/li>\n<li><div class=\"wp-block-latest-posts__featured-image alignleft\"><img loading=\"lazy\" decoding=\"async\" width=\"180\" height=\"180\" src=\"https:\/\/puc-africa.de\/wp-content\/uploads\/2025\/06\/image-14.jpg\" class=\"attachment-large size-large wp-post-image\" alt=\"\" style=\"max-width:250px;\" srcset=\"https:\/\/puc-africa.de\/wp-content\/uploads\/2025\/06\/image-14.jpg 180w, https:\/\/puc-africa.de\/wp-content\/uploads\/2025\/06\/image-14-150x150.jpg 150w, https:\/\/puc-africa.de\/wp-content\/uploads\/2025\/06\/image-14-12x12.jpg 12w\" sizes=\"auto, (max-width: 180px) 100vw, 180px\" \/><\/div><a class=\"wp-block-latest-posts__post-title\" href=\"http:\/\/puc-africa.de\/de_de\/projekte\/gesundheit\/tiergesundheit-toka\/reorganisiert-und-einsatzbereit\/\">Reorganisiert und einsatzbereit<\/a><time datetime=\"2025-06-02T14:29:12+02:00\" class=\"wp-block-latest-posts__post-date\">2. Juni 2025<\/time><div class=\"wp-block-latest-posts__post-excerpt\">2025: Mit der Zusage von Dr. Waiswa, seine Kompetenzen und F\u00e4higkeiten als erfahrener Veterin\u00e4r und Teamleiter f\u00fcr TOKA einzusetzen, erh\u00e4lt die Organisation zum Schutze der Tiere und dem Erhalt der\u2026\u00a0<a class=\"wp-block-latest-posts__read-more\" href=\"http:\/\/puc-africa.de\/de_de\/projekte\/gesundheit\/tiergesundheit-toka\/reorganisiert-und-einsatzbereit\/\" rel=\"noopener noreferrer\"><span class=\"screen-reader-text\">Reorganisiert und einsatzbereit <\/span>weiterlesen<\/a><\/div><\/li>\n<\/ul>","protected":false},"excerpt":{"rendered":"<p>TOKA steht f\u00fcr Tulwanise Obwavu nkuKulakulana Association und bedeutet in der regionalen Sprache \u201eVereinigung zur Bek\u00e4mpfung der Armut\u201c. Ziel der Tier\u00e4rzte, und Tiergesundheitshelfer von TOKA animal care ist die Versorgung der vielen Nutz- und Haustiere in Bulanga. Wie \u00fcberall im l\u00e4ndlichen Uganda ist auch in diesem zwischen Iganga und Jinja gelegenen District die Tiergesundheit entscheidend [&hellip;]<\/p>\n","protected":false},"author":1,"featured_media":457,"parent":0,"menu_order":0,"comment_status":"closed","ping_status":"closed","template":"","meta":{"ocean_post_layout":"","ocean_both_sidebars_style":"","ocean_both_sidebars_content_width":0,"ocean_both_sidebars_sidebars_width":0,"ocean_sidebar":"","ocean_second_sidebar":"","ocean_disable_margins":"enable","ocean_add_body_class":"","ocean_shortcode_before_top_bar":"","ocean_shortcode_after_top_bar":"","ocean_shortcode_before_header":"","ocean_shortcode_after_header":"","ocean_has_shortcode":"","ocean_shortcode_after_title":"","ocean_shortcode_before_footer_widgets":"","ocean_shortcode_after_footer_widgets":"","ocean_shortcode_before_footer_bottom":"","ocean_shortcode_after_footer_bottom":"","ocean_display_top_bar":"default","ocean_display_header":"default","ocean_header_style":"","ocean_center_header_left_menu":"","ocean_custom_header_template":"","ocean_custom_logo":0,"ocean_custom_retina_logo":0,"ocean_custom_logo_max_width":0,"ocean_custom_logo_tablet_max_width":0,"ocean_custom_logo_mobile_max_width":0,"ocean_custom_logo_max_height":0,"ocean_custom_logo_tablet_max_height":0,"ocean_custom_logo_mobile_max_height":0,"ocean_header_custom_menu":"","ocean_menu_typo_font_family":"","ocean_menu_typo_font_subset":"","ocean_menu_typo_font_size":0,"ocean_menu_typo_font_size_tablet":0,"ocean_menu_typo_font_size_mobile":0,"ocean_menu_typo_font_size_unit":"px","ocean_menu_typo_font_weight":"","ocean_menu_typo_font_weight_tablet":"","ocean_menu_typo_font_weight_mobile":"","ocean_menu_typo_transform":"","ocean_menu_typo_transform_tablet":"","ocean_menu_typo_transform_mobile":"","ocean_menu_typo_line_height":0,"ocean_menu_typo_line_height_tablet":0,"ocean_menu_typo_line_height_mobile":0,"ocean_menu_typo_line_height_unit":"","ocean_menu_typo_spacing":0,"ocean_menu_typo_spacing_tablet":0,"ocean_menu_typo_spacing_mobile":0,"ocean_menu_typo_spacing_unit":"","ocean_menu_link_color":"","ocean_menu_link_color_hover":"","ocean_menu_link_color_active":"","ocean_menu_link_background":"","ocean_menu_link_hover_background":"","ocean_menu_link_active_background":"","ocean_menu_social_links_bg":"","ocean_menu_social_hover_links_bg":"","ocean_menu_social_links_color":"","ocean_menu_social_hover_links_color":"","ocean_disable_title":"default","ocean_disable_heading":"default","ocean_post_title":"","ocean_post_subheading":"","ocean_post_title_style":"","ocean_post_title_background_color":"","ocean_post_title_background":0,"ocean_post_title_bg_image_position":"","ocean_post_title_bg_image_attachment":"","ocean_post_title_bg_image_repeat":"","ocean_post_title_bg_image_size":"","ocean_post_title_height":0,"ocean_post_title_bg_overlay":0.5,"ocean_post_title_bg_overlay_color":"","ocean_disable_breadcrumbs":"default","ocean_breadcrumbs_color":"","ocean_breadcrumbs_separator_color":"","ocean_breadcrumbs_links_color":"","ocean_breadcrumbs_links_hover_color":"","ocean_display_footer_widgets":"default","ocean_display_footer_bottom":"default","ocean_custom_footer_template":"","footnotes":""},"class_list":["post-100","page","type-page","status-publish","has-post-thumbnail","hentry","entry","has-media"],"_links":{"self":[{"href":"http:\/\/puc-africa.de\/de_de\/wp-json\/wp\/v2\/pages\/100","targetHints":{"allow":["GET"]}}],"collection":[{"href":"http:\/\/puc-africa.de\/de_de\/wp-json\/wp\/v2\/pages"}],"about":[{"href":"http:\/\/puc-africa.de\/de_de\/wp-json\/wp\/v2\/types\/page"}],"author":[{"embeddable":true,"href":"http:\/\/puc-africa.de\/de_de\/wp-json\/wp\/v2\/users\/1"}],"replies":[{"embeddable":true,"href":"http:\/\/puc-africa.de\/de_de\/wp-json\/wp\/v2\/comments?post=100"}],"version-history":[{"count":7,"href":"http:\/\/puc-africa.de\/de_de\/wp-json\/wp\/v2\/pages\/100\/revisions"}],"predecessor-version":[{"id":826,"href":"http:\/\/puc-africa.de\/de_de\/wp-json\/wp\/v2\/pages\/100\/revisions\/826"}],"wp:featuredmedia":[{"embeddable":true,"href":"http:\/\/puc-africa.de\/de_de\/wp-json\/wp\/v2\/media\/457"}],"wp:attachment":[{"href":"http:\/\/puc-africa.de\/de_de\/wp-json\/wp\/v2\/media?parent=100"}],"curies":[{"name":"wp","href":"https:\/\/api.w.org\/{rel}","templated":true}]}}