{"id":1039,"date":"2026-01-18T17:55:46","date_gmt":"2026-01-18T16:55:46","guid":{"rendered":"https:\/\/puc-africa.de\/?page_id=1039"},"modified":"2026-01-28T14:24:21","modified_gmt":"2026-01-28T13:24:21","slug":"tierklinik-in-tansania","status":"publish","type":"page","link":"http:\/\/puc-africa.de\/de_de\/tierklinik-in-tansania\/","title":{"rendered":"Tierklinik in Tansania"},"content":{"rendered":"\n<div class=\"wp-block-media-text is-stacked-on-mobile\"><figure class=\"wp-block-media-text__media\"><img loading=\"lazy\" decoding=\"async\" width=\"1024\" height=\"682\" src=\"https:\/\/puc-africa.de\/wp-content\/uploads\/2026\/01\/Klinik-1024x682.jpeg\" alt=\"\" class=\"wp-image-1035 size-full\" srcset=\"https:\/\/puc-africa.de\/wp-content\/uploads\/2026\/01\/Klinik-1024x682.jpeg 1024w, https:\/\/puc-africa.de\/wp-content\/uploads\/2026\/01\/Klinik-300x200.jpeg 300w, https:\/\/puc-africa.de\/wp-content\/uploads\/2026\/01\/Klinik-768x512.jpeg 768w, https:\/\/puc-africa.de\/wp-content\/uploads\/2026\/01\/Klinik-1536x1023.jpeg 1536w, https:\/\/puc-africa.de\/wp-content\/uploads\/2026\/01\/Klinik-18x12.jpeg 18w, https:\/\/puc-africa.de\/wp-content\/uploads\/2026\/01\/Klinik-640x426.jpeg 640w, https:\/\/puc-africa.de\/wp-content\/uploads\/2026\/01\/Klinik.jpeg 1600w\" sizes=\"auto, (max-width: 1024px) 100vw, 1024px\" \/><\/figure><div class=\"wp-block-media-text__content\">\n<p>Im Norden Tansanias arbeitet PUC nun mit der Tier\u00e4rztlichen Klinik <a href=\"https:\/\/www.vetzcapes.com\/spaying-and-neutering\">VeTZcapes<\/a> zusammen.<\/p>\n\n\n\n<p>Zwischen den St\u00e4dten Arusha und Moshi und am Fu\u00dfe des Kilimandscharo sowie des Moint Meru gelegen, entstand VeTZcapes aus der Liebe zu Tieren und dem Wunsch, hochwertige tier\u00e4rztliche Versorgung zug\u00e4nglicher zu machen. In Tansania, erlebten unsere Gr\u00fcnder die Sch\u00f6nheit der Wildnis und erkannten die Notwendigkeit zu ihrer Bewahrung und zu ihrem Schutz sowie den Bedarf an besserer tier\u00e4rztlicher Versorgung.<br>Mit einer modernen Klinik und einem mobilen Einsatzteam in und um Arusha plant VeTZcapes genau diese f\u00fcr die Tiere der Region zu gew\u00e4hrleisten.<br>Unser Team behandelt nicht nur \u2013 sondern wir wollen lehren, inspirieren und eine st\u00e4rkere Gemeinschaft rund um die Tiergesundheit und das Tierwohl aufbauen. Bei VeTZcapes geht es um mehr als Medizin. Es ist eine Mission.<\/p>\n<\/div><\/div>\n\n\n<ul class=\"wp-block-latest-posts__list wp-block-latest-posts\"><li><div class=\"wp-block-latest-posts__featured-image alignleft\"><img loading=\"lazy\" decoding=\"async\" width=\"150\" height=\"150\" src=\"https:\/\/puc-africa.de\/wp-content\/uploads\/2026\/01\/Giraffe-150x150.jpeg\" class=\"attachment-thumbnail size-thumbnail wp-post-image\" alt=\"\" style=\"\" srcset=\"https:\/\/puc-africa.de\/wp-content\/uploads\/2026\/01\/Giraffe-150x150.jpeg 150w, https:\/\/puc-africa.de\/wp-content\/uploads\/2026\/01\/Giraffe-600x600.jpeg 600w\" sizes=\"auto, (max-width: 150px) 100vw, 150px\" \/><\/div><a class=\"wp-block-latest-posts__post-title\" href=\"http:\/\/puc-africa.de\/de_de\/allgemein\/giraffe-aus-falle-befreit\/\">Giraffe aus einer Falle befreit<\/a><div class=\"wp-block-latest-posts__post-excerpt\">Diese Geraffe war in die Schlinge von Wilderern geraten. Noch immer treibt die Armut Menschen dazu, Wildtiere zu jagen, um ihr Fleisch auf dem Markt zu verkaufen. Dank des Einsatzes der MitarbeiterInnen der Tierklinik Vetzcapes konnte in Zusammenarbeit mit der Tansianischen Wildlife Beh\u00f6rde die Giraffe behandelt und gerettet werden. Tansania bietet einer der vielf\u00e4ltigsten und\u2026\u00a0<a class=\"wp-block-latest-posts__read-more\" href=\"http:\/\/puc-africa.de\/de_de\/allgemein\/giraffe-aus-falle-befreit\/\" rel=\"noopener noreferrer\"><span class=\"screen-reader-text\">Giraffe aus einer Falle befreit <\/span>weiterlesen<\/a><\/div><\/li>\n<li><div class=\"wp-block-latest-posts__featured-image alignleft\"><img loading=\"lazy\" decoding=\"async\" width=\"150\" height=\"150\" src=\"https:\/\/puc-africa.de\/wp-content\/uploads\/2026\/01\/Hund2-150x150.jpeg\" class=\"attachment-thumbnail size-thumbnail wp-post-image\" alt=\"\" style=\"\" \/><\/div><a class=\"wp-block-latest-posts__post-title\" href=\"http:\/\/puc-africa.de\/de_de\/projekte\/gesundheit\/tierklinik-tansania\/hunde-gehoeren-zum-leben-in-tansania\/\">Hunde geh\u00f6ren zum Leben in Tansania<\/a><div class=\"wp-block-latest-posts__post-excerpt\">Mensch und Tier bilden in Afrika schon immer eine untrennbare Einheit. Die Tiere schenken dem Menschen Leben. Ihr Leben tierschutzgerecht zu gestalten und Tierwohl zu gew\u00e4hrleisten, sichert die Lebensgrundlage f\u00fcr die Menschen.Eine gute tiermedizinische Versorgung ist Teil des Tierschutzes und unter dem Aspekt von One-Health auch wichtig f\u00fcr den Schutz des Menschen vor \u00fcbertragbaren Erkrankungen,\u2026\u00a0<a class=\"wp-block-latest-posts__read-more\" href=\"http:\/\/puc-africa.de\/de_de\/projekte\/gesundheit\/tierklinik-tansania\/hunde-gehoeren-zum-leben-in-tansania\/\" rel=\"noopener noreferrer\"><span class=\"screen-reader-text\">Hunde geh\u00f6ren zum Leben in Tansania <\/span>weiterlesen<\/a><\/div><\/li>\n<li><div class=\"wp-block-latest-posts__featured-image alignleft\"><img loading=\"lazy\" decoding=\"async\" width=\"150\" height=\"150\" src=\"https:\/\/puc-africa.de\/wp-content\/uploads\/2026\/01\/ernstage-2026-01-18-at-19.58.06-150x150.jpeg\" class=\"attachment-thumbnail size-thumbnail wp-post-image\" alt=\"\" style=\"\" srcset=\"https:\/\/puc-africa.de\/wp-content\/uploads\/2026\/01\/ernstage-2026-01-18-at-19.58.06-150x150.jpeg 150w, https:\/\/puc-africa.de\/wp-content\/uploads\/2026\/01\/ernstage-2026-01-18-at-19.58.06-600x600.jpeg 600w\" sizes=\"auto, (max-width: 150px) 100vw, 150px\" \/><\/div><a class=\"wp-block-latest-posts__post-title\" href=\"http:\/\/puc-africa.de\/de_de\/allgemein\/hilfe-die-ankommt\/\">Medizinische Ausr\u00fcstung angekommen<\/a><div class=\"wp-block-latest-posts__post-excerpt\">Endlich, nach langen Monaten des Wartens, ist unsere medizinische Ausr\u00fcstungen in Tansania angekommen. Lange war der Container unterwegs, bis die vielen Kisten die Klinik erreichten.Nun k\u00f6nnen die Mitarbeiter von VetzCapes die dringend ben\u00f6tigten Materialien, Hilfsg\u00fcter und Ger\u00e4te auspacken und aufbauen. Mit dem neuen R\u00f6ntgenger\u00e4t, gesponsert von der Firma Gierth X-Ray International GmbH in Riesa kann\u2026\u00a0<a class=\"wp-block-latest-posts__read-more\" href=\"http:\/\/puc-africa.de\/de_de\/allgemein\/hilfe-die-ankommt\/\" rel=\"noopener noreferrer\"><span class=\"screen-reader-text\">Medizinische Ausr\u00fcstung angekommen <\/span>weiterlesen<\/a><\/div><\/li>\n<li><div class=\"wp-block-latest-posts__featured-image alignleft\"><img loading=\"lazy\" decoding=\"async\" width=\"150\" height=\"150\" src=\"https:\/\/puc-africa.de\/wp-content\/uploads\/2026\/01\/Euel8-at-17.26.45-150x150.jpeg\" class=\"attachment-thumbnail size-thumbnail wp-post-image\" alt=\"\" style=\"\" srcset=\"https:\/\/puc-africa.de\/wp-content\/uploads\/2026\/01\/Euel8-at-17.26.45-150x150.jpeg 150w, https:\/\/puc-africa.de\/wp-content\/uploads\/2026\/01\/Euel8-at-17.26.45-600x600.jpeg 600w\" sizes=\"auto, (max-width: 150px) 100vw, 150px\" \/><\/div><a class=\"wp-block-latest-posts__post-title\" href=\"http:\/\/puc-africa.de\/de_de\/projekte\/gesundheit\/tierklinik-tansania\/wildtiere-nach-feierabend\/\">Wildtiere nach Feierabend behandeln<\/a><div class=\"wp-block-latest-posts__post-excerpt\">Au\u00dferhalb der Klinikzeiten engagiert sich die Gr\u00fcnderin, passionierte Tier\u00e4rztin und Wildtierexpertin, Milou, f\u00fcr den Schutz der Wildtierpopulation sowie die Behandlung von verletzten Wildtieren. Gemeinsam wollen wir zum Schutz und zur Erhaltung der Tierwelt Tansanias beitragen. Dazu werden auch Bildungma\u00dfnahmen in der benachbarten Community sowie Kastrationsprojekte geh\u00f6ren.<\/div><\/li>\n<li><div class=\"wp-block-latest-posts__featured-image alignleft\"><img loading=\"lazy\" decoding=\"async\" width=\"150\" height=\"150\" src=\"https:\/\/puc-africa.de\/wp-content\/uploads\/2026\/01\/WhatsApp-Image-2026-01-18-at-17.26.44-150x150.jpeg\" class=\"attachment-thumbnail size-thumbnail wp-post-image\" alt=\"\" style=\"\" srcset=\"https:\/\/puc-africa.de\/wp-content\/uploads\/2026\/01\/WhatsApp-Image-2026-01-18-at-17.26.44-150x150.jpeg 150w, https:\/\/puc-africa.de\/wp-content\/uploads\/2026\/01\/WhatsApp-Image-2026-01-18-at-17.26.44-600x600.jpeg 600w\" sizes=\"auto, (max-width: 150px) 100vw, 150px\" \/><\/div><a class=\"wp-block-latest-posts__post-title\" href=\"http:\/\/puc-africa.de\/de_de\/projekte\/gesundheit\/tierklinik-tansania\/tierklinik-in-tansania\/\">Tansania: PUC arbeitet mit der Tier\u00e4rztlichen Klinik \u201eVeTZcapes\u201c zusammen<\/a><div class=\"wp-block-latest-posts__post-excerpt\">Zwischen den St\u00e4dten Arusha und Moshi und am Fu\u00dfe des Kilimandscharo sowie des Moint Meru gelegen, entstand VeTZcapes aus der Liebe zu Tieren und dem Wunsch, hochwertige tier\u00e4rztliche Versorgung zug\u00e4nglicher zu machen. In Tansania, erlebten unsere Gr\u00fcnder die Sch\u00f6nheit der Wildnis und erkannten die Notwendigkeit zu ihrer Bewahrung und zu ihrem Schutz sowie den Bedarf\u2026\u00a0<a class=\"wp-block-latest-posts__read-more\" href=\"http:\/\/puc-africa.de\/de_de\/projekte\/gesundheit\/tierklinik-tansania\/tierklinik-in-tansania\/\" rel=\"noopener noreferrer\"><span class=\"screen-reader-text\">Tansania: PUC arbeitet mit der Tier\u00e4rztlichen Klinik \u201eVeTZcapes\u201c zusammen <\/span>weiterlesen<\/a><\/div><\/li>\n<\/ul>\n\n\n<figure class=\"wp-block-gallery has-nested-images columns-default is-cropped wp-block-gallery-1 is-layout-flex wp-block-gallery-is-layout-flex\">\n<figure class=\"wp-block-image size-large\"><img loading=\"lazy\" decoding=\"async\" width=\"1024\" height=\"682\" data-id=\"1043\" src=\"https:\/\/puc-africa.de\/wp-content\/uploads\/2026\/01\/Hund-17.26.43-1024x682.jpeg\" alt=\"\" class=\"wp-image-1043\" srcset=\"https:\/\/puc-africa.de\/wp-content\/uploads\/2026\/01\/Hund-17.26.43-1024x682.jpeg 1024w, https:\/\/puc-africa.de\/wp-content\/uploads\/2026\/01\/Hund-17.26.43-300x200.jpeg 300w, https:\/\/puc-africa.de\/wp-content\/uploads\/2026\/01\/Hund-17.26.43-768x512.jpeg 768w, https:\/\/puc-africa.de\/wp-content\/uploads\/2026\/01\/Hund-17.26.43-1536x1023.jpeg 1536w, https:\/\/puc-africa.de\/wp-content\/uploads\/2026\/01\/Hund-17.26.43-18x12.jpeg 18w, https:\/\/puc-africa.de\/wp-content\/uploads\/2026\/01\/Hund-17.26.43-640x426.jpeg 640w, https:\/\/puc-africa.de\/wp-content\/uploads\/2026\/01\/Hund-17.26.43.jpeg 1600w\" sizes=\"auto, (max-width: 1024px) 100vw, 1024px\" \/><\/figure>\n\n\n\n<figure class=\"wp-block-image size-large\"><img loading=\"lazy\" decoding=\"async\" width=\"1024\" height=\"682\" data-id=\"1044\" src=\"https:\/\/puc-africa.de\/wp-content\/uploads\/2026\/01\/Hund.44-1024x682.jpeg\" alt=\"\" class=\"wp-image-1044\" srcset=\"https:\/\/puc-africa.de\/wp-content\/uploads\/2026\/01\/Hund.44-1024x682.jpeg 1024w, https:\/\/puc-africa.de\/wp-content\/uploads\/2026\/01\/Hund.44-300x200.jpeg 300w, https:\/\/puc-africa.de\/wp-content\/uploads\/2026\/01\/Hund.44-768x512.jpeg 768w, https:\/\/puc-africa.de\/wp-content\/uploads\/2026\/01\/Hund.44-1536x1023.jpeg 1536w, https:\/\/puc-africa.de\/wp-content\/uploads\/2026\/01\/Hund.44-18x12.jpeg 18w, https:\/\/puc-africa.de\/wp-content\/uploads\/2026\/01\/Hund.44-640x426.jpeg 640w, https:\/\/puc-africa.de\/wp-content\/uploads\/2026\/01\/Hund.44.jpeg 1600w\" sizes=\"auto, (max-width: 1024px) 100vw, 1024px\" \/><\/figure>\n\n\n\n<figure class=\"wp-block-image size-large\"><img loading=\"lazy\" decoding=\"async\" width=\"1024\" height=\"682\" data-id=\"1042\" src=\"https:\/\/puc-africa.de\/wp-content\/uploads\/2026\/01\/Katzet-17.26.44-1024x682.jpeg\" alt=\"\" class=\"wp-image-1042\" srcset=\"https:\/\/puc-africa.de\/wp-content\/uploads\/2026\/01\/Katzet-17.26.44-1024x682.jpeg 1024w, https:\/\/puc-africa.de\/wp-content\/uploads\/2026\/01\/Katzet-17.26.44-300x200.jpeg 300w, https:\/\/puc-africa.de\/wp-content\/uploads\/2026\/01\/Katzet-17.26.44-768x512.jpeg 768w, https:\/\/puc-africa.de\/wp-content\/uploads\/2026\/01\/Katzet-17.26.44-1536x1023.jpeg 1536w, https:\/\/puc-africa.de\/wp-content\/uploads\/2026\/01\/Katzet-17.26.44-18x12.jpeg 18w, https:\/\/puc-africa.de\/wp-content\/uploads\/2026\/01\/Katzet-17.26.44-640x426.jpeg 640w, https:\/\/puc-africa.de\/wp-content\/uploads\/2026\/01\/Katzet-17.26.44.jpeg 1600w\" sizes=\"auto, (max-width: 1024px) 100vw, 1024px\" \/><\/figure>\n\n\n\n<figure class=\"wp-block-image size-large\"><img loading=\"lazy\" decoding=\"async\" width=\"1024\" height=\"682\" data-id=\"1045\" src=\"https:\/\/puc-africa.de\/wp-content\/uploads\/2026\/01\/Klinik-1-1024x682.jpeg\" alt=\"\" class=\"wp-image-1045\" srcset=\"https:\/\/puc-africa.de\/wp-content\/uploads\/2026\/01\/Klinik-1-1024x682.jpeg 1024w, https:\/\/puc-africa.de\/wp-content\/uploads\/2026\/01\/Klinik-1-300x200.jpeg 300w, https:\/\/puc-africa.de\/wp-content\/uploads\/2026\/01\/Klinik-1-768x512.jpeg 768w, https:\/\/puc-africa.de\/wp-content\/uploads\/2026\/01\/Klinik-1-1536x1023.jpeg 1536w, https:\/\/puc-africa.de\/wp-content\/uploads\/2026\/01\/Klinik-1-18x12.jpeg 18w, https:\/\/puc-africa.de\/wp-content\/uploads\/2026\/01\/Klinik-1-640x426.jpeg 640w, https:\/\/puc-africa.de\/wp-content\/uploads\/2026\/01\/Klinik-1.jpeg 1600w\" sizes=\"auto, (max-width: 1024px) 100vw, 1024px\" \/><\/figure>\n\n\n\n<figure class=\"wp-block-image size-large\"><img loading=\"lazy\" decoding=\"async\" width=\"1024\" height=\"768\" data-id=\"1046\" src=\"https:\/\/puc-africa.de\/wp-content\/uploads\/2026\/01\/Yray5-1024x768.jpeg\" alt=\"\" class=\"wp-image-1046\" srcset=\"https:\/\/puc-africa.de\/wp-content\/uploads\/2026\/01\/Yray5-1024x768.jpeg 1024w, https:\/\/puc-africa.de\/wp-content\/uploads\/2026\/01\/Yray5-300x225.jpeg 300w, https:\/\/puc-africa.de\/wp-content\/uploads\/2026\/01\/Yray5-768x576.jpeg 768w, https:\/\/puc-africa.de\/wp-content\/uploads\/2026\/01\/Yray5-1536x1152.jpeg 1536w, https:\/\/puc-africa.de\/wp-content\/uploads\/2026\/01\/Yray5-16x12.jpeg 16w, https:\/\/puc-africa.de\/wp-content\/uploads\/2026\/01\/Yray5-640x480.jpeg 640w, https:\/\/puc-africa.de\/wp-content\/uploads\/2026\/01\/Yray5.jpeg 1600w\" sizes=\"auto, (max-width: 1024px) 100vw, 1024px\" \/><\/figure>\n<\/figure>\n","protected":false},"excerpt":{"rendered":"<p>Im Norden Tansanias arbeitet PUC nun mit der Tier\u00e4rztlichen Klinik VeTZcapes zusammen. Zwischen den St\u00e4dten Arusha und Moshi und am Fu\u00dfe des Kilimandscharo sowie des Moint Meru gelegen, entstand VeTZcapes aus der Liebe zu Tieren und dem Wunsch, hochwertige tier\u00e4rztliche Versorgung zug\u00e4nglicher zu machen. In Tansania, erlebten unsere Gr\u00fcnder die Sch\u00f6nheit der Wildnis und erkannten [&hellip;]<\/p>\n","protected":false},"author":1,"featured_media":0,"parent":0,"menu_order":0,"comment_status":"closed","ping_status":"closed","template":"","meta":{"ocean_post_layout":"","ocean_both_sidebars_style":"","ocean_both_sidebars_content_width":0,"ocean_both_sidebars_sidebars_width":0,"ocean_sidebar":"","ocean_second_sidebar":"","ocean_disable_margins":"enable","ocean_add_body_class":"","ocean_shortcode_before_top_bar":"","ocean_shortcode_after_top_bar":"","ocean_shortcode_before_header":"","ocean_shortcode_after_header":"","ocean_has_shortcode":"","ocean_shortcode_after_title":"","ocean_shortcode_before_footer_widgets":"","ocean_shortcode_after_footer_widgets":"","ocean_shortcode_before_footer_bottom":"","ocean_shortcode_after_footer_bottom":"","ocean_display_top_bar":"default","ocean_display_header":"default","ocean_header_style":"","ocean_center_header_left_menu":"","ocean_custom_header_template":"","ocean_custom_logo":0,"ocean_custom_retina_logo":0,"ocean_custom_logo_max_width":0,"ocean_custom_logo_tablet_max_width":0,"ocean_custom_logo_mobile_max_width":0,"ocean_custom_logo_max_height":0,"ocean_custom_logo_tablet_max_height":0,"ocean_custom_logo_mobile_max_height":0,"ocean_header_custom_menu":"","ocean_menu_typo_font_family":"","ocean_menu_typo_font_subset":"","ocean_menu_typo_font_size":0,"ocean_menu_typo_font_size_tablet":0,"ocean_menu_typo_font_size_mobile":0,"ocean_menu_typo_font_size_unit":"px","ocean_menu_typo_font_weight":"","ocean_menu_typo_font_weight_tablet":"","ocean_menu_typo_font_weight_mobile":"","ocean_menu_typo_transform":"","ocean_menu_typo_transform_tablet":"","ocean_menu_typo_transform_mobile":"","ocean_menu_typo_line_height":0,"ocean_menu_typo_line_height_tablet":0,"ocean_menu_typo_line_height_mobile":0,"ocean_menu_typo_line_height_unit":"","ocean_menu_typo_spacing":0,"ocean_menu_typo_spacing_tablet":0,"ocean_menu_typo_spacing_mobile":0,"ocean_menu_typo_spacing_unit":"","ocean_menu_link_color":"","ocean_menu_link_color_hover":"","ocean_menu_link_color_active":"","ocean_menu_link_background":"","ocean_menu_link_hover_background":"","ocean_menu_link_active_background":"","ocean_menu_social_links_bg":"","ocean_menu_social_hover_links_bg":"","ocean_menu_social_links_color":"","ocean_menu_social_hover_links_color":"","ocean_disable_title":"default","ocean_disable_heading":"default","ocean_post_title":"","ocean_post_subheading":"","ocean_post_title_style":"","ocean_post_title_background_color":"","ocean_post_title_background":0,"ocean_post_title_bg_image_position":"","ocean_post_title_bg_image_attachment":"","ocean_post_title_bg_image_repeat":"","ocean_post_title_bg_image_size":"","ocean_post_title_height":0,"ocean_post_title_bg_overlay":0.5,"ocean_post_title_bg_overlay_color":"","ocean_disable_breadcrumbs":"default","ocean_breadcrumbs_color":"","ocean_breadcrumbs_separator_color":"","ocean_breadcrumbs_links_color":"","ocean_breadcrumbs_links_hover_color":"","ocean_display_footer_widgets":"default","ocean_display_footer_bottom":"default","ocean_custom_footer_template":"","footnotes":""},"class_list":["post-1039","page","type-page","status-publish","hentry","entry"],"_links":{"self":[{"href":"http:\/\/puc-africa.de\/de_de\/wp-json\/wp\/v2\/pages\/1039","targetHints":{"allow":["GET"]}}],"collection":[{"href":"http:\/\/puc-africa.de\/de_de\/wp-json\/wp\/v2\/pages"}],"about":[{"href":"http:\/\/puc-africa.de\/de_de\/wp-json\/wp\/v2\/types\/page"}],"author":[{"embeddable":true,"href":"http:\/\/puc-africa.de\/de_de\/wp-json\/wp\/v2\/users\/1"}],"replies":[{"embeddable":true,"href":"http:\/\/puc-africa.de\/de_de\/wp-json\/wp\/v2\/comments?post=1039"}],"version-history":[{"count":6,"href":"http:\/\/puc-africa.de\/de_de\/wp-json\/wp\/v2\/pages\/1039\/revisions"}],"predecessor-version":[{"id":1116,"href":"http:\/\/puc-africa.de\/de_de\/wp-json\/wp\/v2\/pages\/1039\/revisions\/1116"}],"wp:attachment":[{"href":"http:\/\/puc-africa.de\/de_de\/wp-json\/wp\/v2\/media?parent=1039"}],"curies":[{"name":"wp","href":"https:\/\/api.w.org\/{rel}","templated":true}]}}