{"id":11,"date":"2025-05-11T11:34:28","date_gmt":"2025-05-11T09:34:28","guid":{"rendered":"https:\/\/puc-africa.de\/?page_id=11"},"modified":"2026-01-20T16:19:56","modified_gmt":"2026-01-20T15:19:56","slug":"helfen","status":"publish","type":"page","link":"http:\/\/puc-africa.de\/de_de\/helfen\/","title":{"rendered":"Helfen"},"content":{"rendered":"\n<figure class=\"wp-block-gallery has-nested-images columns-default is-cropped wp-block-gallery-1 is-layout-flex wp-block-gallery-is-layout-flex\">\n<figure class=\"wp-block-image size-large\"><img loading=\"lazy\" decoding=\"async\" width=\"300\" height=\"400\" data-id=\"333\" src=\"https:\/\/puc-africa.de\/wp-content\/uploads\/2025\/06\/christine-1.jpg\" alt=\"\" class=\"wp-image-333\" srcset=\"https:\/\/puc-africa.de\/wp-content\/uploads\/2025\/06\/christine-1.jpg 300w, https:\/\/puc-africa.de\/wp-content\/uploads\/2025\/06\/christine-1-225x300.jpg 225w, https:\/\/puc-africa.de\/wp-content\/uploads\/2025\/06\/christine-1-9x12.jpg 9w\" sizes=\"auto, (max-width: 300px) 100vw, 300px\" \/><\/figure>\n\n\n\n<figure class=\"wp-block-image size-large\"><img loading=\"lazy\" decoding=\"async\" width=\"710\" height=\"400\" data-id=\"334\" src=\"https:\/\/puc-africa.de\/wp-content\/uploads\/2025\/06\/doggi-1.jpg\" alt=\"\" class=\"wp-image-334\" srcset=\"https:\/\/puc-africa.de\/wp-content\/uploads\/2025\/06\/doggi-1.jpg 710w, https:\/\/puc-africa.de\/wp-content\/uploads\/2025\/06\/doggi-1-300x169.jpg 300w, https:\/\/puc-africa.de\/wp-content\/uploads\/2025\/06\/doggi-1-18x10.jpg 18w, https:\/\/puc-africa.de\/wp-content\/uploads\/2025\/06\/doggi-1-640x361.jpg 640w\" sizes=\"auto, (max-width: 710px) 100vw, 710px\" \/><\/figure>\n<\/figure>\n\n\n\n<p>Wenn Sie unsere Arbeit unterst\u00fctzen m\u00f6chten, dann haben Sie folgende M\u00f6glichkeiten:<\/p>\n\n\n\n<h2 class=\"wp-block-heading\">Spenden<\/h2>\n\n\n\n<div class=\"wp-block-buttons alignwide single-post is-content-justification-center is-layout-flex wp-container-core-buttons-is-layout-16018d1d wp-block-buttons-is-layout-flex\">\n<div class=\"wp-block-button\"><a class=\"wp-block-button__link has-vivid-cyan-blue-color has-luminous-vivid-amber-background-color has-text-color has-background has-link-color wp-element-button\" href=\"https:\/\/www.paypal.com\/donate\/?cmd=_s-xclick&amp;hosted_button_id=NAEFQSEAXUSCG&amp;source=url&amp;ssrt=1752846620790\"><strong>Per PayPal spenden<\/strong><\/a><\/div>\n<\/div>\n\n\n\n<div class=\"wp-block-group alignwide single-post\"><div class=\"wp-block-group__inner-container is-layout-constrained wp-block-group-is-layout-constrained\">\n<div class=\"wp-block-columns is-layout-flex wp-container-core-columns-is-layout-9d6595d7 wp-block-columns-is-layout-flex\">\n<div class=\"wp-block-column is-layout-flow wp-block-column-is-layout-flow\">\n<p class=\"has-luminous-vivid-amber-background-color has-background\"><strong>Bankverbindung PUC<\/strong> <br>VR-Bank Nieb\u00fcll<br>IBAN: DE67 2176 3542 0007 9208 30, BIC: GENODEF1BDS<\/p>\n<\/div>\n<\/div>\n<\/div><\/div>\n\n\n\n<div class=\"wp-block-columns alignwide is-layout-flex wp-container-core-columns-is-layout-829b1d53 wp-block-columns-is-layout-flex\" style=\"margin-bottom:0\">\n<div class=\"wp-block-column has-luminous-vivid-amber-background-color has-text-color has-background has-link-color wp-elements-768aa969105977d5ede3db8ef24e6b3b is-layout-flow wp-block-column-is-layout-flow\" style=\"color:#000000;padding-top:2em;padding-right:2em;padding-bottom:2em;padding-left:2em\">\n<h2 class=\"wp-block-heading\" id=\"family\" style=\"font-size:40px\"><strong>Bildung<\/strong><\/h2>\n\n\n\n<p class=\"has-normal-font-size\" style=\"line-height:1.5\"><strong>Erm\u00f6gliche Schulmaterial f\u00fcr ein Kind \u2013 ein erste Schritt aus der Armut.<\/strong><\/p>\n\n\n\n<figure class=\"wp-block-gallery has-nested-images columns-default is-cropped wp-block-gallery-2 is-layout-flex wp-block-gallery-is-layout-flex\">\n<figure class=\"wp-block-image size-full is-style-rounded\"><img loading=\"lazy\" decoding=\"async\" width=\"562\" height=\"422\" data-id=\"749\" src=\"https:\/\/puc-africa.de\/wp-content\/uploads\/2025\/07\/imagem.jpg\" alt=\"\" class=\"wp-image-749\" srcset=\"https:\/\/puc-africa.de\/wp-content\/uploads\/2025\/07\/imagem.jpg 562w, https:\/\/puc-africa.de\/wp-content\/uploads\/2025\/07\/imagem-300x225.jpg 300w, https:\/\/puc-africa.de\/wp-content\/uploads\/2025\/07\/imagem-16x12.jpg 16w\" sizes=\"auto, (max-width: 562px) 100vw, 562px\" \/><\/figure>\n<\/figure>\n\n\n\n<p><\/p>\n\n\n\n<div class=\"wp-block-buttons alignwide is-horizontal is-content-justification-center is-layout-flex wp-container-core-buttons-is-layout-499968f5 wp-block-buttons-is-layout-flex\">\n<div class=\"wp-block-button has-custom-width wp-block-button__width-100 is-style-fill\"><a class=\"wp-block-button__link has-black-color has-cyan-bluish-gray-background-color has-text-color has-background has-medium-font-size has-custom-font-size wp-element-button\" href=\"https:\/\/secure.betterplace.org\/de\/donate\/platform\/projects\/61213-schenk-bildung-schenk-leben-unterstutze-unser-bildungsprojekt-in-uganda\" style=\"border-radius:100px\" target=\"_blank\" rel=\"noreferrer noopener\">Schenk Bildung <\/a><\/div>\n<\/div>\n<\/div>\n\n\n\n<div class=\"wp-block-column has-pale-cyan-blue-background-color has-text-color has-background has-link-color wp-elements-a9e5c9260075684eee1c12299d3d4d94 is-layout-flow wp-block-column-is-layout-flow\" style=\"color:#000000;padding-top:2em;padding-right:2em;padding-bottom:2em;padding-left:2em\">\n<h2 class=\"wp-block-heading\" id=\"patron\" style=\"font-size:40px\"><strong>Gesundheit<\/strong><\/h2>\n\n\n\n<p class=\"has-normal-font-size\"><strong>\u00dcbernehme die Kosten f\u00fcr ein paar Beinschienen und ver\u00e4ndere Leben. <\/strong><\/p>\n\n\n\n<figure class=\"wp-block-image size-full is-resized is-style-rounded\"><img loading=\"lazy\" decoding=\"async\" width=\"533\" height=\"400\" src=\"https:\/\/puc-africa.de\/wp-content\/uploads\/2025\/07\/iimage.jpg\" alt=\"\" class=\"wp-image-750\" style=\"aspect-ratio:4\/3;object-fit:cover;width:292px;height:auto\" srcset=\"https:\/\/puc-africa.de\/wp-content\/uploads\/2025\/07\/iimage.jpg 533w, https:\/\/puc-africa.de\/wp-content\/uploads\/2025\/07\/iimage-300x225.jpg 300w, https:\/\/puc-africa.de\/wp-content\/uploads\/2025\/07\/iimage-16x12.jpg 16w\" sizes=\"auto, (max-width: 533px) 100vw, 533px\" \/><\/figure>\n\n\n\n<div class=\"wp-block-buttons alignwide is-horizontal is-content-justification-center is-layout-flex wp-container-core-buttons-is-layout-499968f5 wp-block-buttons-is-layout-flex\">\n<div class=\"wp-block-button has-custom-width wp-block-button__width-100\"><a class=\"wp-block-button__link has-black-color has-cyan-bluish-gray-background-color has-text-color has-background has-medium-font-size has-custom-font-size wp-element-button\" href=\"https:\/\/secure.betterplace.org\/de\/donate\/platform\/projects\/60795-schenk-leben-hilf-menschen-zu-gehen-orthopadie-in-uganda\" style=\"border-radius:100px\" target=\"_blank\" rel=\"noreferrer noopener\">Schenk Gesundheit<\/a><\/div>\n<\/div>\n<\/div>\n\n\n\n<div class=\"wp-block-column has-light-green-cyan-background-color has-text-color has-background has-link-color wp-elements-0b272f11c35960882def662b1e91ac41 is-layout-flow wp-block-column-is-layout-flow\" style=\"color:#000000;padding-top:2em;padding-right:2em;padding-bottom:2em;padding-left:2em\">\n<h2 class=\"wp-block-heading\" id=\"single\" style=\"font-size:40px\"><strong>Tier<\/strong>schutz<\/h2>\n\n\n\n<p class=\"has-normal-font-size\" style=\"line-height:1.5\"><strong><strong>Trage zum Schutz und Wohlbefinden der Tiere in Afrika bei.<\/strong><\/strong><\/p>\n\n\n\n<figure class=\"wp-block-image size-full is-style-rounded\"><img loading=\"lazy\" decoding=\"async\" width=\"365\" height=\"284\" src=\"https:\/\/puc-africa.de\/wp-content\/uploads\/2025\/07\/imageww.jpg\" alt=\"\" class=\"wp-image-751\" style=\"aspect-ratio:4\/3;object-fit:cover\" srcset=\"https:\/\/puc-africa.de\/wp-content\/uploads\/2025\/07\/imageww.jpg 365w, https:\/\/puc-africa.de\/wp-content\/uploads\/2025\/07\/imageww-300x233.jpg 300w, https:\/\/puc-africa.de\/wp-content\/uploads\/2025\/07\/imageww-15x12.jpg 15w\" sizes=\"auto, (max-width: 365px) 100vw, 365px\" \/><\/figure>\n\n\n\n<div class=\"wp-block-buttons alignwide is-horizontal is-content-justification-center is-layout-flex wp-container-core-buttons-is-layout-499968f5 wp-block-buttons-is-layout-flex\">\n<div class=\"wp-block-button has-custom-width wp-block-button__width-100\"><a class=\"wp-block-button__link has-black-color has-cyan-bluish-gray-background-color has-text-color has-background has-medium-font-size has-custom-font-size wp-element-button\" href=\"https:\/\/secure.betterplace.org\/de\/donate\/platform\/projects\/61161-hilf-tieren-leben-wo-tiere-leben-bedeuten-tiergesundheit-in-uganda\" style=\"border-radius:100px\" target=\"_blank\" rel=\"noreferrer noopener\">Hilf Tieren<\/a><\/div>\n<\/div>\n<\/div>\n<\/div>\n\n\n<ul class=\"wp-block-latest-posts__list wp-block-latest-posts\"><li><a class=\"wp-block-latest-posts__post-title\" href=\"http:\/\/puc-africa.de\/de_de\/helfen\/faq\/\">FAQ<\/a><div class=\"wp-block-latest-posts__post-excerpt\">H\u00e4ufig gestellte Fragen: 1.&nbsp;Kommt meine Spende wirklich bei den Bed\u00fcrftigen an? &nbsp;&nbsp; Da wir selbst vor Ort sind und alle Helfer ausnahmslos ehrenamtlich arbeiten, Fl\u00fcge sowie Aufenthaltskosten selbst gezahlt werden,\u2026\u00a0<a class=\"wp-block-latest-posts__read-more\" href=\"http:\/\/puc-africa.de\/de_de\/helfen\/faq\/\" rel=\"noopener noreferrer\"><span class=\"screen-reader-text\">FAQ <\/span>weiterlesen<\/a><\/div><\/li>\n<li><a class=\"wp-block-latest-posts__post-title\" href=\"http:\/\/puc-africa.de\/de_de\/helfen\/unsere-spender\/\">Unsere Spender<\/a><div class=\"wp-block-latest-posts__post-excerpt\">Sachspenden aus Deutschland In mehreren Touren transportierten wir Rollst\u00fchle, Rollatoren, Pflegebetten und vieles mehr von Husum nach S\u00fcderl\u00fcgum. Ohne die gro\u00dfartige Hilfe der Spedition Freiberg S\u00fcderl\u00fcgum w\u00e4ren wir fast verzweifelt.\u2026\u00a0<a class=\"wp-block-latest-posts__read-more\" href=\"http:\/\/puc-africa.de\/de_de\/helfen\/unsere-spender\/\" rel=\"noopener noreferrer\"><span class=\"screen-reader-text\">Unsere Spender <\/span>weiterlesen<\/a><\/div><\/li>\n<\/ul>\n\n\n<h2 class=\"wp-block-heading\"><\/h2>\n\n\n\n<p><\/p>\n","protected":false},"excerpt":{"rendered":"<p>Wenn Sie unsere Arbeit unterst\u00fctzen m\u00f6chten, dann haben Sie folgende M\u00f6glichkeiten: Spenden Bankverbindung PUC VR-Bank Nieb\u00fcllIBAN: DE67 2176 3542 0007 9208 30, BIC: GENODEF1BDS Bildung Erm\u00f6gliche Schulmaterial f\u00fcr ein Kind \u2013 ein erste Schritt aus der Armut. Gesundheit \u00dcbernehme die Kosten f\u00fcr ein paar Beinschienen und ver\u00e4ndere Leben. Tierschutz Trage zum Schutz und Wohlbefinden der [&hellip;]<\/p>\n","protected":false},"author":1,"featured_media":329,"parent":0,"menu_order":0,"comment_status":"closed","ping_status":"closed","template":"","meta":{"ocean_post_layout":"","ocean_both_sidebars_style":"","ocean_both_sidebars_content_width":0,"ocean_both_sidebars_sidebars_width":0,"ocean_sidebar":"","ocean_second_sidebar":"","ocean_disable_margins":"enable","ocean_add_body_class":"","ocean_shortcode_before_top_bar":"","ocean_shortcode_after_top_bar":"","ocean_shortcode_before_header":"","ocean_shortcode_after_header":"","ocean_has_shortcode":"","ocean_shortcode_after_title":"","ocean_shortcode_before_footer_widgets":"","ocean_shortcode_after_footer_widgets":"","ocean_shortcode_before_footer_bottom":"","ocean_shortcode_after_footer_bottom":"","ocean_display_top_bar":"default","ocean_display_header":"default","ocean_header_style":"","ocean_center_header_left_menu":"","ocean_custom_header_template":"","ocean_custom_logo":0,"ocean_custom_retina_logo":0,"ocean_custom_logo_max_width":0,"ocean_custom_logo_tablet_max_width":0,"ocean_custom_logo_mobile_max_width":0,"ocean_custom_logo_max_height":0,"ocean_custom_logo_tablet_max_height":0,"ocean_custom_logo_mobile_max_height":0,"ocean_header_custom_menu":"","ocean_menu_typo_font_family":"","ocean_menu_typo_font_subset":"","ocean_menu_typo_font_size":0,"ocean_menu_typo_font_size_tablet":0,"ocean_menu_typo_font_size_mobile":0,"ocean_menu_typo_font_size_unit":"px","ocean_menu_typo_font_weight":"","ocean_menu_typo_font_weight_tablet":"","ocean_menu_typo_font_weight_mobile":"","ocean_menu_typo_transform":"","ocean_menu_typo_transform_tablet":"","ocean_menu_typo_transform_mobile":"","ocean_menu_typo_line_height":0,"ocean_menu_typo_line_height_tablet":0,"ocean_menu_typo_line_height_mobile":0,"ocean_menu_typo_line_height_unit":"","ocean_menu_typo_spacing":0,"ocean_menu_typo_spacing_tablet":0,"ocean_menu_typo_spacing_mobile":0,"ocean_menu_typo_spacing_unit":"","ocean_menu_link_color":"","ocean_menu_link_color_hover":"","ocean_menu_link_color_active":"","ocean_menu_link_background":"","ocean_menu_link_hover_background":"","ocean_menu_link_active_background":"","ocean_menu_social_links_bg":"","ocean_menu_social_hover_links_bg":"","ocean_menu_social_links_color":"","ocean_menu_social_hover_links_color":"","ocean_disable_title":"default","ocean_disable_heading":"default","ocean_post_title":"","ocean_post_subheading":"","ocean_post_title_style":"","ocean_post_title_background_color":"","ocean_post_title_background":0,"ocean_post_title_bg_image_position":"","ocean_post_title_bg_image_attachment":"","ocean_post_title_bg_image_repeat":"","ocean_post_title_bg_image_size":"","ocean_post_title_height":0,"ocean_post_title_bg_overlay":0.5,"ocean_post_title_bg_overlay_color":"","ocean_disable_breadcrumbs":"default","ocean_breadcrumbs_color":"","ocean_breadcrumbs_separator_color":"","ocean_breadcrumbs_links_color":"","ocean_breadcrumbs_links_hover_color":"","ocean_display_footer_widgets":"default","ocean_display_footer_bottom":"default","ocean_custom_footer_template":"","footnotes":""},"class_list":["post-11","page","type-page","status-publish","has-post-thumbnail","hentry","entry","has-media"],"_links":{"self":[{"href":"http:\/\/puc-africa.de\/de_de\/wp-json\/wp\/v2\/pages\/11","targetHints":{"allow":["GET"]}}],"collection":[{"href":"http:\/\/puc-africa.de\/de_de\/wp-json\/wp\/v2\/pages"}],"about":[{"href":"http:\/\/puc-africa.de\/de_de\/wp-json\/wp\/v2\/types\/page"}],"author":[{"embeddable":true,"href":"http:\/\/puc-africa.de\/de_de\/wp-json\/wp\/v2\/users\/1"}],"replies":[{"embeddable":true,"href":"http:\/\/puc-africa.de\/de_de\/wp-json\/wp\/v2\/comments?post=11"}],"version-history":[{"count":44,"href":"http:\/\/puc-africa.de\/de_de\/wp-json\/wp\/v2\/pages\/11\/revisions"}],"predecessor-version":[{"id":1113,"href":"http:\/\/puc-africa.de\/de_de\/wp-json\/wp\/v2\/pages\/11\/revisions\/1113"}],"wp:featuredmedia":[{"embeddable":true,"href":"http:\/\/puc-africa.de\/de_de\/wp-json\/wp\/v2\/media\/329"}],"wp:attachment":[{"href":"http:\/\/puc-africa.de\/de_de\/wp-json\/wp\/v2\/media?parent=11"}],"curies":[{"name":"wp","href":"https:\/\/api.w.org\/{rel}","templated":true}]}}