{"id":13,"date":"2025-05-11T11:34:42","date_gmt":"2025-05-11T09:34:42","guid":{"rendered":"https:\/\/puc-africa.de\/?page_id=13"},"modified":"2025-08-29T12:13:31","modified_gmt":"2025-08-29T10:13:31","slug":"ueber-uns","status":"publish","type":"page","link":"http:\/\/puc-africa.de\/de_de\/ueber-uns\/","title":{"rendered":"\u00dcber uns"},"content":{"rendered":"\n<h1 class=\"wp-block-heading\"><strong>Die Vorstandsfrauen <\/strong><\/h1>\n\n\n\n<figure class=\"wp-block-gallery aligncenter has-nested-images columns-default is-cropped wp-block-gallery-1 is-layout-flex wp-block-gallery-is-layout-flex\">\n<figure class=\"wp-block-image size-full is-style-default\"><img loading=\"lazy\" decoding=\"async\" width=\"990\" height=\"1280\" data-id=\"253\" src=\"https:\/\/puc-africa.de\/wp-content\/uploads\/2025\/06\/image0.jpeg\" alt=\"\" class=\"wp-image-253\" srcset=\"https:\/\/puc-africa.de\/wp-content\/uploads\/2025\/06\/image0.jpeg 990w, https:\/\/puc-africa.de\/wp-content\/uploads\/2025\/06\/image0-232x300.jpeg 232w, https:\/\/puc-africa.de\/wp-content\/uploads\/2025\/06\/image0-792x1024.jpeg 792w, https:\/\/puc-africa.de\/wp-content\/uploads\/2025\/06\/image0-768x993.jpeg 768w, https:\/\/puc-africa.de\/wp-content\/uploads\/2025\/06\/image0-9x12.jpeg 9w, https:\/\/puc-africa.de\/wp-content\/uploads\/2025\/06\/image0-640x827.jpeg 640w\" sizes=\"auto, (max-width: 990px) 100vw, 990px\" \/><figcaption class=\"wp-element-caption\">Dr. Christine Montag 1. Vorsitzende<\/figcaption><\/figure>\n\n\n\n<figure class=\"wp-block-image size-large\"><img loading=\"lazy\" decoding=\"async\" width=\"442\" height=\"544\" data-id=\"918\" src=\"https:\/\/puc-africa.de\/wp-content\/uploads\/2025\/08\/06f54a93-e863-4906-8d49-80ee386178e9.jpeg\" alt=\"\" class=\"wp-image-918\" srcset=\"https:\/\/puc-africa.de\/wp-content\/uploads\/2025\/08\/06f54a93-e863-4906-8d49-80ee386178e9.jpeg 442w, https:\/\/puc-africa.de\/wp-content\/uploads\/2025\/08\/06f54a93-e863-4906-8d49-80ee386178e9-244x300.jpeg 244w, https:\/\/puc-africa.de\/wp-content\/uploads\/2025\/08\/06f54a93-e863-4906-8d49-80ee386178e9-10x12.jpeg 10w\" sizes=\"auto, (max-width: 442px) 100vw, 442px\" \/><figcaption class=\"wp-element-caption\">Christine Burkhard, stellv. Vorsitzende<\/figcaption><\/figure>\n<\/figure>\n\n\n\n<p><br>In (Kassenwartin)<br><br><strong>Kontaktadresse:<\/strong> Dr. Christine Montag, Deezb\u00fcller Str. 11, 25920 Risum-Lindholm, <a href=\"mailto:info@puc-africa.de\">info@puc-africa.de<\/a><\/p>\n\n\n\n<div class=\"wp-block-columns is-layout-flex wp-container-core-columns-is-layout-9d6595d7 wp-block-columns-is-layout-flex\">\n<div class=\"wp-block-column is-layout-flow wp-block-column-is-layout-flow\"><ul class=\"wp-block-latest-posts__list wp-block-latest-posts\"><li><a class=\"wp-block-latest-posts__post-title\" href=\"http:\/\/puc-africa.de\/de_de\/ueber-uns\/vorstand\/mitgliedschaft\/\">Mitgliedschaft<\/a><\/li>\n<li><a class=\"wp-block-latest-posts__post-title\" href=\"http:\/\/puc-africa.de\/de_de\/ueber-uns\/vorstand\/unsere-partner\/\">Unsere Partner<\/a><\/li>\n<li><a class=\"wp-block-latest-posts__post-title\" href=\"http:\/\/puc-africa.de\/de_de\/ueber-uns\/vorstand\/vereinsziele\/\">Vereinsziele<\/a><\/li>\n<li><a class=\"wp-block-latest-posts__post-title\" href=\"http:\/\/puc-africa.de\/de_de\/ueber-uns\/satzung-neu\/\">Satzung<\/a><\/li>\n<\/ul><\/div>\n\n\n\n<div class=\"wp-block-column is-layout-flow wp-block-column-is-layout-flow\"><ul class=\"wp-block-latest-posts__list wp-block-latest-posts\"><li><a class=\"wp-block-latest-posts__post-title\" href=\"http:\/\/puc-africa.de\/de_de\/ueber-uns\/jahresbericht-2023\/\">Jahresbericht 2023<\/a><\/li>\n<li><a class=\"wp-block-latest-posts__post-title\" href=\"http:\/\/puc-africa.de\/de_de\/ueber-uns\/jahresbericht-2021-22\/\">Jahresbericht 2021\/22<\/a><\/li>\n<li><a class=\"wp-block-latest-posts__post-title\" href=\"http:\/\/puc-africa.de\/de_de\/ueber-uns\/jahresbericht-2019-20\/\">Jahresbericht 2019\/20<\/a><\/li>\n<li><a class=\"wp-block-latest-posts__post-title\" href=\"http:\/\/puc-africa.de\/de_de\/ueber-uns\/jahresberichte\/\">Jahresbericht 2018<\/a><\/li>\n<li><a class=\"wp-block-latest-posts__post-title\" href=\"http:\/\/puc-africa.de\/de_de\/ueber-uns\/jahresbericht-2017\/\">Jahresbericht 2017<\/a><\/li>\n<\/ul><\/div>\n<\/div>\n\n\n\n<hr class=\"wp-block-separator has-alpha-channel-opacity\"\/>\n\n\n\n<h2 class=\"wp-block-heading\">\u00d6ffentlichkeitsarbeit <\/h2>\n\n\n<ul class=\"wp-block-latest-posts__list has-dates wp-block-latest-posts\"><li><div class=\"wp-block-latest-posts__featured-image alignleft\"><img loading=\"lazy\" decoding=\"async\" width=\"1024\" height=\"771\" src=\"https:\/\/puc-africa.de\/wp-content\/uploads\/2026\/02\/RP-1024x771.png\" class=\"attachment-large size-large wp-post-image\" alt=\"\" style=\"max-width:250px;\" srcset=\"https:\/\/puc-africa.de\/wp-content\/uploads\/2026\/02\/RP-1024x771.png 1024w, https:\/\/puc-africa.de\/wp-content\/uploads\/2026\/02\/RP-300x226.png 300w, https:\/\/puc-africa.de\/wp-content\/uploads\/2026\/02\/RP-768x578.png 768w, https:\/\/puc-africa.de\/wp-content\/uploads\/2026\/02\/RP-16x12.png 16w, https:\/\/puc-africa.de\/wp-content\/uploads\/2026\/02\/RP-640x482.png 640w, https:\/\/puc-africa.de\/wp-content\/uploads\/2026\/02\/RP.png 1257w\" sizes=\"auto, (max-width: 1024px) 100vw, 1024px\" \/><\/div><a class=\"wp-block-latest-posts__post-title\" href=\"http:\/\/puc-africa.de\/de_de\/ueber-uns\/oeffentlichkeitsarbeit\/rheinpfalz-insel-der-witwen\/\">RHEINPFALZ: Insel der Witwen<\/a><time datetime=\"2026-02-17T17:37:58+01:00\" class=\"wp-block-latest-posts__post-date\">17. Februar 2026<\/time><div class=\"wp-block-latest-posts__post-excerpt\">Ver\u00f6ffentlichung in der Rheinpfalz am Sonntag (Januar 2026)<\/div><\/li>\n<li><div class=\"wp-block-latest-posts__featured-image alignleft\"><img loading=\"lazy\" decoding=\"async\" width=\"1024\" height=\"692\" src=\"https:\/\/puc-africa.de\/wp-content\/uploads\/2026\/02\/fischer-1024x692.png\" class=\"attachment-large size-large wp-post-image\" alt=\"\" style=\"max-width:250px;\" srcset=\"https:\/\/puc-africa.de\/wp-content\/uploads\/2026\/02\/fischer-1024x692.png 1024w, https:\/\/puc-africa.de\/wp-content\/uploads\/2026\/02\/fischer-300x203.png 300w, https:\/\/puc-africa.de\/wp-content\/uploads\/2026\/02\/fischer-768x519.png 768w, https:\/\/puc-africa.de\/wp-content\/uploads\/2026\/02\/fischer-18x12.png 18w, https:\/\/puc-africa.de\/wp-content\/uploads\/2026\/02\/fischer-640x432.png 640w, https:\/\/puc-africa.de\/wp-content\/uploads\/2026\/02\/fischer.png 1081w\" sizes=\"auto, (max-width: 1024px) 100vw, 1024px\" \/><\/div><a class=\"wp-block-latest-posts__post-title\" href=\"http:\/\/puc-africa.de\/de_de\/ueber-uns\/oeffentlichkeitsarbeit\/journal-insel-der-witwen\/\">JOURNAL: Insel der Witwen<\/a><time datetime=\"2026-02-17T17:33:08+01:00\" class=\"wp-block-latest-posts__post-date\">17. Februar 2026<\/time><div class=\"wp-block-latest-posts__post-excerpt\">Ver\u00f6ffentlichung im Journal am Wochenende im Januar 2026<\/div><\/li>\n<li><div class=\"wp-block-latest-posts__featured-image alignleft\"><img loading=\"lazy\" decoding=\"async\" width=\"1024\" height=\"774\" src=\"https:\/\/puc-africa.de\/wp-content\/uploads\/2026\/02\/forum-1024x774.png\" class=\"attachment-large size-large wp-post-image\" alt=\"\" style=\"max-width:250px;\" srcset=\"https:\/\/puc-africa.de\/wp-content\/uploads\/2026\/02\/forum-1024x774.png 1024w, https:\/\/puc-africa.de\/wp-content\/uploads\/2026\/02\/forum-300x227.png 300w, https:\/\/puc-africa.de\/wp-content\/uploads\/2026\/02\/forum-768x580.png 768w, https:\/\/puc-africa.de\/wp-content\/uploads\/2026\/02\/forum-16x12.png 16w, https:\/\/puc-africa.de\/wp-content\/uploads\/2026\/02\/forum-640x484.png 640w, https:\/\/puc-africa.de\/wp-content\/uploads\/2026\/02\/forum.png 1081w\" sizes=\"auto, (max-width: 1024px) 100vw, 1024px\" \/><\/div><a class=\"wp-block-latest-posts__post-title\" href=\"http:\/\/puc-africa.de\/de_de\/ueber-uns\/oeffentlichkeitsarbeit\/insel-der-witwen-2\/\">FORUM: Insel der Witwen<\/a><time datetime=\"2026-02-17T17:25:30+01:00\" class=\"wp-block-latest-posts__post-date\">17. Februar 2026<\/time><div class=\"wp-block-latest-posts__post-excerpt\">Ver\u00f6ffentlichung in der Zeitschrift FORUM am 2. Januar 2026<\/div><\/li>\n<li><div class=\"wp-block-latest-posts__featured-image alignleft\"><img loading=\"lazy\" decoding=\"async\" width=\"1024\" height=\"739\" src=\"https:\/\/puc-africa.de\/wp-content\/uploads\/2025\/11\/inseld-erwitwen-1024x739.png\" class=\"attachment-large size-large wp-post-image\" alt=\"\" style=\"max-width:250px;\" srcset=\"https:\/\/puc-africa.de\/wp-content\/uploads\/2025\/11\/inseld-erwitwen-1024x739.png 1024w, https:\/\/puc-africa.de\/wp-content\/uploads\/2025\/11\/inseld-erwitwen-300x216.png 300w, https:\/\/puc-africa.de\/wp-content\/uploads\/2025\/11\/inseld-erwitwen-768x554.png 768w, https:\/\/puc-africa.de\/wp-content\/uploads\/2025\/11\/inseld-erwitwen-18x12.png 18w, https:\/\/puc-africa.de\/wp-content\/uploads\/2025\/11\/inseld-erwitwen-640x462.png 640w, https:\/\/puc-africa.de\/wp-content\/uploads\/2025\/11\/inseld-erwitwen.png 1260w\" sizes=\"auto, (max-width: 1024px) 100vw, 1024px\" \/><\/div><a class=\"wp-block-latest-posts__post-title\" href=\"http:\/\/puc-africa.de\/de_de\/projekte\/bildung\/inselschule-shadrob\/wenn-ein-fisch-ein-ganzes-land-bewegt\/\">Wenn ein Fisch ein ganzes Land bewegt<\/a><time datetime=\"2025-11-23T15:44:26+01:00\" class=\"wp-block-latest-posts__post-date\">23. November 2025<\/time><div class=\"wp-block-latest-posts__post-excerpt\">Gemeinsam mit Autor Patrick Witte und Fotograf Sascha Montag f\u00fchrt die Reise nach Uganda \u2013 auf die Insel Lolwe &#8211; dorthin, wo das Fangverbot f\u00fcr den Viktoria-Barsch tiefe Spuren hinterl\u00e4sst.\u2026\u00a0<a class=\"wp-block-latest-posts__read-more\" href=\"http:\/\/puc-africa.de\/de_de\/projekte\/bildung\/inselschule-shadrob\/wenn-ein-fisch-ein-ganzes-land-bewegt\/\" rel=\"noopener noreferrer\"><span class=\"screen-reader-text\">Wenn ein Fisch ein ganzes Land bewegt <\/span>weiterlesen<\/a><\/div><\/li>\n<li><div class=\"wp-block-latest-posts__featured-image alignleft\"><img loading=\"lazy\" decoding=\"async\" width=\"1024\" height=\"934\" src=\"https:\/\/puc-africa.de\/wp-content\/uploads\/2025\/08\/543f3a4c-14a3-496d-b5b4-84068a332213-1-1024x934.jpeg\" class=\"attachment-large size-large wp-post-image\" alt=\"\" style=\"max-width:250px;\" srcset=\"https:\/\/puc-africa.de\/wp-content\/uploads\/2025\/08\/543f3a4c-14a3-496d-b5b4-84068a332213-1-1024x934.jpeg 1024w, https:\/\/puc-africa.de\/wp-content\/uploads\/2025\/08\/543f3a4c-14a3-496d-b5b4-84068a332213-1-300x274.jpeg 300w, https:\/\/puc-africa.de\/wp-content\/uploads\/2025\/08\/543f3a4c-14a3-496d-b5b4-84068a332213-1-768x701.jpeg 768w, https:\/\/puc-africa.de\/wp-content\/uploads\/2025\/08\/543f3a4c-14a3-496d-b5b4-84068a332213-1-13x12.jpeg 13w, https:\/\/puc-africa.de\/wp-content\/uploads\/2025\/08\/543f3a4c-14a3-496d-b5b4-84068a332213-1-640x584.jpeg 640w, https:\/\/puc-africa.de\/wp-content\/uploads\/2025\/08\/543f3a4c-14a3-496d-b5b4-84068a332213-1.jpeg 1229w\" sizes=\"auto, (max-width: 1024px) 100vw, 1024px\" \/><\/div><a class=\"wp-block-latest-posts__post-title\" href=\"http:\/\/puc-africa.de\/de_de\/ueber-uns\/oeffentlichkeitsarbeit\/erfolgreicher-spendenlauf-in-muenster\/\">Erfolgreicher Spendenlauf in M\u00fcnster<\/a><time datetime=\"2025-08-29T11:55:46+02:00\" class=\"wp-block-latest-posts__post-date\">29. August 2025<\/time><div class=\"wp-block-latest-posts__post-excerpt\">Am 10.8.25 haben die Tagtr\u00e4umer M\u00fcnster einen Spendenlauf organisiert. Gegen eine Teilnahmegeb\u00fchr auf Spendenbasis konnten alle mitmachen und so viele 400 m Runden laufen, wie sie konnten! Vor Ort gab\u2026\u00a0<a class=\"wp-block-latest-posts__read-more\" href=\"http:\/\/puc-africa.de\/de_de\/ueber-uns\/oeffentlichkeitsarbeit\/erfolgreicher-spendenlauf-in-muenster\/\" rel=\"noopener noreferrer\"><span class=\"screen-reader-text\">Erfolgreicher Spendenlauf in M\u00fcnster <\/span>weiterlesen<\/a><\/div><\/li>\n<li><div class=\"wp-block-latest-posts__featured-image alignleft\"><img loading=\"lazy\" decoding=\"async\" width=\"511\" height=\"363\" src=\"https:\/\/puc-africa.de\/wp-content\/uploads\/2025\/08\/Screenshot-2025-08-25-174924.jpg\" class=\"attachment-large size-large wp-post-image\" alt=\"\" style=\"max-width:250px;\" srcset=\"https:\/\/puc-africa.de\/wp-content\/uploads\/2025\/08\/Screenshot-2025-08-25-174924.jpg 511w, https:\/\/puc-africa.de\/wp-content\/uploads\/2025\/08\/Screenshot-2025-08-25-174924-300x213.jpg 300w, https:\/\/puc-africa.de\/wp-content\/uploads\/2025\/08\/Screenshot-2025-08-25-174924-18x12.jpg 18w\" sizes=\"auto, (max-width: 511px) 100vw, 511px\" \/><\/div><a class=\"wp-block-latest-posts__post-title\" href=\"http:\/\/puc-africa.de\/de_de\/projekte\/bildung\/inselschule-shadrob\/insel-der-witwen\/\">NZZ: Insel der Witwen<\/a><time datetime=\"2025-08-25T17:52:43+02:00\" class=\"wp-block-latest-posts__post-date\">25. August 2025<\/time><div class=\"wp-block-latest-posts__post-excerpt\">NZZ, 9.8.25: Der zweitgr\u00f6sste S\u00fcsswassersee dieser Welt dient dreissig Millionen Menschen als Lebensquelle \u2014und zieht Tausende Fischer in den Tod. Ein Besuch auf der afrikanischen Insel Lolwe in Uganda.<\/div><\/li>\n<li><div class=\"wp-block-latest-posts__featured-image alignleft\"><img loading=\"lazy\" decoding=\"async\" width=\"520\" height=\"390\" src=\"https:\/\/puc-africa.de\/wp-content\/uploads\/2025\/06\/image2-13.jpg\" class=\"attachment-large size-large wp-post-image\" alt=\"\" style=\"max-width:250px;\" srcset=\"https:\/\/puc-africa.de\/wp-content\/uploads\/2025\/06\/image2-13.jpg 520w, https:\/\/puc-africa.de\/wp-content\/uploads\/2025\/06\/image2-13-300x225.jpg 300w, https:\/\/puc-africa.de\/wp-content\/uploads\/2025\/06\/image2-13-16x12.jpg 16w\" sizes=\"auto, (max-width: 520px) 100vw, 520px\" \/><\/div><a class=\"wp-block-latest-posts__post-title\" href=\"http:\/\/puc-africa.de\/de_de\/allgemein\/aktion-tagtraeumer-in-muenster\/\">Aktion Tagtr\u00e4umer in M\u00fcnster<\/a><time datetime=\"2025-03-13T16:39:00+01:00\" class=\"wp-block-latest-posts__post-date\">13. M\u00e4rz 2025<\/time><div class=\"wp-block-latest-posts__post-excerpt\">Eine tagtraeumerin selbst vor Ort Im Fr\u00fchjahr 2020 war Laura Grohnert von uns tagtraeumern mit einer Freundin als Physiotherapeutin im St. Joseph Orthopedic Health Center. In dieser Zeit sammelte sie\u2026\u00a0<a class=\"wp-block-latest-posts__read-more\" href=\"http:\/\/puc-africa.de\/de_de\/allgemein\/aktion-tagtraeumer-in-muenster\/\" rel=\"noopener noreferrer\"><span class=\"screen-reader-text\">Aktion Tagtr\u00e4umer in M\u00fcnster <\/span>weiterlesen<\/a><\/div><\/li>\n<li><div class=\"wp-block-latest-posts__featured-image alignleft\"><img loading=\"lazy\" decoding=\"async\" width=\"367\" height=\"307\" src=\"https:\/\/puc-africa.de\/wp-content\/uploads\/2025\/06\/Screenshot-2025-06-12-112618.jpg\" class=\"attachment-large size-large wp-post-image\" alt=\"\" style=\"max-width:250px;\" srcset=\"https:\/\/puc-africa.de\/wp-content\/uploads\/2025\/06\/Screenshot-2025-06-12-112618.jpg 367w, https:\/\/puc-africa.de\/wp-content\/uploads\/2025\/06\/Screenshot-2025-06-12-112618-300x251.jpg 300w, https:\/\/puc-africa.de\/wp-content\/uploads\/2025\/06\/Screenshot-2025-06-12-112618-14x12.jpg 14w\" sizes=\"auto, (max-width: 367px) 100vw, 367px\" \/><\/div><a class=\"wp-block-latest-posts__post-title\" href=\"http:\/\/puc-africa.de\/de_de\/ueber-uns\/oeffentlichkeitsarbeit\/praxis-in-uganda\/\">Praxis in Uganda<\/a><time datetime=\"2019-06-12T11:27:14+02:00\" class=\"wp-block-latest-posts__post-date\">12. Juni 2019<\/time><div class=\"wp-block-latest-posts__post-excerpt\">Reportage im Vet-consult-Magazin 1\/2019: Eine praktizierende Tier\u00e4rztin und dreifache Mutter berichtet \u00fcber den Kampf gegen das Ostk\u00fcstenfieber.<\/div><\/li>\n<li><div class=\"wp-block-latest-posts__featured-image alignleft\"><img loading=\"lazy\" decoding=\"async\" width=\"268\" height=\"400\" src=\"https:\/\/puc-africa.de\/wp-content\/uploads\/2025\/06\/Waschbecken.jpg\" class=\"attachment-large size-large wp-post-image\" alt=\"\" style=\"max-width:250px;\" srcset=\"https:\/\/puc-africa.de\/wp-content\/uploads\/2025\/06\/Waschbecken.jpg 268w, https:\/\/puc-africa.de\/wp-content\/uploads\/2025\/06\/Waschbecken-201x300.jpg 201w, https:\/\/puc-africa.de\/wp-content\/uploads\/2025\/06\/Waschbecken-8x12.jpg 8w\" sizes=\"auto, (max-width: 268px) 100vw, 268px\" \/><\/div><a class=\"wp-block-latest-posts__post-title\" href=\"http:\/\/puc-africa.de\/de_de\/ueber-uns\/oeffentlichkeitsarbeit\/norddeutsche-helfen-in-uganda\/\">Wo ein stilles \u00d6rtchen Luxus ist<\/a><time datetime=\"2019-04-12T11:47:20+02:00\" class=\"wp-block-latest-posts__post-date\">12. April 2019<\/time><div class=\"wp-block-latest-posts__post-excerpt\">shz\/Nordfriesland Tageblatt vom 7.2.2019: Mit einem District Grant unterst\u00fctzen die RCs Nieb\u00fcll, Husum und Hamburg-Dammtor eine Schule mit \u00fcber 500 Sch\u00fclern in Uganda: Die Rotarier brachten das Geld f\u00fcr zwei\u2026\u00a0<a class=\"wp-block-latest-posts__read-more\" href=\"http:\/\/puc-africa.de\/de_de\/ueber-uns\/oeffentlichkeitsarbeit\/norddeutsche-helfen-in-uganda\/\" rel=\"noopener noreferrer\"><span class=\"screen-reader-text\">Wo ein stilles \u00d6rtchen Luxus ist <\/span>weiterlesen<\/a><\/div><\/li>\n<li><div class=\"wp-block-latest-posts__featured-image alignleft\"><img loading=\"lazy\" decoding=\"async\" width=\"710\" height=\"400\" src=\"https:\/\/puc-africa.de\/wp-content\/uploads\/2025\/06\/doggi.jpg\" class=\"attachment-large size-large wp-post-image\" alt=\"\" style=\"max-width:250px;\" srcset=\"https:\/\/puc-africa.de\/wp-content\/uploads\/2025\/06\/doggi.jpg 710w, https:\/\/puc-africa.de\/wp-content\/uploads\/2025\/06\/doggi-300x169.jpg 300w, https:\/\/puc-africa.de\/wp-content\/uploads\/2025\/06\/doggi-18x10.jpg 18w, https:\/\/puc-africa.de\/wp-content\/uploads\/2025\/06\/doggi-640x361.jpg 640w\" sizes=\"auto, (max-width: 710px) 100vw, 710px\" \/><\/div><a class=\"wp-block-latest-posts__post-title\" href=\"http:\/\/puc-africa.de\/de_de\/ueber-uns\/oeffentlichkeitsarbeit\/tieraerzte-helfen-gegen-den-hunger-in-afrika\/\">Tier\u00e4rzte helfen &#8211; gegen den Hunger in Afrika<\/a><time datetime=\"2017-07-12T12:11:21+02:00\" class=\"wp-block-latest-posts__post-date\">12. Juli 2017<\/time><div class=\"wp-block-latest-posts__post-excerpt\">Webportal Wir sind Tierarzt 2017: Kollegin Dr. Christine Montag\u00a0unterst\u00fctzt im Osten Ugandas, eine junge Tierarztpraxis, einen Zusammenschluss aus Tier\u00e4rzten und Gesundheitshelfern. F\u00fcr die Versorgung der zahlreichen Nutz- und Haustiere in\u2026\u00a0<a class=\"wp-block-latest-posts__read-more\" href=\"http:\/\/puc-africa.de\/de_de\/ueber-uns\/oeffentlichkeitsarbeit\/tieraerzte-helfen-gegen-den-hunger-in-afrika\/\" rel=\"noopener noreferrer\"><span class=\"screen-reader-text\">Tier\u00e4rzte helfen &#8211; gegen den Hunger in Afrika <\/span>weiterlesen<\/a><\/div><\/li>\n<li><div class=\"wp-block-latest-posts__featured-image alignleft\"><img loading=\"lazy\" decoding=\"async\" width=\"420\" height=\"390\" src=\"https:\/\/puc-africa.de\/wp-content\/uploads\/2025\/06\/image00.jpg\" class=\"attachment-large size-large wp-post-image\" alt=\"\" style=\"max-width:250px;\" srcset=\"https:\/\/puc-africa.de\/wp-content\/uploads\/2025\/06\/image00.jpg 420w, https:\/\/puc-africa.de\/wp-content\/uploads\/2025\/06\/image00-300x279.jpg 300w, https:\/\/puc-africa.de\/wp-content\/uploads\/2025\/06\/image00-13x12.jpg 13w\" sizes=\"auto, (max-width: 420px) 100vw, 420px\" \/><\/div><a class=\"wp-block-latest-posts__post-title\" href=\"http:\/\/puc-africa.de\/de_de\/ueber-uns\/oeffentlichkeitsarbeit\/ehrenamtsmesse\/\">Ehrenamtsmesse<\/a><time datetime=\"2017-06-12T12:09:01+02:00\" class=\"wp-block-latest-posts__post-date\">12. Juni 2017<\/time><div class=\"wp-block-latest-posts__post-excerpt\">Nordfriesland Tageblatt: Auf der ersten Ehrenamtsmesse f\u00fcr das Amt S\u00fcdtondern stellten wir unser Engagement f\u00fcr die Menschen und Tiere in Afrika vor. Der attraktive Stand und typischer Porridge zum Probieren\u2026\u00a0<a class=\"wp-block-latest-posts__read-more\" href=\"http:\/\/puc-africa.de\/de_de\/ueber-uns\/oeffentlichkeitsarbeit\/ehrenamtsmesse\/\" rel=\"noopener noreferrer\"><span class=\"screen-reader-text\">Ehrenamtsmesse <\/span>weiterlesen<\/a><\/div><\/li>\n<\/ul>\n\n\n<p><\/p>\n","protected":false},"excerpt":{"rendered":"<p>Die Vorstandsfrauen In (Kassenwartin) Kontaktadresse: Dr. Christine Montag, Deezb\u00fcller Str. 11, 25920 Risum-Lindholm, info@puc-africa.de \u00d6ffentlichkeitsarbeit<\/p>\n","protected":false},"author":1,"featured_media":320,"parent":0,"menu_order":0,"comment_status":"closed","ping_status":"closed","template":"","meta":{"ocean_post_layout":"","ocean_both_sidebars_style":"","ocean_both_sidebars_content_width":0,"ocean_both_sidebars_sidebars_width":0,"ocean_sidebar":"","ocean_second_sidebar":"","ocean_disable_margins":"enable","ocean_add_body_class":"","ocean_shortcode_before_top_bar":"","ocean_shortcode_after_top_bar":"","ocean_shortcode_before_header":"","ocean_shortcode_after_header":"","ocean_has_shortcode":"","ocean_shortcode_after_title":"","ocean_shortcode_before_footer_widgets":"","ocean_shortcode_after_footer_widgets":"","ocean_shortcode_before_footer_bottom":"","ocean_shortcode_after_footer_bottom":"","ocean_display_top_bar":"default","ocean_display_header":"default","ocean_header_style":"","ocean_center_header_left_menu":"","ocean_custom_header_template":"","ocean_custom_logo":0,"ocean_custom_retina_logo":0,"ocean_custom_logo_max_width":0,"ocean_custom_logo_tablet_max_width":0,"ocean_custom_logo_mobile_max_width":0,"ocean_custom_logo_max_height":0,"ocean_custom_logo_tablet_max_height":0,"ocean_custom_logo_mobile_max_height":0,"ocean_header_custom_menu":"","ocean_menu_typo_font_family":"","ocean_menu_typo_font_subset":"","ocean_menu_typo_font_size":0,"ocean_menu_typo_font_size_tablet":0,"ocean_menu_typo_font_size_mobile":0,"ocean_menu_typo_font_size_unit":"px","ocean_menu_typo_font_weight":"","ocean_menu_typo_font_weight_tablet":"","ocean_menu_typo_font_weight_mobile":"","ocean_menu_typo_transform":"","ocean_menu_typo_transform_tablet":"","ocean_menu_typo_transform_mobile":"","ocean_menu_typo_line_height":0,"ocean_menu_typo_line_height_tablet":0,"ocean_menu_typo_line_height_mobile":0,"ocean_menu_typo_line_height_unit":"","ocean_menu_typo_spacing":0,"ocean_menu_typo_spacing_tablet":0,"ocean_menu_typo_spacing_mobile":0,"ocean_menu_typo_spacing_unit":"","ocean_menu_link_color":"","ocean_menu_link_color_hover":"","ocean_menu_link_color_active":"","ocean_menu_link_background":"","ocean_menu_link_hover_background":"","ocean_menu_link_active_background":"","ocean_menu_social_links_bg":"","ocean_menu_social_hover_links_bg":"","ocean_menu_social_links_color":"","ocean_menu_social_hover_links_color":"","ocean_disable_title":"default","ocean_disable_heading":"default","ocean_post_title":"","ocean_post_subheading":"","ocean_post_title_style":"","ocean_post_title_background_color":"","ocean_post_title_background":0,"ocean_post_title_bg_image_position":"","ocean_post_title_bg_image_attachment":"","ocean_post_title_bg_image_repeat":"","ocean_post_title_bg_image_size":"","ocean_post_title_height":0,"ocean_post_title_bg_overlay":0.5,"ocean_post_title_bg_overlay_color":"","ocean_disable_breadcrumbs":"default","ocean_breadcrumbs_color":"","ocean_breadcrumbs_separator_color":"","ocean_breadcrumbs_links_color":"","ocean_breadcrumbs_links_hover_color":"","ocean_display_footer_widgets":"default","ocean_display_footer_bottom":"default","ocean_custom_footer_template":"","footnotes":""},"class_list":["post-13","page","type-page","status-publish","has-post-thumbnail","hentry","entry","has-media"],"_links":{"self":[{"href":"http:\/\/puc-africa.de\/de_de\/wp-json\/wp\/v2\/pages\/13","targetHints":{"allow":["GET"]}}],"collection":[{"href":"http:\/\/puc-africa.de\/de_de\/wp-json\/wp\/v2\/pages"}],"about":[{"href":"http:\/\/puc-africa.de\/de_de\/wp-json\/wp\/v2\/types\/page"}],"author":[{"embeddable":true,"href":"http:\/\/puc-africa.de\/de_de\/wp-json\/wp\/v2\/users\/1"}],"replies":[{"embeddable":true,"href":"http:\/\/puc-africa.de\/de_de\/wp-json\/wp\/v2\/comments?post=13"}],"version-history":[{"count":44,"href":"http:\/\/puc-africa.de\/de_de\/wp-json\/wp\/v2\/pages\/13\/revisions"}],"predecessor-version":[{"id":920,"href":"http:\/\/puc-africa.de\/de_de\/wp-json\/wp\/v2\/pages\/13\/revisions\/920"}],"wp:featuredmedia":[{"embeddable":true,"href":"http:\/\/puc-africa.de\/de_de\/wp-json\/wp\/v2\/media\/320"}],"wp:attachment":[{"href":"http:\/\/puc-africa.de\/de_de\/wp-json\/wp\/v2\/media?parent=13"}],"curies":[{"name":"wp","href":"https:\/\/api.w.org\/{rel}","templated":true}]}}