{"id":23,"date":"2025-05-11T11:42:34","date_gmt":"2025-05-11T09:42:34","guid":{"rendered":"https:\/\/puc-africa.de\/?page_id=23"},"modified":"2026-03-01T14:54:34","modified_gmt":"2026-03-01T13:54:34","slug":"start","status":"publish","type":"page","link":"http:\/\/puc-africa.de\/de_de\/","title":{"rendered":"Start"},"content":{"rendered":"\n<h2 class=\"wp-block-heading has-large-font-size\">Wir helfen in Uganda und Tansania!<\/h2>\n\n\n\n<p>PUC-Africa e.V. ist ein gemeinn\u00fctziger Verein, der Schulen, ein orthop\u00e4disches Zentrum und die Tiergesundheit in Ostafrika unterst\u00fctzt. Klicken Sie sich gern durch unsere <a href=\"https:\/\/puc-africa.de\/projekte\/\" data-type=\"page\" data-id=\"9\">Projekte<\/a>. Wenn Sie <a href=\"https:\/\/puc-africa.de\/helfen\/\" data-type=\"page\" data-id=\"11\">mithelfen<\/a> wollen, k\u00f6nnen Sie spenden, Mitglied werden oder eine Patenschaft \u00fcbernehmen. Gern beantworten wir Ihre Fragen! Ihre Dr. Christine Montag, PUC-Team, <a href=\"mailto:info@puc-africa.de\"><strong>info@puc-africa.de<\/strong><\/a><\/p>\n\n\n\n<h3 class=\"wp-block-heading\"><strong>Aktuelles<\/strong> &amp; Projektinfos<\/h3>\n\n\n<ul class=\"wp-block-latest-posts__list has-dates wp-block-latest-posts\"><li><div class=\"wp-block-latest-posts__featured-image alignleft\"><img loading=\"lazy\" decoding=\"async\" width=\"300\" height=\"135\" src=\"https:\/\/puc-africa.de\/wp-content\/uploads\/2026\/04\/WhatsApp-Image-2026-04-03-at-10.13.23-300x135.jpeg\" class=\"attachment-medium size-medium wp-post-image\" alt=\"\" style=\"\" srcset=\"https:\/\/puc-africa.de\/wp-content\/uploads\/2026\/04\/WhatsApp-Image-2026-04-03-at-10.13.23-300x135.jpeg 300w, https:\/\/puc-africa.de\/wp-content\/uploads\/2026\/04\/WhatsApp-Image-2026-04-03-at-10.13.23-768x346.jpeg 768w, https:\/\/puc-africa.de\/wp-content\/uploads\/2026\/04\/WhatsApp-Image-2026-04-03-at-10.13.23-18x8.jpeg 18w, https:\/\/puc-africa.de\/wp-content\/uploads\/2026\/04\/WhatsApp-Image-2026-04-03-at-10.13.23-640x288.jpeg 640w, https:\/\/puc-africa.de\/wp-content\/uploads\/2026\/04\/WhatsApp-Image-2026-04-03-at-10.13.23.jpeg 960w\" sizes=\"auto, (max-width: 300px) 100vw, 300px\" \/><\/div><a class=\"wp-block-latest-posts__post-title\" href=\"http:\/\/puc-africa.de\/de_de\/allgemein\/baufortschritt-schulneubau-iganga\/\">Baufortschritt Schulneubau Iganga<\/a><time datetime=\"2026-04-15T14:34:45+02:00\" class=\"wp-block-latest-posts__post-date\">15. April 2026<\/time><div class=\"wp-block-latest-posts__post-excerpt\">In Iganga wird flei\u00dfig gebaut. Seht selbst, wie es dort jetzt aussieht.<\/div><\/li>\n<li><div class=\"wp-block-latest-posts__featured-image alignleft\"><img loading=\"lazy\" decoding=\"async\" width=\"300\" height=\"169\" src=\"https:\/\/puc-africa.de\/wp-content\/uploads\/2026\/04\/WhatsApp-Image-2026-04-03-at-10.06.21-300x169.jpeg\" class=\"attachment-medium size-medium wp-post-image\" alt=\"\" style=\"\" srcset=\"https:\/\/puc-africa.de\/wp-content\/uploads\/2026\/04\/WhatsApp-Image-2026-04-03-at-10.06.21-300x169.jpeg 300w, https:\/\/puc-africa.de\/wp-content\/uploads\/2026\/04\/WhatsApp-Image-2026-04-03-at-10.06.21-768x432.jpeg 768w, https:\/\/puc-africa.de\/wp-content\/uploads\/2026\/04\/WhatsApp-Image-2026-04-03-at-10.06.21-18x10.jpeg 18w, https:\/\/puc-africa.de\/wp-content\/uploads\/2026\/04\/WhatsApp-Image-2026-04-03-at-10.06.21-800x450.jpeg 800w, https:\/\/puc-africa.de\/wp-content\/uploads\/2026\/04\/WhatsApp-Image-2026-04-03-at-10.06.21-640x360.jpeg 640w, https:\/\/puc-africa.de\/wp-content\/uploads\/2026\/04\/WhatsApp-Image-2026-04-03-at-10.06.21.jpeg 1020w\" sizes=\"auto, (max-width: 300px) 100vw, 300px\" \/><\/div><a class=\"wp-block-latest-posts__post-title\" href=\"http:\/\/puc-africa.de\/de_de\/projekte\/bildung\/schule-iganga\/sicherer-schulweg\/\">Sicherer Schulweg<\/a><time datetime=\"2026-04-15T14:27:27+02:00\" class=\"wp-block-latest-posts__post-date\">15. April 2026<\/time><div class=\"wp-block-latest-posts__post-excerpt\">Florence, die Schulleiterin erz\u00e4hlt, dass sie bei der Durchsicht ihrer Fotos ein Bild gefunden hat, das sie im letzten Schuljahr selbst mit meinem Handy aufgenommen habe. Es zeigt einen Vater,\u2026\u00a0<a class=\"wp-block-latest-posts__read-more\" href=\"http:\/\/puc-africa.de\/de_de\/projekte\/bildung\/schule-iganga\/sicherer-schulweg\/\" rel=\"noopener noreferrer\"><span class=\"screen-reader-text\">Sicherer Schulweg <\/span>weiterlesen<\/a><\/div><\/li>\n<li><div class=\"wp-block-latest-posts__featured-image alignleft\"><img loading=\"lazy\" decoding=\"async\" width=\"300\" height=\"247\" src=\"https:\/\/puc-africa.de\/wp-content\/uploads\/2026\/03\/WhatsApp-Image-2026-03-01-at-20.55.10-300x247.jpeg\" class=\"attachment-medium size-medium wp-post-image\" alt=\"\" style=\"\" srcset=\"https:\/\/puc-africa.de\/wp-content\/uploads\/2026\/03\/WhatsApp-Image-2026-03-01-at-20.55.10-300x247.jpeg 300w, https:\/\/puc-africa.de\/wp-content\/uploads\/2026\/03\/WhatsApp-Image-2026-03-01-at-20.55.10-1024x843.jpeg 1024w, https:\/\/puc-africa.de\/wp-content\/uploads\/2026\/03\/WhatsApp-Image-2026-03-01-at-20.55.10-768x633.jpeg 768w, https:\/\/puc-africa.de\/wp-content\/uploads\/2026\/03\/WhatsApp-Image-2026-03-01-at-20.55.10-15x12.jpeg 15w, https:\/\/puc-africa.de\/wp-content\/uploads\/2026\/03\/WhatsApp-Image-2026-03-01-at-20.55.10-640x527.jpeg 640w, https:\/\/puc-africa.de\/wp-content\/uploads\/2026\/03\/WhatsApp-Image-2026-03-01-at-20.55.10.jpeg 1536w\" sizes=\"auto, (max-width: 300px) 100vw, 300px\" \/><\/div><a class=\"wp-block-latest-posts__post-title\" href=\"http:\/\/puc-africa.de\/de_de\/projekte\/gesundheit\/orthopaedie-st-josephs\/neue-maschinen-fuer-die-werkstatt\/\">Neue Maschinen f\u00fcr die Werkstatt<\/a><time datetime=\"2026-03-13T18:53:34+01:00\" class=\"wp-block-latest-posts__post-date\">13. M\u00e4rz 2026<\/time><div class=\"wp-block-latest-posts__post-excerpt\">Herzlich wie immer ist der Empfang im Orthop\u00e4dischen Zentrum beim diesj\u00e4hrigen Projekt Besuch in Iganga. Es f\u00fchlt sich wie ein Nach-Hause-Kommen an.Zehn Jahre kennen wir das Team der Orthop\u00e4den nun\u2026\u00a0<a class=\"wp-block-latest-posts__read-more\" href=\"http:\/\/puc-africa.de\/de_de\/projekte\/gesundheit\/orthopaedie-st-josephs\/neue-maschinen-fuer-die-werkstatt\/\" rel=\"noopener noreferrer\"><span class=\"screen-reader-text\">Neue Maschinen f\u00fcr die Werkstatt <\/span>weiterlesen<\/a><\/div><\/li>\n<\/ul>\n\n\n<hr class=\"wp-block-separator has-alpha-channel-opacity\"\/>\n\n\n\n<div class=\"wp-block-columns alignwide is-layout-flex wp-container-core-columns-is-layout-829b1d53 wp-block-columns-is-layout-flex\" style=\"margin-bottom:0\">\n<div class=\"wp-block-column has-luminous-vivid-amber-background-color has-text-color has-background has-link-color wp-elements-c59e97358c9adea20b5ee1b4de558cfc is-layout-flow wp-block-column-is-layout-flow\" style=\"color:#000000;padding-top:2em;padding-right:2em;padding-bottom:2em;padding-left:2em\">\n<h3 class=\"wp-block-heading\" id=\"family\">Bildung<\/h3>\n\n\n\n<p class=\"has-normal-font-size\" style=\"line-height:1.5\"><strong>Erm\u00f6gliche Schulmaterial f\u00fcr ein Kind \u2013 ein erste Schritt aus der Armut.<\/strong><\/p>\n\n\n\n<figure class=\"wp-block-gallery has-nested-images columns-default is-cropped wp-block-gallery-1 is-layout-flex wp-block-gallery-is-layout-flex\">\n<figure class=\"wp-block-image size-full is-style-rounded\"><img loading=\"lazy\" decoding=\"async\" width=\"562\" height=\"422\" data-id=\"749\" src=\"https:\/\/puc-africa.de\/wp-content\/uploads\/2025\/07\/imagem.jpg\" alt=\"\" class=\"wp-image-749\" srcset=\"https:\/\/puc-africa.de\/wp-content\/uploads\/2025\/07\/imagem.jpg 562w, https:\/\/puc-africa.de\/wp-content\/uploads\/2025\/07\/imagem-300x225.jpg 300w, https:\/\/puc-africa.de\/wp-content\/uploads\/2025\/07\/imagem-16x12.jpg 16w\" sizes=\"auto, (max-width: 562px) 100vw, 562px\" \/><\/figure>\n<\/figure>\n\n\n\n<p><\/p>\n\n\n\n<div class=\"wp-block-buttons alignwide is-horizontal is-content-justification-center is-layout-flex wp-container-core-buttons-is-layout-499968f5 wp-block-buttons-is-layout-flex\">\n<div class=\"wp-block-button has-custom-width wp-block-button__width-100 is-style-fill\"><a class=\"wp-block-button__link has-black-color has-cyan-bluish-gray-background-color has-text-color has-background has-medium-font-size has-custom-font-size wp-element-button\" href=\"https:\/\/secure.betterplace.org\/de\/donate\/platform\/projects\/61213-schenk-bildung-schenk-leben-unterstutze-unser-bildungsprojekt-in-uganda\" style=\"border-radius:100px\" target=\"_blank\" rel=\"noreferrer noopener\">Schenk Bildung <\/a><\/div>\n<\/div>\n<\/div>\n\n\n\n<div class=\"wp-block-column has-pale-cyan-blue-background-color has-text-color has-background has-link-color wp-elements-e2604d496e544c0b97c262c39f3176a3 is-layout-flow wp-block-column-is-layout-flow\" style=\"color:#000000;padding-top:2em;padding-right:2em;padding-bottom:2em;padding-left:2em\">\n<h3 class=\"wp-block-heading\" id=\"patron\">Gesundheit<\/h3>\n\n\n\n<p class=\"has-normal-font-size\"><strong>\u00dcbernehme die Kosten f\u00fcr ein paar Beinschienen und ver\u00e4ndere Leben. <\/strong><\/p>\n\n\n\n<figure class=\"wp-block-image size-full is-resized is-style-rounded\"><img loading=\"lazy\" decoding=\"async\" width=\"533\" height=\"400\" src=\"https:\/\/puc-africa.de\/wp-content\/uploads\/2025\/07\/iimage.jpg\" alt=\"\" class=\"wp-image-750\" style=\"aspect-ratio:4\/3;object-fit:cover;width:292px;height:auto\" srcset=\"https:\/\/puc-africa.de\/wp-content\/uploads\/2025\/07\/iimage.jpg 533w, https:\/\/puc-africa.de\/wp-content\/uploads\/2025\/07\/iimage-300x225.jpg 300w, https:\/\/puc-africa.de\/wp-content\/uploads\/2025\/07\/iimage-16x12.jpg 16w\" sizes=\"auto, (max-width: 533px) 100vw, 533px\" \/><\/figure>\n\n\n\n<div class=\"wp-block-buttons alignwide is-horizontal is-content-justification-center is-layout-flex wp-container-core-buttons-is-layout-499968f5 wp-block-buttons-is-layout-flex\">\n<div class=\"wp-block-button has-custom-width wp-block-button__width-100\"><a class=\"wp-block-button__link has-black-color has-cyan-bluish-gray-background-color has-text-color has-background has-medium-font-size has-custom-font-size wp-element-button\" href=\"https:\/\/secure.betterplace.org\/de\/donate\/platform\/projects\/60795-schenk-leben-hilf-menschen-zu-gehen-orthopadie-in-uganda\" style=\"border-radius:100px\" target=\"_blank\" rel=\"noreferrer noopener\">Schenk Gesundheit<\/a><\/div>\n<\/div>\n<\/div>\n\n\n\n<div class=\"wp-block-column has-light-green-cyan-background-color has-text-color has-background has-link-color wp-elements-a90526a3a5ab1825aa4e7fa0b2b1ff74 is-layout-flow wp-block-column-is-layout-flow\" style=\"color:#000000;padding-top:2em;padding-right:2em;padding-bottom:2em;padding-left:2em\">\n<h3 class=\"wp-block-heading\" id=\"single\"><strong>Tierschutz<\/strong><\/h3>\n\n\n\n<p class=\"has-normal-font-size\" style=\"line-height:1.5\"><strong>Trage zum Schutz und Wohlbefinden der Tiere in Afrika bei.<\/strong><\/p>\n\n\n\n<figure class=\"wp-block-image size-full is-style-rounded\"><img loading=\"lazy\" decoding=\"async\" width=\"1200\" height=\"978\" src=\"https:\/\/puc-africa.de\/wp-content\/uploads\/2026\/03\/WhatsApp-Image-2026-02-20-at-19.06.21-2.jpeg\" alt=\"\" class=\"wp-image-1219\" style=\"aspect-ratio:4\/3;object-fit:cover\" srcset=\"https:\/\/puc-africa.de\/wp-content\/uploads\/2026\/03\/WhatsApp-Image-2026-02-20-at-19.06.21-2.jpeg 1200w, https:\/\/puc-africa.de\/wp-content\/uploads\/2026\/03\/WhatsApp-Image-2026-02-20-at-19.06.21-2-300x245.jpeg 300w, https:\/\/puc-africa.de\/wp-content\/uploads\/2026\/03\/WhatsApp-Image-2026-02-20-at-19.06.21-2-1024x835.jpeg 1024w, https:\/\/puc-africa.de\/wp-content\/uploads\/2026\/03\/WhatsApp-Image-2026-02-20-at-19.06.21-2-768x626.jpeg 768w, https:\/\/puc-africa.de\/wp-content\/uploads\/2026\/03\/WhatsApp-Image-2026-02-20-at-19.06.21-2-15x12.jpeg 15w, https:\/\/puc-africa.de\/wp-content\/uploads\/2026\/03\/WhatsApp-Image-2026-02-20-at-19.06.21-2-640x522.jpeg 640w\" sizes=\"auto, (max-width: 1200px) 100vw, 1200px\" \/><\/figure>\n\n\n\n<div class=\"wp-block-buttons alignwide is-horizontal is-content-justification-center is-layout-flex wp-container-core-buttons-is-layout-499968f5 wp-block-buttons-is-layout-flex\">\n<div class=\"wp-block-button has-custom-width wp-block-button__width-100\"><a class=\"wp-block-button__link has-black-color has-cyan-bluish-gray-background-color has-text-color has-background has-medium-font-size has-custom-font-size wp-element-button\" href=\"https:\/\/secure.betterplace.org\/de\/donate\/platform\/projects\/61161-hilf-tieren-leben-wo-tiere-leben-bedeuten-tiergesundheit-in-uganda\" style=\"border-radius:100px\" target=\"_blank\" rel=\"noreferrer noopener\">Hilf Tieren<\/a><\/div>\n<\/div>\n<\/div>\n<\/div>\n\n\n\n<p><\/p>\n","protected":false},"excerpt":{"rendered":"<p>Wir helfen in Uganda und Tansania! PUC-Africa e.V. ist ein gemeinn\u00fctziger Verein, der Schulen, ein orthop\u00e4disches Zentrum und die Tiergesundheit in Ostafrika unterst\u00fctzt. Klicken Sie sich gern durch unsere Projekte. Wenn Sie mithelfen wollen, k\u00f6nnen Sie spenden, Mitglied werden oder eine Patenschaft \u00fcbernehmen. Gern beantworten wir Ihre Fragen! Ihre Dr. Christine Montag, PUC-Team, info@puc-africa.de Aktuelles [&hellip;]<\/p>\n","protected":false},"author":1,"featured_media":294,"parent":0,"menu_order":0,"comment_status":"closed","ping_status":"closed","template":"","meta":{"ocean_post_layout":"","ocean_both_sidebars_style":"","ocean_both_sidebars_content_width":0,"ocean_both_sidebars_sidebars_width":0,"ocean_sidebar":"","ocean_second_sidebar":"","ocean_disable_margins":"enable","ocean_add_body_class":"","ocean_shortcode_before_top_bar":"","ocean_shortcode_after_top_bar":"","ocean_shortcode_before_header":"","ocean_shortcode_after_header":"","ocean_has_shortcode":"","ocean_shortcode_after_title":"","ocean_shortcode_before_footer_widgets":"","ocean_shortcode_after_footer_widgets":"","ocean_shortcode_before_footer_bottom":"","ocean_shortcode_after_footer_bottom":"","ocean_display_top_bar":"default","ocean_display_header":"default","ocean_header_style":"","ocean_center_header_left_menu":"","ocean_custom_header_template":"","ocean_custom_logo":0,"ocean_custom_retina_logo":0,"ocean_custom_logo_max_width":0,"ocean_custom_logo_tablet_max_width":0,"ocean_custom_logo_mobile_max_width":0,"ocean_custom_logo_max_height":0,"ocean_custom_logo_tablet_max_height":0,"ocean_custom_logo_mobile_max_height":0,"ocean_header_custom_menu":"","ocean_menu_typo_font_family":"","ocean_menu_typo_font_subset":"","ocean_menu_typo_font_size":0,"ocean_menu_typo_font_size_tablet":0,"ocean_menu_typo_font_size_mobile":0,"ocean_menu_typo_font_size_unit":"px","ocean_menu_typo_font_weight":"","ocean_menu_typo_font_weight_tablet":"","ocean_menu_typo_font_weight_mobile":"","ocean_menu_typo_transform":"","ocean_menu_typo_transform_tablet":"","ocean_menu_typo_transform_mobile":"","ocean_menu_typo_line_height":0,"ocean_menu_typo_line_height_tablet":0,"ocean_menu_typo_line_height_mobile":0,"ocean_menu_typo_line_height_unit":"","ocean_menu_typo_spacing":0,"ocean_menu_typo_spacing_tablet":0,"ocean_menu_typo_spacing_mobile":0,"ocean_menu_typo_spacing_unit":"","ocean_menu_link_color":"","ocean_menu_link_color_hover":"","ocean_menu_link_color_active":"","ocean_menu_link_background":"","ocean_menu_link_hover_background":"","ocean_menu_link_active_background":"","ocean_menu_social_links_bg":"","ocean_menu_social_hover_links_bg":"","ocean_menu_social_links_color":"","ocean_menu_social_hover_links_color":"","ocean_disable_title":"on","ocean_disable_heading":"default","ocean_post_title":"","ocean_post_subheading":"","ocean_post_title_style":"","ocean_post_title_background_color":"","ocean_post_title_background":0,"ocean_post_title_bg_image_position":"","ocean_post_title_bg_image_attachment":"","ocean_post_title_bg_image_repeat":"","ocean_post_title_bg_image_size":"","ocean_post_title_height":0,"ocean_post_title_bg_overlay":0.5,"ocean_post_title_bg_overlay_color":"","ocean_disable_breadcrumbs":"default","ocean_breadcrumbs_color":"","ocean_breadcrumbs_separator_color":"","ocean_breadcrumbs_links_color":"","ocean_breadcrumbs_links_hover_color":"","ocean_display_footer_widgets":"default","ocean_display_footer_bottom":"default","ocean_custom_footer_template":"","footnotes":""},"class_list":["post-23","page","type-page","status-publish","has-post-thumbnail","hentry","entry","has-media"],"_links":{"self":[{"href":"http:\/\/puc-africa.de\/de_de\/wp-json\/wp\/v2\/pages\/23","targetHints":{"allow":["GET"]}}],"collection":[{"href":"http:\/\/puc-africa.de\/de_de\/wp-json\/wp\/v2\/pages"}],"about":[{"href":"http:\/\/puc-africa.de\/de_de\/wp-json\/wp\/v2\/types\/page"}],"author":[{"embeddable":true,"href":"http:\/\/puc-africa.de\/de_de\/wp-json\/wp\/v2\/users\/1"}],"replies":[{"embeddable":true,"href":"http:\/\/puc-africa.de\/de_de\/wp-json\/wp\/v2\/comments?post=23"}],"version-history":[{"count":79,"href":"http:\/\/puc-africa.de\/de_de\/wp-json\/wp\/v2\/pages\/23\/revisions"}],"predecessor-version":[{"id":1220,"href":"http:\/\/puc-africa.de\/de_de\/wp-json\/wp\/v2\/pages\/23\/revisions\/1220"}],"wp:featuredmedia":[{"embeddable":true,"href":"http:\/\/puc-africa.de\/de_de\/wp-json\/wp\/v2\/media\/294"}],"wp:attachment":[{"href":"http:\/\/puc-africa.de\/de_de\/wp-json\/wp\/v2\/media?parent=23"}],"curies":[{"name":"wp","href":"https:\/\/api.w.org\/{rel}","templated":true}]}}