{"id":274,"date":"2025-06-06T08:43:58","date_gmt":"2025-06-06T06:43:58","guid":{"rendered":"https:\/\/puc-africa.de\/?page_id=274"},"modified":"2025-07-22T17:27:00","modified_gmt":"2025-07-22T15:27:00","slug":"akili-junior-school","status":"publish","type":"page","link":"http:\/\/puc-africa.de\/de_de\/akili-junior-school\/","title":{"rendered":"Akili Junior School"},"content":{"rendered":"\n<div class=\"wp-block-media-text is-stacked-on-mobile is-image-fill-element\"><figure class=\"wp-block-media-text__media\"><img loading=\"lazy\" decoding=\"async\" width=\"640\" height=\"480\" src=\"https:\/\/puc-africa.de\/wp-content\/uploads\/2025\/07\/akili1.jpg\" alt=\"\" class=\"wp-image-681 size-full\" style=\"object-position:37% 56%\" srcset=\"https:\/\/puc-africa.de\/wp-content\/uploads\/2025\/07\/akili1.jpg 640w, https:\/\/puc-africa.de\/wp-content\/uploads\/2025\/07\/akili1-300x225.jpg 300w, https:\/\/puc-africa.de\/wp-content\/uploads\/2025\/07\/akili1-16x12.jpg 16w\" sizes=\"auto, (max-width: 640px) 100vw, 640px\" \/><\/figure><div class=\"wp-block-media-text__content\">\n<p>Im abgelegenen Nordosten Ugandas, in der Karamoja-Region, ist Armut gro\u00df \u2013 und Bildung ein seltener Luxus. Vincent Obulengo k\u00e4mpft mit seiner Junior Academy dagegen an. Hier bekommen Kinder nicht nur Grundschulbildung, sondern auch praktische F\u00e4higkeiten, um ihre Familien zu unterst\u00fctzen.<\/p>\n<\/div><\/div>\n\n\n<ul class=\"wp-block-latest-posts__list has-dates wp-block-latest-posts\"><li><div class=\"wp-block-latest-posts__featured-image alignleft\"><img loading=\"lazy\" decoding=\"async\" width=\"808\" height=\"576\" src=\"https:\/\/puc-africa.de\/wp-content\/uploads\/2025\/11\/Akili-Demogarden.png\" class=\"attachment-large size-large wp-post-image\" alt=\"\" style=\"max-width:250px;\" srcset=\"https:\/\/puc-africa.de\/wp-content\/uploads\/2025\/11\/Akili-Demogarden.png 808w, https:\/\/puc-africa.de\/wp-content\/uploads\/2025\/11\/Akili-Demogarden-300x214.png 300w, https:\/\/puc-africa.de\/wp-content\/uploads\/2025\/11\/Akili-Demogarden-768x547.png 768w, https:\/\/puc-africa.de\/wp-content\/uploads\/2025\/11\/Akili-Demogarden-18x12.png 18w, https:\/\/puc-africa.de\/wp-content\/uploads\/2025\/11\/Akili-Demogarden-640x456.png 640w\" sizes=\"auto, (max-width: 808px) 100vw, 808px\" \/><\/div><a class=\"wp-block-latest-posts__post-title\" href=\"http:\/\/puc-africa.de\/de_de\/projekte\/mehr-bildung-weniger-armut\/\">Mehr Bildung, weniger Armut<\/a><time datetime=\"2025-11-23T15:25:24+01:00\" class=\"wp-block-latest-posts__post-date\">23. November 2025<\/time><div class=\"wp-block-latest-posts__post-excerpt\">Wie Akili die Zukunft seiner Kinder st\u00e4rkt Die Akili Community Initiative (ACI) , Obur Parish, hat in den vergangenen zwei Jahren zahlreiche Entwicklungsma\u00dfnahmen angesto\u00dfen, um den Zugang zu Bildung nachhaltig\u2026\u00a0<a class=\"wp-block-latest-posts__read-more\" href=\"http:\/\/puc-africa.de\/de_de\/projekte\/mehr-bildung-weniger-armut\/\" rel=\"noopener noreferrer\"><span class=\"screen-reader-text\">Mehr Bildung, weniger Armut <\/span>weiterlesen<\/a><\/div><\/li>\n<li><div class=\"wp-block-latest-posts__featured-image alignleft\"><img loading=\"lazy\" decoding=\"async\" width=\"480\" height=\"640\" src=\"https:\/\/puc-africa.de\/wp-content\/uploads\/2022\/06\/mauer.jpg\" class=\"attachment-large size-large wp-post-image\" alt=\"\" style=\"max-width:250px;\" srcset=\"https:\/\/puc-africa.de\/wp-content\/uploads\/2022\/06\/mauer.jpg 480w, https:\/\/puc-africa.de\/wp-content\/uploads\/2022\/06\/mauer-225x300.jpg 225w, https:\/\/puc-africa.de\/wp-content\/uploads\/2022\/06\/mauer-9x12.jpg 9w\" sizes=\"auto, (max-width: 480px) 100vw, 480px\" \/><\/div><a class=\"wp-block-latest-posts__post-title\" href=\"http:\/\/puc-africa.de\/de_de\/projekte\/bildung\/akili-junior-school\/akili-junior-academy-hoffnung-und-freude-inmitten-grosser-armut\/\">Akili Junior Academy \u2013 Hoffnung und Freude inmitten gro\u00dfer Armut<\/a><time datetime=\"2022-06-23T13:03:55+02:00\" class=\"wp-block-latest-posts__post-date\">23. Juni 2022<\/time><div class=\"wp-block-latest-posts__post-excerpt\">Im abgelegenen Nordosten Ugandas, in der Karamoja-Region, ist Armut besonders hart \u2013 und Bildung ein seltener Luxus. Vincent Obulengo k\u00e4mpft mit seiner Junior Academy dagegen an. Hier bekommen Kinder nicht\u2026\u00a0<a class=\"wp-block-latest-posts__read-more\" href=\"http:\/\/puc-africa.de\/de_de\/projekte\/bildung\/akili-junior-school\/akili-junior-academy-hoffnung-und-freude-inmitten-grosser-armut\/\" rel=\"noopener noreferrer\"><span class=\"screen-reader-text\">Akili Junior Academy \u2013 Hoffnung und Freude inmitten gro\u00dfer Armut <\/span>weiterlesen<\/a><\/div><\/li>\n<\/ul>","protected":false},"excerpt":{"rendered":"<p>Im abgelegenen Nordosten Ugandas, in der Karamoja-Region, ist Armut gro\u00df \u2013 und Bildung ein seltener Luxus. Vincent Obulengo k\u00e4mpft mit seiner Junior Academy dagegen an. Hier bekommen Kinder nicht nur Grundschulbildung, sondern auch praktische F\u00e4higkeiten, um ihre Familien zu unterst\u00fctzen.<\/p>\n","protected":false},"author":2,"featured_media":0,"parent":0,"menu_order":0,"comment_status":"closed","ping_status":"closed","template":"","meta":{"ocean_post_layout":"","ocean_both_sidebars_style":"","ocean_both_sidebars_content_width":0,"ocean_both_sidebars_sidebars_width":0,"ocean_sidebar":"","ocean_second_sidebar":"","ocean_disable_margins":"enable","ocean_add_body_class":"","ocean_shortcode_before_top_bar":"","ocean_shortcode_after_top_bar":"","ocean_shortcode_before_header":"","ocean_shortcode_after_header":"","ocean_has_shortcode":"","ocean_shortcode_after_title":"","ocean_shortcode_before_footer_widgets":"","ocean_shortcode_after_footer_widgets":"","ocean_shortcode_before_footer_bottom":"","ocean_shortcode_after_footer_bottom":"","ocean_display_top_bar":"default","ocean_display_header":"default","ocean_header_style":"","ocean_center_header_left_menu":"","ocean_custom_header_template":"","ocean_custom_logo":0,"ocean_custom_retina_logo":0,"ocean_custom_logo_max_width":0,"ocean_custom_logo_tablet_max_width":0,"ocean_custom_logo_mobile_max_width":0,"ocean_custom_logo_max_height":0,"ocean_custom_logo_tablet_max_height":0,"ocean_custom_logo_mobile_max_height":0,"ocean_header_custom_menu":"","ocean_menu_typo_font_family":"","ocean_menu_typo_font_subset":"","ocean_menu_typo_font_size":0,"ocean_menu_typo_font_size_tablet":0,"ocean_menu_typo_font_size_mobile":0,"ocean_menu_typo_font_size_unit":"px","ocean_menu_typo_font_weight":"","ocean_menu_typo_font_weight_tablet":"","ocean_menu_typo_font_weight_mobile":"","ocean_menu_typo_transform":"","ocean_menu_typo_transform_tablet":"","ocean_menu_typo_transform_mobile":"","ocean_menu_typo_line_height":0,"ocean_menu_typo_line_height_tablet":0,"ocean_menu_typo_line_height_mobile":0,"ocean_menu_typo_line_height_unit":"","ocean_menu_typo_spacing":0,"ocean_menu_typo_spacing_tablet":0,"ocean_menu_typo_spacing_mobile":0,"ocean_menu_typo_spacing_unit":"","ocean_menu_link_color":"","ocean_menu_link_color_hover":"","ocean_menu_link_color_active":"","ocean_menu_link_background":"","ocean_menu_link_hover_background":"","ocean_menu_link_active_background":"","ocean_menu_social_links_bg":"","ocean_menu_social_hover_links_bg":"","ocean_menu_social_links_color":"","ocean_menu_social_hover_links_color":"","ocean_disable_title":"default","ocean_disable_heading":"default","ocean_post_title":"","ocean_post_subheading":"","ocean_post_title_style":"","ocean_post_title_background_color":"","ocean_post_title_background":0,"ocean_post_title_bg_image_position":"","ocean_post_title_bg_image_attachment":"","ocean_post_title_bg_image_repeat":"","ocean_post_title_bg_image_size":"","ocean_post_title_height":0,"ocean_post_title_bg_overlay":0.5,"ocean_post_title_bg_overlay_color":"","ocean_disable_breadcrumbs":"default","ocean_breadcrumbs_color":"","ocean_breadcrumbs_separator_color":"","ocean_breadcrumbs_links_color":"","ocean_breadcrumbs_links_hover_color":"","ocean_display_footer_widgets":"default","ocean_display_footer_bottom":"default","ocean_custom_footer_template":"","footnotes":""},"class_list":["post-274","page","type-page","status-publish","hentry","entry"],"_links":{"self":[{"href":"http:\/\/puc-africa.de\/de_de\/wp-json\/wp\/v2\/pages\/274","targetHints":{"allow":["GET"]}}],"collection":[{"href":"http:\/\/puc-africa.de\/de_de\/wp-json\/wp\/v2\/pages"}],"about":[{"href":"http:\/\/puc-africa.de\/de_de\/wp-json\/wp\/v2\/types\/page"}],"author":[{"embeddable":true,"href":"http:\/\/puc-africa.de\/de_de\/wp-json\/wp\/v2\/users\/2"}],"replies":[{"embeddable":true,"href":"http:\/\/puc-africa.de\/de_de\/wp-json\/wp\/v2\/comments?post=274"}],"version-history":[{"count":6,"href":"http:\/\/puc-africa.de\/de_de\/wp-json\/wp\/v2\/pages\/274\/revisions"}],"predecessor-version":[{"id":824,"href":"http:\/\/puc-africa.de\/de_de\/wp-json\/wp\/v2\/pages\/274\/revisions\/824"}],"wp:attachment":[{"href":"http:\/\/puc-africa.de\/de_de\/wp-json\/wp\/v2\/media?parent=274"}],"curies":[{"name":"wp","href":"https:\/\/api.w.org\/{rel}","templated":true}]}}