{"id":575,"date":"2025-06-13T16:47:47","date_gmt":"2025-06-13T14:47:47","guid":{"rendered":"https:\/\/puc-africa.de\/?page_id=575"},"modified":"2025-06-13T17:00:27","modified_gmt":"2025-06-13T15:00:27","slug":"verein","status":"publish","type":"page","link":"http:\/\/puc-africa.de\/de_de\/ueber-uns\/verein\/","title":{"rendered":"Verein"},"content":{"rendered":"<ul class=\"wp-block-latest-posts__list wp-block-latest-posts\"><li><a class=\"wp-block-latest-posts__post-title\" href=\"http:\/\/puc-africa.de\/de_de\/ueber-uns\/satzung-neu\/\">Satzung<\/a><div class=\"wp-block-latest-posts__post-excerpt\">Satzung \u00a7 1 Name, Sitz und Gesch\u00e4ftsjahr 1. 2. 3. 4. Der Verein f\u00fchrt den Namen \u201ePeople United for Care &#8211; PUC &#8211; Africa\u201c Er soll in das Vereinsregister eingetragen werden und f\u00fchrt danach den Zusatz \u201ce. V.\u201c Der Sitz des Vereins ist Risum-Lindholm, Schleswig Holstein Das Gesch\u00e4ftsjahr ist das Kalenderjahr. \u00a7 2 Zweck des\u2026\u00a0<a class=\"wp-block-latest-posts__read-more\" href=\"http:\/\/puc-africa.de\/de_de\/ueber-uns\/satzung-neu\/\" rel=\"noopener noreferrer\"><span class=\"screen-reader-text\">Satzung <\/span>weiterlesen<\/a><\/div><\/li>\n<li><a class=\"wp-block-latest-posts__post-title\" href=\"http:\/\/puc-africa.de\/de_de\/ueber-uns\/jahresbericht-2023\/\">Jahresbericht 2023<\/a><div class=\"wp-block-latest-posts__post-excerpt\"><\/div><\/li>\n<li><a class=\"wp-block-latest-posts__post-title\" href=\"http:\/\/puc-africa.de\/de_de\/ueber-uns\/jahresbericht-2021-22\/\">Jahresbericht 2021\/22<\/a><div class=\"wp-block-latest-posts__post-excerpt\"><\/div><\/li>\n<li><a class=\"wp-block-latest-posts__post-title\" href=\"http:\/\/puc-africa.de\/de_de\/ueber-uns\/jahresbericht-2019-20\/\">Jahresbericht 2019\/20<\/a><div class=\"wp-block-latest-posts__post-excerpt\"><\/div><\/li>\n<li><a class=\"wp-block-latest-posts__post-title\" href=\"http:\/\/puc-africa.de\/de_de\/ueber-uns\/jahresberichte\/\">Jahresbericht 2018<\/a><div class=\"wp-block-latest-posts__post-excerpt\"><\/div><\/li>\n<li><a class=\"wp-block-latest-posts__post-title\" href=\"http:\/\/puc-africa.de\/de_de\/ueber-uns\/jahresbericht-2017\/\">Jahresbericht 2017<\/a><div class=\"wp-block-latest-posts__post-excerpt\"><\/div><\/li>\n<li><a class=\"wp-block-latest-posts__post-title\" href=\"http:\/\/puc-africa.de\/de_de\/allgemein\/wie-alles-begann\/\">Wie alles begann<\/a><div class=\"wp-block-latest-posts__post-excerpt\">Im September 2016 reiste Christine Montag nach Uganda, um an einem tier\u00e4rztlichen Workshop in Iganga teilzunehmen. W\u00e4hrend ihres Aufenthalts wurde ihr die gro\u00dfe Not in der Region bewusst: Viele Menschen brauchen medizinische Hilfe, und die Schulen sowie medizinische Einrichtungen sind dringend auf Unterst\u00fctzung angewiesen. Diese Erfahrung wurde zum Ansto\u00df f\u00fcr ein humanit\u00e4res Hilfsprojekt. Zur\u00fcck in\u2026\u00a0<a class=\"wp-block-latest-posts__read-more\" href=\"http:\/\/puc-africa.de\/de_de\/allgemein\/wie-alles-begann\/\" rel=\"noopener noreferrer\"><span class=\"screen-reader-text\">Wie alles begann <\/span>weiterlesen<\/a><\/div><\/li>\n<\/ul>\n\n\n<p><\/p>\n","protected":false},"excerpt":{"rendered":"","protected":false},"author":2,"featured_media":0,"parent":13,"menu_order":0,"comment_status":"closed","ping_status":"closed","template":"","meta":{"ocean_post_layout":"","ocean_both_sidebars_style":"","ocean_both_sidebars_content_width":0,"ocean_both_sidebars_sidebars_width":0,"ocean_sidebar":"","ocean_second_sidebar":"","ocean_disable_margins":"enable","ocean_add_body_class":"","ocean_shortcode_before_top_bar":"","ocean_shortcode_after_top_bar":"","ocean_shortcode_before_header":"","ocean_shortcode_after_header":"","ocean_has_shortcode":"","ocean_shortcode_after_title":"","ocean_shortcode_before_footer_widgets":"","ocean_shortcode_after_footer_widgets":"","ocean_shortcode_before_footer_bottom":"","ocean_shortcode_after_footer_bottom":"","ocean_display_top_bar":"default","ocean_display_header":"default","ocean_header_style":"","ocean_center_header_left_menu":"","ocean_custom_header_template":"","ocean_custom_logo":0,"ocean_custom_retina_logo":0,"ocean_custom_logo_max_width":0,"ocean_custom_logo_tablet_max_width":0,"ocean_custom_logo_mobile_max_width":0,"ocean_custom_logo_max_height":0,"ocean_custom_logo_tablet_max_height":0,"ocean_custom_logo_mobile_max_height":0,"ocean_header_custom_menu":"","ocean_menu_typo_font_family":"","ocean_menu_typo_font_subset":"","ocean_menu_typo_font_size":0,"ocean_menu_typo_font_size_tablet":0,"ocean_menu_typo_font_size_mobile":0,"ocean_menu_typo_font_size_unit":"px","ocean_menu_typo_font_weight":"","ocean_menu_typo_font_weight_tablet":"","ocean_menu_typo_font_weight_mobile":"","ocean_menu_typo_transform":"","ocean_menu_typo_transform_tablet":"","ocean_menu_typo_transform_mobile":"","ocean_menu_typo_line_height":0,"ocean_menu_typo_line_height_tablet":0,"ocean_menu_typo_line_height_mobile":0,"ocean_menu_typo_line_height_unit":"","ocean_menu_typo_spacing":0,"ocean_menu_typo_spacing_tablet":0,"ocean_menu_typo_spacing_mobile":0,"ocean_menu_typo_spacing_unit":"","ocean_menu_link_color":"","ocean_menu_link_color_hover":"","ocean_menu_link_color_active":"","ocean_menu_link_background":"","ocean_menu_link_hover_background":"","ocean_menu_link_active_background":"","ocean_menu_social_links_bg":"","ocean_menu_social_hover_links_bg":"","ocean_menu_social_links_color":"","ocean_menu_social_hover_links_color":"","ocean_disable_title":"default","ocean_disable_heading":"default","ocean_post_title":"","ocean_post_subheading":"","ocean_post_title_style":"","ocean_post_title_background_color":"","ocean_post_title_background":0,"ocean_post_title_bg_image_position":"","ocean_post_title_bg_image_attachment":"","ocean_post_title_bg_image_repeat":"","ocean_post_title_bg_image_size":"","ocean_post_title_height":0,"ocean_post_title_bg_overlay":0.5,"ocean_post_title_bg_overlay_color":"","ocean_disable_breadcrumbs":"default","ocean_breadcrumbs_color":"","ocean_breadcrumbs_separator_color":"","ocean_breadcrumbs_links_color":"","ocean_breadcrumbs_links_hover_color":"","ocean_display_footer_widgets":"default","ocean_display_footer_bottom":"default","ocean_custom_footer_template":"","footnotes":""},"class_list":["post-575","page","type-page","status-publish","hentry","entry"],"_links":{"self":[{"href":"http:\/\/puc-africa.de\/de_de\/wp-json\/wp\/v2\/pages\/575","targetHints":{"allow":["GET"]}}],"collection":[{"href":"http:\/\/puc-africa.de\/de_de\/wp-json\/wp\/v2\/pages"}],"about":[{"href":"http:\/\/puc-africa.de\/de_de\/wp-json\/wp\/v2\/types\/page"}],"author":[{"embeddable":true,"href":"http:\/\/puc-africa.de\/de_de\/wp-json\/wp\/v2\/users\/2"}],"replies":[{"embeddable":true,"href":"http:\/\/puc-africa.de\/de_de\/wp-json\/wp\/v2\/comments?post=575"}],"version-history":[{"count":3,"href":"http:\/\/puc-africa.de\/de_de\/wp-json\/wp\/v2\/pages\/575\/revisions"}],"predecessor-version":[{"id":586,"href":"http:\/\/puc-africa.de\/de_de\/wp-json\/wp\/v2\/pages\/575\/revisions\/586"}],"up":[{"embeddable":true,"href":"http:\/\/puc-africa.de\/de_de\/wp-json\/wp\/v2\/pages\/13"}],"wp:attachment":[{"href":"http:\/\/puc-africa.de\/de_de\/wp-json\/wp\/v2\/media?parent=575"}],"curies":[{"name":"wp","href":"https:\/\/api.w.org\/{rel}","templated":true}]}}