{"id":81,"date":"2025-05-11T15:23:44","date_gmt":"2025-05-11T13:23:44","guid":{"rendered":"https:\/\/puc-africa.de\/?page_id=81"},"modified":"2025-07-23T20:14:37","modified_gmt":"2025-07-23T18:14:37","slug":"inselschule-shadrob","status":"publish","type":"page","link":"http:\/\/puc-africa.de\/de_de\/inselschule-shadrob\/","title":{"rendered":"Inselschule Shadrob"},"content":{"rendered":"\n<div class=\"wp-block-media-text is-stacked-on-mobile is-image-fill-element\"><figure class=\"wp-block-media-text__media\"><img loading=\"lazy\" decoding=\"async\" width=\"400\" height=\"400\" src=\"https:\/\/puc-africa.de\/wp-content\/uploads\/2025\/07\/Inselschule-2.jpg\" alt=\"\" class=\"wp-image-673 size-full\" style=\"object-position:48% 97%\" srcset=\"https:\/\/puc-africa.de\/wp-content\/uploads\/2025\/07\/Inselschule-2.jpg 400w, https:\/\/puc-africa.de\/wp-content\/uploads\/2025\/07\/Inselschule-2-300x300.jpg 300w, https:\/\/puc-africa.de\/wp-content\/uploads\/2025\/07\/Inselschule-2-150x150.jpg 150w, https:\/\/puc-africa.de\/wp-content\/uploads\/2025\/07\/Inselschule-2-12x12.jpg 12w\" sizes=\"auto, (max-width: 400px) 100vw, 400px\" \/><\/figure><div class=\"wp-block-media-text__content\">\n<p>Die Shadrob Junior School auf Dolwe Island ist eine der wenigen privaten Schulen mit 180 Sch\u00fclern auf der abgelegenen Insel im Viktoriasee. Gegr\u00fcndet von Robinah Shadrob, die auf Dolwe geboren wurde und zum Studium einige Jahre auf dem Festland lebte, k\u00e4mpft die Schule mit gro\u00dfer Armut, katastrophalen sanit\u00e4ren Bedingungen, hoher HIV-Rate und Kriminalit\u00e4t. F\u00fcr viele Jugendliche bleibt der Fischfang die einzige Perspektive.<\/p>\n\n\n\n<p>Trotzdem kehrte Robinah zur\u00fcck, um das moderne p\u00e4dagogische Konzept von der Community Trans Nursery and Primary School in Iganga auf ihre Insel zu bringen. Sie will den Kindern dadurch Bildung und die Chance auf ein selbstbestimmtes Leben er\u00f6ffnen.<\/p>\n<\/div><\/div>\n\n\n<ul class=\"wp-block-latest-posts__list has-dates wp-block-latest-posts\"><li><div class=\"wp-block-latest-posts__featured-image alignleft\"><img loading=\"lazy\" decoding=\"async\" width=\"600\" height=\"338\" src=\"https:\/\/puc-africa.de\/wp-content\/uploads\/2026\/01\/Inselschule.16.jpeg\" class=\"attachment-large size-large wp-post-image\" alt=\"\" style=\"max-width:250px;\" srcset=\"https:\/\/puc-africa.de\/wp-content\/uploads\/2026\/01\/Inselschule.16.jpeg 600w, https:\/\/puc-africa.de\/wp-content\/uploads\/2026\/01\/Inselschule.16-300x169.jpeg 300w, https:\/\/puc-africa.de\/wp-content\/uploads\/2026\/01\/Inselschule.16-18x10.jpeg 18w\" sizes=\"auto, (max-width: 600px) 100vw, 600px\" \/><\/div><a class=\"wp-block-latest-posts__post-title\" href=\"http:\/\/puc-africa.de\/de_de\/allgemein\/baufortschritt-bei-der-inselschule\/\">Enormer Baufortschritt Inselschule<\/a><time datetime=\"2026-01-18T18:17:48+01:00\" class=\"wp-block-latest-posts__post-date\">18. Januar 2026<\/time><div class=\"wp-block-latest-posts__post-excerpt\">Auf Lolwe Island geht es f\u00fcr die Shadrob Junior School mit gro\u00dfen Schritten voran! Seit Anfang November haben die Schulleiter und der flei\u00dfige Bautrupp das Dach fertiggebaut und gedeckt. Gemeinsam\u2026\u00a0<a class=\"wp-block-latest-posts__read-more\" href=\"http:\/\/puc-africa.de\/de_de\/allgemein\/baufortschritt-bei-der-inselschule\/\" rel=\"noopener noreferrer\"><span class=\"screen-reader-text\">Enormer Baufortschritt Inselschule <\/span>weiterlesen<\/a><\/div><\/li>\n<li><div class=\"wp-block-latest-posts__featured-image alignleft\"><img loading=\"lazy\" decoding=\"async\" width=\"1024\" height=\"739\" src=\"https:\/\/puc-africa.de\/wp-content\/uploads\/2025\/11\/inseld-erwitwen-1024x739.png\" class=\"attachment-large size-large wp-post-image\" alt=\"\" style=\"max-width:250px;\" srcset=\"https:\/\/puc-africa.de\/wp-content\/uploads\/2025\/11\/inseld-erwitwen-1024x739.png 1024w, https:\/\/puc-africa.de\/wp-content\/uploads\/2025\/11\/inseld-erwitwen-300x216.png 300w, https:\/\/puc-africa.de\/wp-content\/uploads\/2025\/11\/inseld-erwitwen-768x554.png 768w, https:\/\/puc-africa.de\/wp-content\/uploads\/2025\/11\/inseld-erwitwen-18x12.png 18w, https:\/\/puc-africa.de\/wp-content\/uploads\/2025\/11\/inseld-erwitwen-640x462.png 640w, https:\/\/puc-africa.de\/wp-content\/uploads\/2025\/11\/inseld-erwitwen.png 1260w\" sizes=\"auto, (max-width: 1024px) 100vw, 1024px\" \/><\/div><a class=\"wp-block-latest-posts__post-title\" href=\"http:\/\/puc-africa.de\/de_de\/projekte\/bildung\/inselschule-shadrob\/wenn-ein-fisch-ein-ganzes-land-bewegt\/\">Wenn ein Fisch ein ganzes Land bewegt<\/a><time datetime=\"2025-11-23T15:44:26+01:00\" class=\"wp-block-latest-posts__post-date\">23. November 2025<\/time><div class=\"wp-block-latest-posts__post-excerpt\">Gemeinsam mit Autor Patrick Witte und Fotograf Sascha Montag f\u00fchrt die Reise nach Uganda \u2013 auf die Insel Lolwe &#8211; dorthin, wo das Fangverbot f\u00fcr den Viktoria-Barsch tiefe Spuren hinterl\u00e4sst.\u2026\u00a0<a class=\"wp-block-latest-posts__read-more\" href=\"http:\/\/puc-africa.de\/de_de\/projekte\/bildung\/inselschule-shadrob\/wenn-ein-fisch-ein-ganzes-land-bewegt\/\" rel=\"noopener noreferrer\"><span class=\"screen-reader-text\">Wenn ein Fisch ein ganzes Land bewegt <\/span>weiterlesen<\/a><\/div><\/li>\n<li><div class=\"wp-block-latest-posts__featured-image alignleft\"><img loading=\"lazy\" decoding=\"async\" width=\"395\" height=\"270\" src=\"https:\/\/puc-africa.de\/wp-content\/uploads\/2025\/11\/limit_600x450_image-2.jpeg\" class=\"attachment-large size-large wp-post-image\" alt=\"\" style=\"max-width:250px;\" srcset=\"https:\/\/puc-africa.de\/wp-content\/uploads\/2025\/11\/limit_600x450_image-2.jpeg 395w, https:\/\/puc-africa.de\/wp-content\/uploads\/2025\/11\/limit_600x450_image-2-300x205.jpeg 300w, https:\/\/puc-africa.de\/wp-content\/uploads\/2025\/11\/limit_600x450_image-2-18x12.jpeg 18w\" sizes=\"auto, (max-width: 395px) 100vw, 395px\" \/><\/div><a class=\"wp-block-latest-posts__post-title\" href=\"http:\/\/puc-africa.de\/de_de\/projekte\/bildung\/inselschule-shadrob\/baustellenbesuch\/\">Baustellenbesuch<\/a><time datetime=\"2025-11-09T17:05:55+01:00\" class=\"wp-block-latest-posts__post-date\">9. November 2025<\/time><div class=\"wp-block-latest-posts__post-excerpt\">Von Sonntag bis Mittwoch dufte ich (Oliver Giebels von den Social architects) vor Ort sein und diese kurze Zeit geh\u00f6rte zweifelsfrei zu den sch\u00f6nen Tagen meines Jahres. Die Gastfreundschaft und\u2026\u00a0<a class=\"wp-block-latest-posts__read-more\" href=\"http:\/\/puc-africa.de\/de_de\/projekte\/bildung\/inselschule-shadrob\/baustellenbesuch\/\" rel=\"noopener noreferrer\"><span class=\"screen-reader-text\">Baustellenbesuch <\/span>weiterlesen<\/a><\/div><\/li>\n<li><div class=\"wp-block-latest-posts__featured-image alignleft\"><img loading=\"lazy\" decoding=\"async\" width=\"740\" height=\"734\" src=\"https:\/\/puc-africa.de\/wp-content\/uploads\/2025\/11\/WhatsApp-Bild-2025-11-05-um-15.44.18_4a38177d.jpg\" class=\"attachment-large size-large wp-post-image\" alt=\"\" style=\"max-width:250px;\" srcset=\"https:\/\/puc-africa.de\/wp-content\/uploads\/2025\/11\/WhatsApp-Bild-2025-11-05-um-15.44.18_4a38177d.jpg 740w, https:\/\/puc-africa.de\/wp-content\/uploads\/2025\/11\/WhatsApp-Bild-2025-11-05-um-15.44.18_4a38177d-300x298.jpg 300w, https:\/\/puc-africa.de\/wp-content\/uploads\/2025\/11\/WhatsApp-Bild-2025-11-05-um-15.44.18_4a38177d-150x150.jpg 150w, https:\/\/puc-africa.de\/wp-content\/uploads\/2025\/11\/WhatsApp-Bild-2025-11-05-um-15.44.18_4a38177d-12x12.jpg 12w, https:\/\/puc-africa.de\/wp-content\/uploads\/2025\/11\/WhatsApp-Bild-2025-11-05-um-15.44.18_4a38177d-640x635.jpg 640w\" sizes=\"auto, (max-width: 740px) 100vw, 740px\" \/><\/div><a class=\"wp-block-latest-posts__post-title\" href=\"http:\/\/puc-africa.de\/de_de\/projekte\/bildung\/inselschule-shadrob\/der-dachstuhl-steht-ein-meilenstein-ist-erreicht\/\">Der Dachstuhl steht \u2013 Ein Meilenstein ist erreicht<\/a><time datetime=\"2025-11-06T18:41:11+01:00\" class=\"wp-block-latest-posts__post-date\">6. November 2025<\/time><div class=\"wp-block-latest-posts__post-excerpt\">Wir haben unser Ziel erreicht: Der Dachstuhl des ersten Klassenraums ist fertiggestellt, und auch der Korridor in der Mitte wird schon bald \u00fcberdacht sein. Ein weiterer Dachtr\u00e4ger liegt vor den\u2026\u00a0<a class=\"wp-block-latest-posts__read-more\" href=\"http:\/\/puc-africa.de\/de_de\/projekte\/bildung\/inselschule-shadrob\/der-dachstuhl-steht-ein-meilenstein-ist-erreicht\/\" rel=\"noopener noreferrer\"><span class=\"screen-reader-text\">Der Dachstuhl steht \u2013 Ein Meilenstein ist erreicht <\/span>weiterlesen<\/a><\/div><\/li>\n<li><div class=\"wp-block-latest-posts__featured-image alignleft\"><img loading=\"lazy\" decoding=\"async\" width=\"487\" height=\"314\" src=\"https:\/\/puc-africa.de\/wp-content\/uploads\/2025\/11\/Screenshot-2025-11-06-180128.png\" class=\"attachment-large size-large wp-post-image\" alt=\"\" style=\"max-width:250px;\" srcset=\"https:\/\/puc-africa.de\/wp-content\/uploads\/2025\/11\/Screenshot-2025-11-06-180128.png 487w, https:\/\/puc-africa.de\/wp-content\/uploads\/2025\/11\/Screenshot-2025-11-06-180128-300x193.png 300w, https:\/\/puc-africa.de\/wp-content\/uploads\/2025\/11\/Screenshot-2025-11-06-180128-18x12.png 18w\" sizes=\"auto, (max-width: 487px) 100vw, 487px\" \/><\/div><a class=\"wp-block-latest-posts__post-title\" href=\"http:\/\/puc-africa.de\/de_de\/projekte\/bildung\/inselschule-shadrob\/social-architects-eine-reise-nach-lolwe-island\/\">Social architects: Eine Reise nach Lolwe Island<\/a><time datetime=\"2025-11-03T18:00:59+01:00\" class=\"wp-block-latest-posts__post-date\">3. November 2025<\/time><div class=\"wp-block-latest-posts__post-excerpt\">Ein erster Lolwe 2025 Reisebericht: 48 Stunden nach Verlassen der Haust\u00fcr in M\u00fcnster hab ich heute Mittag um 12 Uhr Lolwe Island in Uganda erreicht. Auf dem Weg hierhin hab\u2026\u00a0<a class=\"wp-block-latest-posts__read-more\" href=\"http:\/\/puc-africa.de\/de_de\/projekte\/bildung\/inselschule-shadrob\/social-architects-eine-reise-nach-lolwe-island\/\" rel=\"noopener noreferrer\"><span class=\"screen-reader-text\">Social architects: Eine Reise nach Lolwe Island <\/span>weiterlesen<\/a><\/div><\/li>\n<li><div class=\"wp-block-latest-posts__featured-image alignleft\"><img loading=\"lazy\" decoding=\"async\" width=\"1024\" height=\"767\" src=\"https:\/\/puc-africa.de\/wp-content\/uploads\/2025\/11\/WhatsApp-Bild-2025-11-01-um-15.08.20_33bd07ad-1024x767.jpg\" class=\"attachment-large size-large wp-post-image\" alt=\"\" style=\"max-width:250px;\" srcset=\"https:\/\/puc-africa.de\/wp-content\/uploads\/2025\/11\/WhatsApp-Bild-2025-11-01-um-15.08.20_33bd07ad-1024x767.jpg 1024w, https:\/\/puc-africa.de\/wp-content\/uploads\/2025\/11\/WhatsApp-Bild-2025-11-01-um-15.08.20_33bd07ad-300x225.jpg 300w, https:\/\/puc-africa.de\/wp-content\/uploads\/2025\/11\/WhatsApp-Bild-2025-11-01-um-15.08.20_33bd07ad-768x575.jpg 768w, https:\/\/puc-africa.de\/wp-content\/uploads\/2025\/11\/WhatsApp-Bild-2025-11-01-um-15.08.20_33bd07ad-16x12.jpg 16w, https:\/\/puc-africa.de\/wp-content\/uploads\/2025\/11\/WhatsApp-Bild-2025-11-01-um-15.08.20_33bd07ad-640x479.jpg 640w, https:\/\/puc-africa.de\/wp-content\/uploads\/2025\/11\/WhatsApp-Bild-2025-11-01-um-15.08.20_33bd07ad.jpg 1080w\" sizes=\"auto, (max-width: 1024px) 100vw, 1024px\" \/><\/div><a class=\"wp-block-latest-posts__post-title\" href=\"http:\/\/puc-africa.de\/de_de\/projekte\/bildung\/inselschule-shadrob\/auf-der-insel-entsteht-eine-neue-schule\/\">Auf der Insel entsteht eine neue Schule<\/a><time datetime=\"2025-09-29T15:15:55+02:00\" class=\"wp-block-latest-posts__post-date\">29. September 2025<\/time><div class=\"wp-block-latest-posts__post-excerpt\">Nun wird es konkret mit den Bauma\u00dfnahmen auf Lolwe Island. De ersten Funds, gemeinsame Geldmittel von PUC, den Tagtr\u00e4umen aus M\u00fcnster und den Social Architects haben den Bank Account der\u2026\u00a0<a class=\"wp-block-latest-posts__read-more\" href=\"http:\/\/puc-africa.de\/de_de\/projekte\/bildung\/inselschule-shadrob\/auf-der-insel-entsteht-eine-neue-schule\/\" rel=\"noopener noreferrer\"><span class=\"screen-reader-text\">Auf der Insel entsteht eine neue Schule <\/span>weiterlesen<\/a><\/div><\/li>\n<li><div class=\"wp-block-latest-posts__featured-image alignleft\"><img loading=\"lazy\" decoding=\"async\" width=\"511\" height=\"363\" src=\"https:\/\/puc-africa.de\/wp-content\/uploads\/2025\/08\/Screenshot-2025-08-25-174924.jpg\" class=\"attachment-large size-large wp-post-image\" alt=\"\" style=\"max-width:250px;\" srcset=\"https:\/\/puc-africa.de\/wp-content\/uploads\/2025\/08\/Screenshot-2025-08-25-174924.jpg 511w, https:\/\/puc-africa.de\/wp-content\/uploads\/2025\/08\/Screenshot-2025-08-25-174924-300x213.jpg 300w, https:\/\/puc-africa.de\/wp-content\/uploads\/2025\/08\/Screenshot-2025-08-25-174924-18x12.jpg 18w\" sizes=\"auto, (max-width: 511px) 100vw, 511px\" \/><\/div><a class=\"wp-block-latest-posts__post-title\" href=\"http:\/\/puc-africa.de\/de_de\/projekte\/bildung\/inselschule-shadrob\/insel-der-witwen\/\">NZZ: Insel der Witwen<\/a><time datetime=\"2025-08-25T17:52:43+02:00\" class=\"wp-block-latest-posts__post-date\">25. August 2025<\/time><div class=\"wp-block-latest-posts__post-excerpt\">NZZ, 9.8.25: Der zweitgr\u00f6sste S\u00fcsswassersee dieser Welt dient dreissig Millionen Menschen als Lebensquelle \u2014und zieht Tausende Fischer in den Tod. Ein Besuch auf der afrikanischen Insel Lolwe in Uganda.<\/div><\/li>\n<li><div class=\"wp-block-latest-posts__featured-image alignleft\"><img loading=\"lazy\" decoding=\"async\" width=\"1024\" height=\"767\" src=\"https:\/\/puc-africa.de\/wp-content\/uploads\/2025\/08\/68462707-9418-42b9-a7e0-a02fa06feffe-1024x767.jpg\" class=\"attachment-large size-large wp-post-image\" alt=\"\" style=\"max-width:250px;\" srcset=\"https:\/\/puc-africa.de\/wp-content\/uploads\/2025\/08\/68462707-9418-42b9-a7e0-a02fa06feffe-1024x767.jpg 1024w, https:\/\/puc-africa.de\/wp-content\/uploads\/2025\/08\/68462707-9418-42b9-a7e0-a02fa06feffe-300x225.jpg 300w, https:\/\/puc-africa.de\/wp-content\/uploads\/2025\/08\/68462707-9418-42b9-a7e0-a02fa06feffe-768x576.jpg 768w, https:\/\/puc-africa.de\/wp-content\/uploads\/2025\/08\/68462707-9418-42b9-a7e0-a02fa06feffe-1536x1151.jpg 1536w, https:\/\/puc-africa.de\/wp-content\/uploads\/2025\/08\/68462707-9418-42b9-a7e0-a02fa06feffe-16x12.jpg 16w, https:\/\/puc-africa.de\/wp-content\/uploads\/2025\/08\/68462707-9418-42b9-a7e0-a02fa06feffe-640x480.jpg 640w, https:\/\/puc-africa.de\/wp-content\/uploads\/2025\/08\/68462707-9418-42b9-a7e0-a02fa06feffe.jpg 1600w\" sizes=\"auto, (max-width: 1024px) 100vw, 1024px\" \/><\/div><a class=\"wp-block-latest-posts__post-title\" href=\"http:\/\/puc-africa.de\/de_de\/allgemein\/vom-fischer-zum-bauleiter\/\">Vom Fischer zum Bauleiter<\/a><time datetime=\"2025-08-11T17:20:10+02:00\" class=\"wp-block-latest-posts__post-date\">11. August 2025<\/time><div class=\"wp-block-latest-posts__post-excerpt\">Bei unserem Besuch auf Dolwe Island im Februar trafen wir fr\u00fch am Morgen den sympathischen Kenianer Kevin. Wie viele andere junge M\u00e4nner f\u00e4hrt er jede Nacht hinaus auf den See,\u2026\u00a0<a class=\"wp-block-latest-posts__read-more\" href=\"http:\/\/puc-africa.de\/de_de\/allgemein\/vom-fischer-zum-bauleiter\/\" rel=\"noopener noreferrer\"><span class=\"screen-reader-text\">Vom Fischer zum Bauleiter <\/span>weiterlesen<\/a><\/div><\/li>\n<li><div class=\"wp-block-latest-posts__featured-image alignleft\"><img loading=\"lazy\" decoding=\"async\" width=\"716\" height=\"487\" src=\"https:\/\/puc-africa.de\/wp-content\/uploads\/2025\/07\/neubau.jpg\" class=\"attachment-large size-large wp-post-image\" alt=\"\" style=\"max-width:250px;\" srcset=\"https:\/\/puc-africa.de\/wp-content\/uploads\/2025\/07\/neubau.jpg 716w, https:\/\/puc-africa.de\/wp-content\/uploads\/2025\/07\/neubau-300x204.jpg 300w, https:\/\/puc-africa.de\/wp-content\/uploads\/2025\/07\/neubau-18x12.jpg 18w, https:\/\/puc-africa.de\/wp-content\/uploads\/2025\/07\/neubau-640x435.jpg 640w\" sizes=\"auto, (max-width: 716px) 100vw, 716px\" \/><\/div><a class=\"wp-block-latest-posts__post-title\" href=\"http:\/\/puc-africa.de\/de_de\/projekte\/bildung\/inselschule-shadrob\/neues-schulgebaeude-fuer-die-inselkinder-von-shardrop\/\">Neues Schulgeb\u00e4ude f\u00fcr die Inselkinder<\/a><time datetime=\"2025-07-25T10:28:27+02:00\" class=\"wp-block-latest-posts__post-date\">25. Juli 2025<\/time><div class=\"wp-block-latest-posts__post-excerpt\">Auf der abgelegenen Insel Dolwe im ugandischen Viktoriasee besuchen 180 Kinder t\u00e4glich eine Schule, die es schwer hatt. Es fehlt an allem \u2013 an sicheren R\u00e4umen, an Ausstattung, an Perspektive.\u2026\u00a0<a class=\"wp-block-latest-posts__read-more\" href=\"http:\/\/puc-africa.de\/de_de\/projekte\/bildung\/inselschule-shadrob\/neues-schulgebaeude-fuer-die-inselkinder-von-shardrop\/\" rel=\"noopener noreferrer\"><span class=\"screen-reader-text\">Neues Schulgeb\u00e4ude f\u00fcr die Inselkinder <\/span>weiterlesen<\/a><\/div><\/li>\n<li><div class=\"wp-block-latest-posts__featured-image alignleft\"><img loading=\"lazy\" decoding=\"async\" width=\"841\" height=\"809\" src=\"https:\/\/puc-africa.de\/wp-content\/uploads\/2025\/06\/ss-1.jpg\" class=\"attachment-large size-large wp-post-image\" alt=\"\" style=\"max-width:250px;\" srcset=\"https:\/\/puc-africa.de\/wp-content\/uploads\/2025\/06\/ss-1.jpg 841w, https:\/\/puc-africa.de\/wp-content\/uploads\/2025\/06\/ss-1-300x289.jpg 300w, https:\/\/puc-africa.de\/wp-content\/uploads\/2025\/06\/ss-1-768x739.jpg 768w, https:\/\/puc-africa.de\/wp-content\/uploads\/2025\/06\/ss-1-12x12.jpg 12w, https:\/\/puc-africa.de\/wp-content\/uploads\/2025\/06\/ss-1-640x616.jpg 640w\" sizes=\"auto, (max-width: 841px) 100vw, 841px\" \/><\/div><a class=\"wp-block-latest-posts__post-title\" href=\"http:\/\/puc-africa.de\/de_de\/projekte\/bildung\/inselschule-shadrob\/eien-leben-voller-verluste\/\">Hilfe f\u00fcr eine Mutter mit drei Kindern<\/a><time datetime=\"2025-06-13T17:10:46+02:00\" class=\"wp-block-latest-posts__post-date\">13. Juni 2025<\/time><div class=\"wp-block-latest-posts__post-excerpt\">Das Schicksal der Witwe Evalyne Amiri Evalyne lebt direkt gegen\u00fcber der Lolwe Cottages und ist 69 Jahre alt. Im Alter von 16 Jahren kam sie mit ihrem Mann auf die\u2026\u00a0<a class=\"wp-block-latest-posts__read-more\" href=\"http:\/\/puc-africa.de\/de_de\/projekte\/bildung\/inselschule-shadrob\/eien-leben-voller-verluste\/\" rel=\"noopener noreferrer\"><span class=\"screen-reader-text\">Hilfe f\u00fcr eine Mutter mit drei Kindern <\/span>weiterlesen<\/a><\/div><\/li>\n<li><div class=\"wp-block-latest-posts__featured-image alignleft\"><img loading=\"lazy\" decoding=\"async\" width=\"400\" height=\"400\" src=\"https:\/\/puc-africa.de\/wp-content\/uploads\/2025\/06\/image5.jpg\" class=\"attachment-large size-large wp-post-image\" alt=\"\" style=\"max-width:250px;\" srcset=\"https:\/\/puc-africa.de\/wp-content\/uploads\/2025\/06\/image5.jpg 400w, https:\/\/puc-africa.de\/wp-content\/uploads\/2025\/06\/image5-300x300.jpg 300w, https:\/\/puc-africa.de\/wp-content\/uploads\/2025\/06\/image5-150x150.jpg 150w, https:\/\/puc-africa.de\/wp-content\/uploads\/2025\/06\/image5-12x12.jpg 12w\" sizes=\"auto, (max-width: 400px) 100vw, 400px\" \/><\/div><a class=\"wp-block-latest-posts__post-title\" href=\"http:\/\/puc-africa.de\/de_de\/projekte\/bildung\/inselschule-shadrob\/eine-schule-veraendert-alles\/\">Eine Schule ver\u00e4ndert alles<\/a><time datetime=\"2025-05-30T17:32:00+02:00\" class=\"wp-block-latest-posts__post-date\">30. Mai 2025<\/time><div class=\"wp-block-latest-posts__post-excerpt\">Mitten im Victoria-See, auf der abgelegenen Insel Dolwe, geschieht etwas Besonderes: Die Shadrob Junior School w\u00e4chst \u2013 dank der unerm\u00fcdlichen Schulleiterin Robinah Awori, ihrer Familie und der Unterst\u00fctzung durch PUC.\u2026\u00a0<a class=\"wp-block-latest-posts__read-more\" href=\"http:\/\/puc-africa.de\/de_de\/projekte\/bildung\/inselschule-shadrob\/eine-schule-veraendert-alles\/\" rel=\"noopener noreferrer\"><span class=\"screen-reader-text\">Eine Schule ver\u00e4ndert alles <\/span>weiterlesen<\/a><\/div><\/li>\n<li><div class=\"wp-block-latest-posts__featured-image alignleft\"><img loading=\"lazy\" decoding=\"async\" width=\"300\" height=\"308\" src=\"https:\/\/puc-africa.de\/wp-content\/uploads\/2025\/06\/image3-19.jpg\" class=\"attachment-large size-large wp-post-image\" alt=\"\" style=\"max-width:250px;\" srcset=\"https:\/\/puc-africa.de\/wp-content\/uploads\/2025\/06\/image3-19.jpg 300w, https:\/\/puc-africa.de\/wp-content\/uploads\/2025\/06\/image3-19-292x300.jpg 292w, https:\/\/puc-africa.de\/wp-content\/uploads\/2025\/06\/image3-19-12x12.jpg 12w\" sizes=\"auto, (max-width: 300px) 100vw, 300px\" \/><\/div><a class=\"wp-block-latest-posts__post-title\" href=\"http:\/\/puc-africa.de\/de_de\/projekte\/bildung\/inselschule-shadrob\/die-witwen-insel\/\">Die Witwen Insel<\/a><time datetime=\"2025-02-01T17:39:17+01:00\" class=\"wp-block-latest-posts__post-date\">1. Februar 2025<\/time><div class=\"wp-block-latest-posts__post-excerpt\">Hoffnung \u00fcber dem Wasser: Unsere Reise nach Dolwe Island 2025: Die Reise nach Dolwe Island ist m\u00fchsam. Die F\u00e4hre f\u00e4hrt nur viermal pro Woche, \u00fcberf\u00fcllt mit Menschen, Waren \u2013 und\u2026\u00a0<a class=\"wp-block-latest-posts__read-more\" href=\"http:\/\/puc-africa.de\/de_de\/projekte\/bildung\/inselschule-shadrob\/die-witwen-insel\/\" rel=\"noopener noreferrer\"><span class=\"screen-reader-text\">Die Witwen Insel <\/span>weiterlesen<\/a><\/div><\/li>\n<li><div class=\"wp-block-latest-posts__featured-image alignleft\"><img loading=\"lazy\" decoding=\"async\" width=\"299\" height=\"233\" src=\"https:\/\/puc-africa.de\/wp-content\/uploads\/2025\/06\/kinder.jpg\" class=\"attachment-large size-large wp-post-image\" alt=\"\" style=\"max-width:250px;\" srcset=\"https:\/\/puc-africa.de\/wp-content\/uploads\/2025\/06\/kinder.jpg 299w, https:\/\/puc-africa.de\/wp-content\/uploads\/2025\/06\/kinder-15x12.jpg 15w\" sizes=\"auto, (max-width: 299px) 100vw, 299px\" \/><\/div><a class=\"wp-block-latest-posts__post-title\" href=\"http:\/\/puc-africa.de\/de_de\/projekte\/bildung\/inselschule-shadrob\/hilfe-fuer-die-inselschule-shadrob\/\">Hoffnung f\u00fcr die Inselschule Shadrob<\/a><time datetime=\"2023-06-01T17:20:45+02:00\" class=\"wp-block-latest-posts__post-date\">1. Juni 2023<\/time><div class=\"wp-block-latest-posts__post-excerpt\">2023: Lolwe Island ist besonders hart getroffen: extreme Armut, schlechte sanit\u00e4re Verh\u00e4ltnisse, hohe HIV-Rate und kaum Perspektiven \u2013 Fischfang als einziger Verdienstweg wurde durch ausl\u00e4ndische Firmen weitgehend blockiert. Viele Familien\u2026\u00a0<a class=\"wp-block-latest-posts__read-more\" href=\"http:\/\/puc-africa.de\/de_de\/projekte\/bildung\/inselschule-shadrob\/hilfe-fuer-die-inselschule-shadrob\/\" rel=\"noopener noreferrer\"><span class=\"screen-reader-text\">Hoffnung f\u00fcr die Inselschule Shadrob <\/span>weiterlesen<\/a><\/div><\/li>\n<\/ul>","protected":false},"excerpt":{"rendered":"<p>Die Shadrob Junior School auf Dolwe Island ist eine der wenigen privaten Schulen mit 180 Sch\u00fclern auf der abgelegenen Insel im Viktoriasee. Gegr\u00fcndet von Robinah Shadrob, die auf Dolwe geboren wurde und zum Studium einige Jahre auf dem Festland lebte, k\u00e4mpft die Schule mit gro\u00dfer Armut, katastrophalen sanit\u00e4ren Bedingungen, hoher HIV-Rate und Kriminalit\u00e4t. F\u00fcr viele [&hellip;]<\/p>\n","protected":false},"author":1,"featured_media":228,"parent":0,"menu_order":0,"comment_status":"closed","ping_status":"closed","template":"","meta":{"ocean_post_layout":"","ocean_both_sidebars_style":"","ocean_both_sidebars_content_width":0,"ocean_both_sidebars_sidebars_width":0,"ocean_sidebar":"","ocean_second_sidebar":"","ocean_disable_margins":"enable","ocean_add_body_class":"","ocean_shortcode_before_top_bar":"","ocean_shortcode_after_top_bar":"","ocean_shortcode_before_header":"","ocean_shortcode_after_header":"","ocean_has_shortcode":"","ocean_shortcode_after_title":"","ocean_shortcode_before_footer_widgets":"","ocean_shortcode_after_footer_widgets":"","ocean_shortcode_before_footer_bottom":"","ocean_shortcode_after_footer_bottom":"","ocean_display_top_bar":"default","ocean_display_header":"default","ocean_header_style":"","ocean_center_header_left_menu":"","ocean_custom_header_template":"","ocean_custom_logo":0,"ocean_custom_retina_logo":0,"ocean_custom_logo_max_width":0,"ocean_custom_logo_tablet_max_width":0,"ocean_custom_logo_mobile_max_width":0,"ocean_custom_logo_max_height":0,"ocean_custom_logo_tablet_max_height":0,"ocean_custom_logo_mobile_max_height":0,"ocean_header_custom_menu":"","ocean_menu_typo_font_family":"","ocean_menu_typo_font_subset":"","ocean_menu_typo_font_size":0,"ocean_menu_typo_font_size_tablet":0,"ocean_menu_typo_font_size_mobile":0,"ocean_menu_typo_font_size_unit":"px","ocean_menu_typo_font_weight":"","ocean_menu_typo_font_weight_tablet":"","ocean_menu_typo_font_weight_mobile":"","ocean_menu_typo_transform":"","ocean_menu_typo_transform_tablet":"","ocean_menu_typo_transform_mobile":"","ocean_menu_typo_line_height":0,"ocean_menu_typo_line_height_tablet":0,"ocean_menu_typo_line_height_mobile":0,"ocean_menu_typo_line_height_unit":"","ocean_menu_typo_spacing":0,"ocean_menu_typo_spacing_tablet":0,"ocean_menu_typo_spacing_mobile":0,"ocean_menu_typo_spacing_unit":"","ocean_menu_link_color":"","ocean_menu_link_color_hover":"","ocean_menu_link_color_active":"","ocean_menu_link_background":"","ocean_menu_link_hover_background":"","ocean_menu_link_active_background":"","ocean_menu_social_links_bg":"","ocean_menu_social_hover_links_bg":"","ocean_menu_social_links_color":"","ocean_menu_social_hover_links_color":"","ocean_disable_title":"default","ocean_disable_heading":"default","ocean_post_title":"","ocean_post_subheading":"","ocean_post_title_style":"","ocean_post_title_background_color":"","ocean_post_title_background":0,"ocean_post_title_bg_image_position":"","ocean_post_title_bg_image_attachment":"","ocean_post_title_bg_image_repeat":"","ocean_post_title_bg_image_size":"","ocean_post_title_height":0,"ocean_post_title_bg_overlay":0.5,"ocean_post_title_bg_overlay_color":"","ocean_disable_breadcrumbs":"default","ocean_breadcrumbs_color":"","ocean_breadcrumbs_separator_color":"","ocean_breadcrumbs_links_color":"","ocean_breadcrumbs_links_hover_color":"","ocean_display_footer_widgets":"default","ocean_display_footer_bottom":"default","ocean_custom_footer_template":"","footnotes":""},"class_list":["post-81","page","type-page","status-publish","has-post-thumbnail","hentry","entry","has-media"],"_links":{"self":[{"href":"http:\/\/puc-africa.de\/de_de\/wp-json\/wp\/v2\/pages\/81","targetHints":{"allow":["GET"]}}],"collection":[{"href":"http:\/\/puc-africa.de\/de_de\/wp-json\/wp\/v2\/pages"}],"about":[{"href":"http:\/\/puc-africa.de\/de_de\/wp-json\/wp\/v2\/types\/page"}],"author":[{"embeddable":true,"href":"http:\/\/puc-africa.de\/de_de\/wp-json\/wp\/v2\/users\/1"}],"replies":[{"embeddable":true,"href":"http:\/\/puc-africa.de\/de_de\/wp-json\/wp\/v2\/comments?post=81"}],"version-history":[{"count":12,"href":"http:\/\/puc-africa.de\/de_de\/wp-json\/wp\/v2\/pages\/81\/revisions"}],"predecessor-version":[{"id":832,"href":"http:\/\/puc-africa.de\/de_de\/wp-json\/wp\/v2\/pages\/81\/revisions\/832"}],"wp:featuredmedia":[{"embeddable":true,"href":"http:\/\/puc-africa.de\/de_de\/wp-json\/wp\/v2\/media\/228"}],"wp:attachment":[{"href":"http:\/\/puc-africa.de\/de_de\/wp-json\/wp\/v2\/media?parent=81"}],"curies":[{"name":"wp","href":"https:\/\/api.w.org\/{rel}","templated":true}]}}