{"id":9,"date":"2025-05-11T11:33:57","date_gmt":"2025-05-11T09:33:57","guid":{"rendered":"https:\/\/puc-africa.de\/?page_id=9"},"modified":"2026-01-18T18:02:33","modified_gmt":"2026-01-18T17:02:33","slug":"projekte","status":"publish","type":"page","link":"http:\/\/puc-africa.de\/en\/projekte\/","title":{"rendered":"Projects"},"content":{"rendered":"<p>Hier finden Sie eine \u00dcbersicht \u00fcber unsere Projekte.<\/p>\n\n\n\n<div class=\"wp-block-media-text is-stacked-on-mobile is-image-fill-element\"><figure class=\"wp-block-media-text__media\"><img loading=\"lazy\" decoding=\"async\" width=\"474\" height=\"524\" src=\"https:\/\/puc-africa.de\/wp-content\/uploads\/2025\/07\/Iganga-2.jpg\" alt=\"\" class=\"wp-image-693 size-full\" style=\"object-position:50% 50%\" srcset=\"https:\/\/puc-africa.de\/wp-content\/uploads\/2025\/07\/Iganga-2.jpg 474w, https:\/\/puc-africa.de\/wp-content\/uploads\/2025\/07\/Iganga-2-271x300.jpg 271w, https:\/\/puc-africa.de\/wp-content\/uploads\/2025\/07\/Iganga-2-11x12.jpg 11w\" sizes=\"auto, (max-width: 474px) 100vw, 474px\" \/><\/figure><div class=\"wp-block-media-text__content\">\n<p><a href=\"https:\/\/puc-africa.de\/en\/schule-iganga\/\" data-type=\"page\" data-id=\"83\"><strong>Schule Iganga<\/strong><\/a><\/p>\n\n\n\n<p>Die 2013 gegr\u00fcndete Community Trans Nursery and Primary School liegt am Ortsrand der ostugandischen Stadt Iganga und z\u00e4hlt mittlerweile 450 Sch\u00fcler. Viele Kinder stammen aus bitterster Armut, sodass die Eltern kaum Schulgeb\u00fchren oder Verpflegung aufbringen k\u00f6nnen. Viele Kinder legen t\u00e4glich bis zu zwei Stunden Fu\u00dfweg zur\u00fcck, um zumindest eine Mahlzeit in der Schule zu erhalten. <\/p>\n\n\n\n<p>PUC-Africa will das \u00e4ndern: Wir bieten zwei Mahlzeiten t\u00e4glich, zahlen den Lehrkr\u00e4ften Zusch\u00fcsse zu ihrem sehr geringen Lohn und unterst\u00fctzen bei Lehrmaterialien, Mobiliar sowie Bau- und Sanierungsma\u00dfnahmen. So schaffen wir bessere Lernbedingungen, damit die Kinder ihren Abschluss schaffen und eine Perspektive auf ein Leben au\u00dferhalb der Armut erhalten.<\/p>\n<\/div><\/div>\n\n\n\n<div class=\"wp-block-media-text is-stacked-on-mobile is-image-fill-element\"><figure class=\"wp-block-media-text__media\"><img loading=\"lazy\" decoding=\"async\" width=\"400\" height=\"400\" src=\"https:\/\/puc-africa.de\/wp-content\/uploads\/2025\/07\/Inselschule-3.jpg\" alt=\"\" class=\"wp-image-698 size-full\" style=\"object-position:50% 50%\" srcset=\"https:\/\/puc-africa.de\/wp-content\/uploads\/2025\/07\/Inselschule-3.jpg 400w, https:\/\/puc-africa.de\/wp-content\/uploads\/2025\/07\/Inselschule-3-300x300.jpg 300w, https:\/\/puc-africa.de\/wp-content\/uploads\/2025\/07\/Inselschule-3-150x150.jpg 150w, https:\/\/puc-africa.de\/wp-content\/uploads\/2025\/07\/Inselschule-3-12x12.jpg 12w\" sizes=\"auto, (max-width: 400px) 100vw, 400px\" \/><\/figure><div class=\"wp-block-media-text__content\">\n<p><strong><a href=\"https:\/\/puc-africa.de\/en\/inselschule-shadrob\/\" data-type=\"page\" data-id=\"81\">Inselschule Shadrob<\/a><\/strong><br>Die Shadrob Junior School auf Dolwe Island ist eine der wenigen privaten Schulen auf der abgelegenen Insel im Viktoriasee. Gegr\u00fcndet von Robinah Shadrob, die auf Dolwe geboren wurde und zum Studium einige Jahre auf dem Festland lebte, k\u00e4mpft die Schule mit gro\u00dfer Armut, katastrophalen sanit\u00e4ren Bedingungen, hoher HIV-Rate und Kriminalit\u00e4t. F\u00fcr viele Jugendliche bleibt der Fischfang die einzige Perspektive.<\/p>\n\n\n\n<p>Trotzdem kehrte Robinah zur\u00fcck, um das moderne p\u00e4dagogische Konzept von der Community Trans Nursery and Primary School in Iganga auf ihre Insel zu bringen. Sie will den Kindern dadurch Bildung und die Chance auf ein selbstbestimmtes Leben er\u00f6ffnen.<\/p>\n<\/div><\/div>\n\n\n\n<div class=\"wp-block-media-text is-stacked-on-mobile is-image-fill-element\"><figure class=\"wp-block-media-text__media\"><img loading=\"lazy\" decoding=\"async\" width=\"640\" height=\"480\" src=\"https:\/\/puc-africa.de\/wp-content\/uploads\/2025\/07\/akili1-1.jpg\" alt=\"\" class=\"wp-image-699 size-full\" style=\"object-position:36% 52%\" srcset=\"https:\/\/puc-africa.de\/wp-content\/uploads\/2025\/07\/akili1-1.jpg 640w, https:\/\/puc-africa.de\/wp-content\/uploads\/2025\/07\/akili1-1-300x225.jpg 300w, https:\/\/puc-africa.de\/wp-content\/uploads\/2025\/07\/akili1-1-16x12.jpg 16w\" sizes=\"auto, (max-width: 640px) 100vw, 640px\" \/><\/figure><div class=\"wp-block-media-text__content\">\n<p><strong><a href=\"https:\/\/puc-africa.de\/en\/akili-junior-school\/\" data-type=\"page\" data-id=\"274\">Akili Junior School <\/a><\/strong><\/p>\n\n\n\n<p>Im abgelegenen Nordosten Ugandas, in der Karamoja-Region, ist Armut gro\u00df \u2013 und Bildung ein seltener Luxus. Vincent Obulengo k\u00e4mpft mit seiner Junior Academy dagegen an. Hier bekommen Kinder nicht nur Grundschulbildung, sondern auch praktische F\u00e4higkeiten, um ihre Familien zu unterst\u00fctzen.<\/p>\n\n\n\n<p><\/p>\n\n\n\n<p><\/p>\n<\/div><\/div>\n\n\n\n<hr class=\"wp-block-separator has-alpha-channel-opacity\"\/>\n\n\n\n<div class=\"wp-block-media-text is-stacked-on-mobile\"><figure class=\"wp-block-media-text__media\"><img loading=\"lazy\" decoding=\"async\" width=\"533\" height=\"400\" src=\"https:\/\/puc-africa.de\/wp-content\/uploads\/2025\/07\/Ortho-1.jpg\" alt=\"\" class=\"wp-image-700 size-full\" srcset=\"https:\/\/puc-africa.de\/wp-content\/uploads\/2025\/07\/Ortho-1.jpg 533w, https:\/\/puc-africa.de\/wp-content\/uploads\/2025\/07\/Ortho-1-300x225.jpg 300w, https:\/\/puc-africa.de\/wp-content\/uploads\/2025\/07\/Ortho-1-16x12.jpg 16w\" sizes=\"auto, (max-width: 533px) 100vw, 533px\" \/><\/figure><div class=\"wp-block-media-text__content\">\n<p><strong><a href=\"https:\/\/puc-africa.de\/en\/orthopaedie-st-josephs\/\" data-type=\"page\" data-id=\"98\">Orthop\u00e4disches Zentrum<\/a><\/strong><br>In Uganda besteht durch viele Verkehrsunf\u00e4lle, B\u00fcrgerkriege, Landminen und bestehende Lepra ein Bedarf von j\u00e4hrlich mindestens 14.000 Amputationen. Orthop\u00e4diewerkst\u00e4tten gibt es jedoch viel zu wenige. Eine davon ist das St. Joseph Community Orthopedic Health Center in Iganga.<\/p>\n\n\n\n<p>Mr. Angatai, heute \u00fcber 70 Jahre alt, lernte vor \u00fcber 25 Jahren auf einem Workshop deutscher Orthop\u00e4den, aus Plastikrohren und Holz Prothesen zu bauen. Dieses Wissen m\u00f6chte er nun an junge engagierte Orthop\u00e4den weitergeben. Was sie in seiner Werkstatt im Busch lernten, findet im neuen orthop\u00e4dischen Zentrum seine Fortsetzung.<\/p>\n<\/div><\/div>\n\n\n\n<div class=\"wp-block-media-text is-stacked-on-mobile\"><figure class=\"wp-block-media-text__media\"><img loading=\"lazy\" decoding=\"async\" width=\"1024\" height=\"682\" src=\"https:\/\/puc-africa.de\/wp-content\/uploads\/2026\/01\/Klinik-1024x682.jpeg\" alt=\"\" class=\"wp-image-1035 size-full\" srcset=\"https:\/\/puc-africa.de\/wp-content\/uploads\/2026\/01\/Klinik-1024x682.jpeg 1024w, https:\/\/puc-africa.de\/wp-content\/uploads\/2026\/01\/Klinik-300x200.jpeg 300w, https:\/\/puc-africa.de\/wp-content\/uploads\/2026\/01\/Klinik-768x512.jpeg 768w, https:\/\/puc-africa.de\/wp-content\/uploads\/2026\/01\/Klinik-1536x1023.jpeg 1536w, https:\/\/puc-africa.de\/wp-content\/uploads\/2026\/01\/Klinik-18x12.jpeg 18w, https:\/\/puc-africa.de\/wp-content\/uploads\/2026\/01\/Klinik-640x426.jpeg 640w, https:\/\/puc-africa.de\/wp-content\/uploads\/2026\/01\/Klinik.jpeg 1600w\" sizes=\"auto, (max-width: 1024px) 100vw, 1024px\" \/><\/figure><div class=\"wp-block-media-text__content\">\n<p><a href=\"https:\/\/puc-africa.de\/en\/tierklinik-in-tansania\/\"><strong>Tierklinik in Tansania<\/strong><\/a><\/p>\n\n\n\n<p>Im Norden Tansanias zwischen den St\u00e4dten Arusha und Moshi und am Fu\u00dfe des Kilimandscharo sowie des Moint Meru gelegen arbeitet PUC nun mit der Tier\u00e4rztlichen Klinik \u201eVeTZcapes\u201c zusammen. VeTZcapes entstand aus der Liebe zu Tieren und dem Wunsch, hochwertige tier\u00e4rztliche Versorgung zug\u00e4nglicher zu machen. In Tansania, erlebten unsere Gr\u00fcnder die Sch\u00f6nheit der Wildnis \u2013 und den Bedarf an besserer tier\u00e4rztlicher Versorgung. Mit einer modernen Klinik und einem mobilen Einsatzteam in und um Arusha plant VeTZcapes genau diese f\u00fcr die Tiere der Region zu gew\u00e4hrleisten. Das Team behandelt nicht nur \u2013 sondern wir wollen lehren, inspirieren und eine st\u00e4rkere Gemeinschaft rund um die Tiergesundheit und das Tierwohl aufbauen. Bei VeTZcapes ist es mehr als Medizin. Es ist eine Mission.<\/p>\n<\/div><\/div>\n\n\n\n<div class=\"wp-block-media-text is-stacked-on-mobile\"><figure class=\"wp-block-media-text__media\"><img loading=\"lazy\" decoding=\"async\" width=\"533\" height=\"400\" src=\"https:\/\/puc-africa.de\/wp-content\/uploads\/2025\/07\/Toka2-1.jpg\" alt=\"\" class=\"wp-image-701 size-full\" srcset=\"https:\/\/puc-africa.de\/wp-content\/uploads\/2025\/07\/Toka2-1.jpg 533w, https:\/\/puc-africa.de\/wp-content\/uploads\/2025\/07\/Toka2-1-300x225.jpg 300w, https:\/\/puc-africa.de\/wp-content\/uploads\/2025\/07\/Toka2-1-16x12.jpg 16w\" sizes=\"auto, (max-width: 533px) 100vw, 533px\" \/><\/figure><div class=\"wp-block-media-text__content\">\n<p><strong><a href=\"https:\/\/puc-africa.de\/en\/tiergesundheit-toka\/\" data-type=\"page\" data-id=\"100\">TOKA-Tiergesundheit <\/a><\/strong><\/p>\n\n\n\n<p>TOKA steht f\u00fcr Tulwanise Obwavu nkuKulakulana Association und bedeutet in der regionalen Sprache \u201eVereinigung zur Bek\u00e4mpfung der Armut\u201c. Ziel der Tier\u00e4rzte, und Tiergesundheitshelfer von TOKA animal care ist die Versorgung der vielen Nutz- und Haustiere in Bulanga.<\/p>\n\n\n\n<p>Wie \u00fcberall im l\u00e4ndlichen Uganda ist auch in diesem zwischen Iganga und Jinja gelegenen District die Tiergesundheit entscheidend f\u00fcr das Einkommen der Farmer. Dort, wo Tiere Leben bedeuten, unterst\u00fctzen wir TOKA animal care beim Schutz der Viehherden.<\/p>\n<\/div><\/div>","protected":false},"excerpt":{"rendered":"<p>Hier finden Sie eine \u00dcbersicht \u00fcber unsere Projekte. Schule Iganga Die 2013 gegr\u00fcndete Community Trans Nursery and Primary School liegt am Ortsrand der ostugandischen Stadt Iganga und z\u00e4hlt mittlerweile 450 Sch\u00fcler. Viele Kinder stammen aus bitterster Armut, sodass die Eltern kaum Schulgeb\u00fchren oder Verpflegung aufbringen k\u00f6nnen. Viele Kinder legen t\u00e4glich bis zu zwei Stunden Fu\u00dfweg [&hellip;]<\/p>\n","protected":false},"author":1,"featured_media":0,"parent":0,"menu_order":0,"comment_status":"closed","ping_status":"closed","template":"","meta":{"ocean_post_layout":"","ocean_both_sidebars_style":"","ocean_both_sidebars_content_width":0,"ocean_both_sidebars_sidebars_width":0,"ocean_sidebar":"","ocean_second_sidebar":"","ocean_disable_margins":"enable","ocean_add_body_class":"","ocean_shortcode_before_top_bar":"","ocean_shortcode_after_top_bar":"","ocean_shortcode_before_header":"","ocean_shortcode_after_header":"","ocean_has_shortcode":"","ocean_shortcode_after_title":"","ocean_shortcode_before_footer_widgets":"","ocean_shortcode_after_footer_widgets":"","ocean_shortcode_before_footer_bottom":"","ocean_shortcode_after_footer_bottom":"","ocean_display_top_bar":"default","ocean_display_header":"default","ocean_header_style":"","ocean_center_header_left_menu":"","ocean_custom_header_template":"","ocean_custom_logo":0,"ocean_custom_retina_logo":0,"ocean_custom_logo_max_width":0,"ocean_custom_logo_tablet_max_width":0,"ocean_custom_logo_mobile_max_width":0,"ocean_custom_logo_max_height":0,"ocean_custom_logo_tablet_max_height":0,"ocean_custom_logo_mobile_max_height":0,"ocean_header_custom_menu":"","ocean_menu_typo_font_family":"","ocean_menu_typo_font_subset":"","ocean_menu_typo_font_size":0,"ocean_menu_typo_font_size_tablet":0,"ocean_menu_typo_font_size_mobile":0,"ocean_menu_typo_font_size_unit":"px","ocean_menu_typo_font_weight":"","ocean_menu_typo_font_weight_tablet":"","ocean_menu_typo_font_weight_mobile":"","ocean_menu_typo_transform":"","ocean_menu_typo_transform_tablet":"","ocean_menu_typo_transform_mobile":"","ocean_menu_typo_line_height":0,"ocean_menu_typo_line_height_tablet":0,"ocean_menu_typo_line_height_mobile":0,"ocean_menu_typo_line_height_unit":"","ocean_menu_typo_spacing":0,"ocean_menu_typo_spacing_tablet":0,"ocean_menu_typo_spacing_mobile":0,"ocean_menu_typo_spacing_unit":"","ocean_menu_link_color":"","ocean_menu_link_color_hover":"","ocean_menu_link_color_active":"","ocean_menu_link_background":"","ocean_menu_link_hover_background":"","ocean_menu_link_active_background":"","ocean_menu_social_links_bg":"","ocean_menu_social_hover_links_bg":"","ocean_menu_social_links_color":"","ocean_menu_social_hover_links_color":"","ocean_disable_title":"default","ocean_disable_heading":"default","ocean_post_title":"","ocean_post_subheading":"","ocean_post_title_style":"","ocean_post_title_background_color":"","ocean_post_title_background":0,"ocean_post_title_bg_image_position":"","ocean_post_title_bg_image_attachment":"","ocean_post_title_bg_image_repeat":"","ocean_post_title_bg_image_size":"","ocean_post_title_height":0,"ocean_post_title_bg_overlay":0.5,"ocean_post_title_bg_overlay_color":"","ocean_disable_breadcrumbs":"default","ocean_breadcrumbs_color":"","ocean_breadcrumbs_separator_color":"","ocean_breadcrumbs_links_color":"","ocean_breadcrumbs_links_hover_color":"","ocean_display_footer_widgets":"default","ocean_display_footer_bottom":"default","ocean_custom_footer_template":"","footnotes":""},"class_list":["post-9","page","type-page","status-publish","hentry","entry"],"_links":{"self":[{"href":"http:\/\/puc-africa.de\/en\/wp-json\/wp\/v2\/pages\/9","targetHints":{"allow":["GET"]}}],"collection":[{"href":"http:\/\/puc-africa.de\/en\/wp-json\/wp\/v2\/pages"}],"about":[{"href":"http:\/\/puc-africa.de\/en\/wp-json\/wp\/v2\/types\/page"}],"author":[{"embeddable":true,"href":"http:\/\/puc-africa.de\/en\/wp-json\/wp\/v2\/users\/1"}],"replies":[{"embeddable":true,"href":"http:\/\/puc-africa.de\/en\/wp-json\/wp\/v2\/comments?post=9"}],"version-history":[{"count":18,"href":"http:\/\/puc-africa.de\/en\/wp-json\/wp\/v2\/pages\/9\/revisions"}],"predecessor-version":[{"id":1056,"href":"http:\/\/puc-africa.de\/en\/wp-json\/wp\/v2\/pages\/9\/revisions\/1056"}],"wp:attachment":[{"href":"http:\/\/puc-africa.de\/en\/wp-json\/wp\/v2\/media?parent=9"}],"curies":[{"name":"wp","href":"https:\/\/api.w.org\/{rel}","templated":true}]}}