{"id":947,"date":"2025-09-11T19:36:58","date_gmt":"2025-09-11T17:36:58","guid":{"rendered":"https:\/\/puc-africa.de\/?page_id=947"},"modified":"2025-09-16T21:46:57","modified_gmt":"2025-09-16T19:46:57","slug":"impressum","status":"publish","type":"page","link":"http:\/\/puc-africa.de\/en\/impressum\/","title":{"rendered":"Impressum"},"content":{"rendered":"<p>Angaben gem\u00e4\u00df \u00a7 5 TMG:<\/p>\n\n\n\n<p>PUC &#8211; Afrika e. V.<br>Deezb\u00fcller Str. 11<\/p>\n\n\n\n<p>25920 Risum-Lindholm<\/p>\n\n\n\n<p><strong>Vertreten durch:<\/strong><\/p>\n\n\n\n<p>Christine Montag, Deezb\u00fcller Str. 11, 25920 Risum-Lindholm<\/p>\n\n\n\n<p>Christine Burkard, Dorfstr. 134, 25920 Risum-Lindholm<\/p>\n\n\n\n<p>E-Mail: puc.leben@gmail.com<\/p>\n\n\n\n<p><strong>Registereintrag:<\/strong><\/p>\n\n\n\n<p>Eintragung im Vereinsregister.<br>Registergericht: Amtsgericht Flensburg<br>Registernummer: VR 2979 FL<\/p>\n\n\n\n<p><strong>Finanzamt:<\/strong><\/p>\n\n\n\n<p>Flensburg<br>Steuernummer: 15\/291\/77366<\/p>\n\n\n\n<p><strong>Vereinskonto:<\/strong><\/p>\n\n\n\n<p>VR Bank Nieb\u00fcll<\/p>\n\n\n\n<p>IBAN DE67 2176 3542 0007 9208 30<\/p>\n\n\n\n<p>BIC GENODEF1BDS<\/p>\n\n\n\n<p><strong>Fotorechte Website:<\/strong><\/p>\n\n\n\n<p>Christine Montag, Deezb\u00fcller Str. 11, 25920 Risum-Lindholm<\/p>\n\n\n\n<p><strong>Webdesign:<\/strong><\/p>\n\n\n\n<p>Christine Montag mit Jimdo<\/p>\n\n\n\n<p><strong>Haftungsausschluss<\/strong><\/p>\n\n\n\n<p><strong>1. Inhalt des Onlineangebotes<\/strong><\/p>\n\n\n\n<p>Die vom Webseitenbetreiber ver\u00f6ffentlichten Informationen, Adressen und Bilder sind mit gr\u00f6\u00dfter Sorgfalt recherchiert. Dennoch kann f\u00fcr die Richtigkeit keine Gew\u00e4hr \u00fcbernommen werden. Die Informationen und Bilder dienen ausschlie\u00dflich zur pers\u00f6nlichen Information des Nutzers. Kein Teil dieser Publikation darf ohne ausdr\u00fcckliche schriftliche Genehmigung des Herausgebers in irgendeiner Form reproduziert oder unter Verwendung elektronischer Systeme verarbeitet, vervielf\u00e4ltigt oder verbreitet werden. Waren- und Firmennamen werden ohne Gew\u00e4hrleistung einer freien Verwendung benutzt. Der Webseitenbetreiber beh\u00e4lt es sich ausdr\u00fccklich vor, Seiten oder einzelne Angebote oder das gesamte Angebot ohne gesonderte Ank\u00fcndigung zu ver\u00e4ndern, zu l\u00f6schen oder die Ver\u00f6ffentlichung zeitweise oder endg\u00fcltig einzustellen. Die Dokumente\/Informationen k\u00f6nnen durch aktuelle Entwicklungen \u00fcberholt sein, ohne dass die bereitgestellten Dokumente\/Informationen ge\u00e4ndert wurden. Alle Angebote sind freibleibend und unverbindlich.<\/p>\n\n\n\n<p><strong>2. Urheber und Nutzungsrecht<\/strong><\/p>\n\n\n\n<p>Die Web-Seiten, ihre Programmierung, Inhalte, Gestaltung und Struktur unterliegen urheber-, marken- und wettbewerbsrechtlichen Schutzrechten. Urheberrechtshinweise und Markenbezeichnungen d\u00fcrfen weder ver\u00e4ndert noch beseitigt werden. Eine Vervielf\u00e4ltigung, Verbreitung, Bereithaltung zum Abruf oder Online &#8211; Zug\u00e4nglichmachung (\u00dcbernahme in andere Webseite) unserer Webseiten, des Layouts der Webseiten, ihrer Inhalte (Texte, Bilder, Programme) ganz oder teilweise, in ver\u00e4nderter oder unver\u00e4nderter Form ist nur nach vorheriger schriftlicher Zustimmung vom Webseitenbetreiber zul\u00e4ssig. Lediglich die nicht-kommerzielle private Nutzung ist in den Grenzen des Urheberrechtsgesetzes zul\u00e4ssig.<\/p>\n\n\n\n<p><strong>3. Datenschutz<\/strong><\/p>\n\n\n\n<p>Sofern Sie \u00fcber das Internetangebot pers\u00f6nliche Daten mitteilen, werden diese mit \u00fcblicher Sorgfalt und entsprechend der datenschutzrechtlichen Bestimmungen behandelt. Eine dauerhafte Speicherung, Auswertung oder Weitergabe an Dritte erfolgt nicht. Daten, Anfragen oder Informationen, die Sie \u00fcber Kontaktformulare an den Webseitenbetreiber senden, werden direkt per Email weitergeleitet. Zu diesem Zweck werden Ihre Daten \/ Nachrichten auf dem Server zwischengespeichert. Eine Nutzung zu einem andern Zweck oder eine Datenweitergabe an Dritte findet ohne Ihre Zustimmung nicht statt. Bitte beachten Sie, dass wir aus technischen Gr\u00fcnden keine gesicherte (verschl\u00fcsselte) \u00dcbertragung Ihrer Nachrichten anbieten.<\/p>\n\n\n\n<p><strong>4. Verweise und Links<\/strong><\/p>\n\n\n\n<p>Inhalte von Internetseiten, die von dieser Seite aus verlinkt wurden, k\u00f6nnen sich \u00e4ndern, ohne dass der Webseitenbetreiber davon Kenntnis erh\u00e4lt. Von Inhalten und Gestaltungen von \u00fcber Links zu erreichenden Seiten, die nach der Linksetzung ver\u00e4ndert wurden distanzieren wir uns daher ausdr\u00fccklich und lehnen jede Verantwortung ab, sollten diese gegen Gesetze \/ Rechtsvorschriften oder \u00e4hnliches versto\u00dfen. Die Meinung von verlinkten Seiten kann, muss aber nicht unsere Meinung darstellen, selbst dann nicht, wenn diese allen Gesetzen und Vorschriften Gen\u00fcge tun.<\/p>","protected":false},"excerpt":{"rendered":"<p>Angaben gem\u00e4\u00df \u00a7 5 TMG: PUC &#8211; Afrika e. V.Deezb\u00fcller Str. 11 25920 Risum-Lindholm Vertreten durch: Christine Montag, Deezb\u00fcller Str. 11, 25920 Risum-Lindholm Christine Burkard, Dorfstr. 134, 25920 Risum-Lindholm E-Mail: puc.leben@gmail.com Registereintrag: Eintragung im Vereinsregister.Registergericht: Amtsgericht FlensburgRegisternummer: VR 2979 FL Finanzamt: FlensburgSteuernummer: 15\/291\/77366 Vereinskonto: VR Bank Nieb\u00fcll IBAN DE67 2176 3542 0007 9208 30 BIC [&hellip;]<\/p>\n","protected":false},"author":1,"featured_media":0,"parent":0,"menu_order":0,"comment_status":"closed","ping_status":"closed","template":"","meta":{"ocean_post_layout":"","ocean_both_sidebars_style":"","ocean_both_sidebars_content_width":0,"ocean_both_sidebars_sidebars_width":0,"ocean_sidebar":"","ocean_second_sidebar":"","ocean_disable_margins":"enable","ocean_add_body_class":"","ocean_shortcode_before_top_bar":"","ocean_shortcode_after_top_bar":"","ocean_shortcode_before_header":"","ocean_shortcode_after_header":"","ocean_has_shortcode":"","ocean_shortcode_after_title":"","ocean_shortcode_before_footer_widgets":"","ocean_shortcode_after_footer_widgets":"","ocean_shortcode_before_footer_bottom":"","ocean_shortcode_after_footer_bottom":"","ocean_display_top_bar":"default","ocean_display_header":"default","ocean_header_style":"","ocean_center_header_left_menu":"","ocean_custom_header_template":"","ocean_custom_logo":0,"ocean_custom_retina_logo":0,"ocean_custom_logo_max_width":0,"ocean_custom_logo_tablet_max_width":0,"ocean_custom_logo_mobile_max_width":0,"ocean_custom_logo_max_height":0,"ocean_custom_logo_tablet_max_height":0,"ocean_custom_logo_mobile_max_height":0,"ocean_header_custom_menu":"","ocean_menu_typo_font_family":"","ocean_menu_typo_font_subset":"","ocean_menu_typo_font_size":0,"ocean_menu_typo_font_size_tablet":0,"ocean_menu_typo_font_size_mobile":0,"ocean_menu_typo_font_size_unit":"px","ocean_menu_typo_font_weight":"","ocean_menu_typo_font_weight_tablet":"","ocean_menu_typo_font_weight_mobile":"","ocean_menu_typo_transform":"","ocean_menu_typo_transform_tablet":"","ocean_menu_typo_transform_mobile":"","ocean_menu_typo_line_height":0,"ocean_menu_typo_line_height_tablet":0,"ocean_menu_typo_line_height_mobile":0,"ocean_menu_typo_line_height_unit":"","ocean_menu_typo_spacing":0,"ocean_menu_typo_spacing_tablet":0,"ocean_menu_typo_spacing_mobile":0,"ocean_menu_typo_spacing_unit":"","ocean_menu_link_color":"","ocean_menu_link_color_hover":"","ocean_menu_link_color_active":"","ocean_menu_link_background":"","ocean_menu_link_hover_background":"","ocean_menu_link_active_background":"","ocean_menu_social_links_bg":"","ocean_menu_social_hover_links_bg":"","ocean_menu_social_links_color":"","ocean_menu_social_hover_links_color":"","ocean_disable_title":"default","ocean_disable_heading":"default","ocean_post_title":"","ocean_post_subheading":"","ocean_post_title_style":"","ocean_post_title_background_color":"","ocean_post_title_background":0,"ocean_post_title_bg_image_position":"","ocean_post_title_bg_image_attachment":"","ocean_post_title_bg_image_repeat":"","ocean_post_title_bg_image_size":"","ocean_post_title_height":0,"ocean_post_title_bg_overlay":0.5,"ocean_post_title_bg_overlay_color":"","ocean_disable_breadcrumbs":"default","ocean_breadcrumbs_color":"","ocean_breadcrumbs_separator_color":"","ocean_breadcrumbs_links_color":"","ocean_breadcrumbs_links_hover_color":"","ocean_display_footer_widgets":"default","ocean_display_footer_bottom":"default","ocean_custom_footer_template":"","footnotes":""},"class_list":["post-947","page","type-page","status-publish","hentry","entry"],"_links":{"self":[{"href":"http:\/\/puc-africa.de\/en\/wp-json\/wp\/v2\/pages\/947","targetHints":{"allow":["GET"]}}],"collection":[{"href":"http:\/\/puc-africa.de\/en\/wp-json\/wp\/v2\/pages"}],"about":[{"href":"http:\/\/puc-africa.de\/en\/wp-json\/wp\/v2\/types\/page"}],"author":[{"embeddable":true,"href":"http:\/\/puc-africa.de\/en\/wp-json\/wp\/v2\/users\/1"}],"replies":[{"embeddable":true,"href":"http:\/\/puc-africa.de\/en\/wp-json\/wp\/v2\/comments?post=947"}],"version-history":[{"count":2,"href":"http:\/\/puc-africa.de\/en\/wp-json\/wp\/v2\/pages\/947\/revisions"}],"predecessor-version":[{"id":966,"href":"http:\/\/puc-africa.de\/en\/wp-json\/wp\/v2\/pages\/947\/revisions\/966"}],"wp:attachment":[{"href":"http:\/\/puc-africa.de\/en\/wp-json\/wp\/v2\/media?parent=947"}],"curies":[{"name":"wp","href":"https:\/\/api.w.org\/{rel}","templated":true}]}}