{"id":98,"date":"2025-05-11T15:43:22","date_gmt":"2025-05-11T13:43:22","guid":{"rendered":"https:\/\/puc-africa.de\/?page_id=98"},"modified":"2025-07-22T17:27:25","modified_gmt":"2025-07-22T15:27:25","slug":"orthopaedie-st-josephs","status":"publish","type":"page","link":"http:\/\/puc-africa.de\/en\/orthopaedie-st-josephs\/","title":{"rendered":"Orthop\u00e4die St. Josephs"},"content":{"rendered":"<div class=\"wp-block-media-text is-stacked-on-mobile is-image-fill-element\" style=\"grid-template-columns:51% auto\"><figure class=\"wp-block-media-text__media\"><img loading=\"lazy\" decoding=\"async\" width=\"520\" height=\"390\" src=\"https:\/\/puc-africa.de\/wp-content\/uploads\/2025\/07\/ortho2.jpg\" alt=\"\" class=\"wp-image-676 size-full\" style=\"object-position:50% 17%\" srcset=\"https:\/\/puc-africa.de\/wp-content\/uploads\/2025\/07\/ortho2.jpg 520w, https:\/\/puc-africa.de\/wp-content\/uploads\/2025\/07\/ortho2-300x225.jpg 300w, https:\/\/puc-africa.de\/wp-content\/uploads\/2025\/07\/ortho2-16x12.jpg 16w\" sizes=\"auto, (max-width: 520px) 100vw, 520px\" \/><\/figure><div class=\"wp-block-media-text__content\">\n<p>In Uganda besteht durch viele Verkehrsunf\u00e4lle, B\u00fcrgerkriege, Landminen und bestehende Lepra ein Bedarf von j\u00e4hrlich mindestens 14.000 Amputationen. Orthop\u00e4diewerkst\u00e4tten gibt es jedoch viel zu wenige. Eine davon ist das St. Joseph Community Orthopedic Health Center in Iganga.<\/p>\n\n\n\n<p>Mr. Angatai, heute \u00fcber 70 Jahre alt, lernte vor \u00fcber 25 Jahren auf einem Workshop deutscher Orthop\u00e4den, aus Plastikrohren und Holz Prothesen zu bauen. Dieses Wissen m\u00f6chte er nun an junge engagierte Orthop\u00e4den weitergeben. Was sie in seiner Werkstatt im Busch lernten, findet im neuen orthop\u00e4dischen Zentrum seine Fortsetzung.<\/p>\n<\/div><\/div>\n\n\n<ul class=\"wp-block-latest-posts__list has-dates wp-block-latest-posts\"><li><div class=\"wp-block-latest-posts__featured-image alignleft\"><img loading=\"lazy\" decoding=\"async\" width=\"1024\" height=\"843\" src=\"https:\/\/puc-africa.de\/wp-content\/uploads\/2026\/03\/WhatsApp-Image-2026-03-01-at-20.55.10-1024x843.jpeg\" class=\"attachment-large size-large wp-post-image\" alt=\"\" style=\"max-width:250px;\" srcset=\"https:\/\/puc-africa.de\/wp-content\/uploads\/2026\/03\/WhatsApp-Image-2026-03-01-at-20.55.10-1024x843.jpeg 1024w, https:\/\/puc-africa.de\/wp-content\/uploads\/2026\/03\/WhatsApp-Image-2026-03-01-at-20.55.10-300x247.jpeg 300w, https:\/\/puc-africa.de\/wp-content\/uploads\/2026\/03\/WhatsApp-Image-2026-03-01-at-20.55.10-768x633.jpeg 768w, https:\/\/puc-africa.de\/wp-content\/uploads\/2026\/03\/WhatsApp-Image-2026-03-01-at-20.55.10-15x12.jpeg 15w, https:\/\/puc-africa.de\/wp-content\/uploads\/2026\/03\/WhatsApp-Image-2026-03-01-at-20.55.10-640x527.jpeg 640w, https:\/\/puc-africa.de\/wp-content\/uploads\/2026\/03\/WhatsApp-Image-2026-03-01-at-20.55.10.jpeg 1536w\" sizes=\"auto, (max-width: 1024px) 100vw, 1024px\" \/><\/div><a class=\"wp-block-latest-posts__post-title\" href=\"http:\/\/puc-africa.de\/en\/projekte\/gesundheit\/orthopaedie-st-josephs\/neue-maschinen-fuer-die-werkstatt\/\">Neue Maschinen f\u00fcr die Werkstatt<\/a><time datetime=\"2026-03-13T18:53:34+01:00\" class=\"wp-block-latest-posts__post-date\">13. March 2026<\/time><div class=\"wp-block-latest-posts__post-excerpt\">Herzlich wie immer ist der Empfang im Orthop\u00e4dischen Zentrum beim\u2026 <a class=\"wp-block-latest-posts__read-more\" href=\"http:\/\/puc-africa.de\/en\/projekte\/gesundheit\/orthopaedie-st-josephs\/neue-maschinen-fuer-die-werkstatt\/\" rel=\"noopener noreferrer\">Read more<span class=\"screen-reader-text\">: Neue Maschinen f\u00fcr die Werkstatt<\/span><\/a><\/div><\/li>\n<li><div class=\"wp-block-latest-posts__featured-image alignleft\"><img loading=\"lazy\" decoding=\"async\" width=\"293\" height=\"236\" src=\"https:\/\/puc-africa.de\/wp-content\/uploads\/2025\/08\/imageLLLL.jpg\" class=\"attachment-large size-large wp-post-image\" alt=\"\" style=\"max-width:250px;\" srcset=\"https:\/\/puc-africa.de\/wp-content\/uploads\/2025\/08\/imageLLLL.jpg 293w, https:\/\/puc-africa.de\/wp-content\/uploads\/2025\/08\/imageLLLL-15x12.jpg 15w\" sizes=\"auto, (max-width: 293px) 100vw, 293px\" \/><\/div><a class=\"wp-block-latest-posts__post-title\" href=\"http:\/\/puc-africa.de\/en\/allgemein\/hilfe-die-weiterlaeuft\/\">Hilfe, die weiterl\u00e4uft!<\/a><time datetime=\"2025-08-11T16:52:07+02:00\" class=\"wp-block-latest-posts__post-date\">11. August 2025<\/time><div class=\"wp-block-latest-posts__post-excerpt\">Seit das St. Joseph Orthop\u00e4die Health Center durch zwei District\u2026 <a class=\"wp-block-latest-posts__read-more\" href=\"http:\/\/puc-africa.de\/en\/allgemein\/hilfe-die-weiterlaeuft\/\" rel=\"noopener noreferrer\">Read more<span class=\"screen-reader-text\">: Hilfe, die weiterl\u00e4uft!<\/span><\/a><\/div><\/li>\n<li><div class=\"wp-block-latest-posts__featured-image alignleft\"><img loading=\"lazy\" decoding=\"async\" width=\"481\" height=\"440\" src=\"https:\/\/puc-africa.de\/wp-content\/uploads\/2025\/07\/danke-1.jpg\" class=\"attachment-large size-large wp-post-image\" alt=\"\" style=\"max-width:250px;\" srcset=\"https:\/\/puc-africa.de\/wp-content\/uploads\/2025\/07\/danke-1.jpg 481w, https:\/\/puc-africa.de\/wp-content\/uploads\/2025\/07\/danke-1-300x274.jpg 300w, https:\/\/puc-africa.de\/wp-content\/uploads\/2025\/07\/danke-1-13x12.jpg 13w\" sizes=\"auto, (max-width: 481px) 100vw, 481px\" \/><\/div><a class=\"wp-block-latest-posts__post-title\" href=\"http:\/\/puc-africa.de\/en\/allgemein\/danke-fuer-45-prothesen\/\">Danke f\u00fcr 45 Prothesen<\/a><time datetime=\"2025-07-10T15:16:48+02:00\" class=\"wp-block-latest-posts__post-date\">10. July 2025<\/time><div class=\"wp-block-latest-posts__post-excerpt\">Diese Nachricht erreichte uns im Juni aus Uganda von einem\u2026 <a class=\"wp-block-latest-posts__read-more\" href=\"http:\/\/puc-africa.de\/en\/allgemein\/danke-fuer-45-prothesen\/\" rel=\"noopener noreferrer\">Read more<span class=\"screen-reader-text\">: Danke f\u00fcr 45 Prothesen<\/span><\/a><\/div><\/li>\n<li><a class=\"wp-block-latest-posts__post-title\" href=\"http:\/\/puc-africa.de\/en\/projekte\/gesundheit\/orthopaedie-st-josephs\/hoffnung-fuer-amputierte\/\">Hoffnung f\u00fcr Amputierte<\/a><time datetime=\"2024-06-13T15:55:39+02:00\" class=\"wp-block-latest-posts__post-date\">13. June 2024<\/time><div class=\"wp-block-latest-posts__post-excerpt\">2024: Nachdem das St. Joseph Orthopedic Health Center durch Unterst\u00fctzung\u2026 <a class=\"wp-block-latest-posts__read-more\" href=\"http:\/\/puc-africa.de\/en\/projekte\/gesundheit\/orthopaedie-st-josephs\/hoffnung-fuer-amputierte\/\" rel=\"noopener noreferrer\">Read more<span class=\"screen-reader-text\">: Hoffnung f\u00fcr Amputierte<\/span><\/a><\/div><\/li>\n<li><div class=\"wp-block-latest-posts__featured-image alignleft\"><img loading=\"lazy\" decoding=\"async\" width=\"300\" height=\"400\" src=\"https:\/\/puc-africa.de\/wp-content\/uploads\/2025\/06\/image3-17.jpg\" class=\"attachment-large size-large wp-post-image\" alt=\"\" style=\"max-width:250px;\" srcset=\"https:\/\/puc-africa.de\/wp-content\/uploads\/2025\/06\/image3-17.jpg 300w, https:\/\/puc-africa.de\/wp-content\/uploads\/2025\/06\/image3-17-225x300.jpg 225w, https:\/\/puc-africa.de\/wp-content\/uploads\/2025\/06\/image3-17-9x12.jpg 9w\" sizes=\"auto, (max-width: 300px) 100vw, 300px\" \/><\/div><a class=\"wp-block-latest-posts__post-title\" href=\"http:\/\/puc-africa.de\/en\/allgemein\/prothesenversorgung-und-hoffnung-fuer-iganga\/\">Prothesenversorgung in Uganda<\/a><time datetime=\"2023-06-13T15:52:27+02:00\" class=\"wp-block-latest-posts__post-date\">13. June 2023<\/time><div class=\"wp-block-latest-posts__post-excerpt\">Gro\u00dfer Bedarf trifft begrenzte RessourcenSeit dem Erhalt des Rotary District\u2026 <a class=\"wp-block-latest-posts__read-more\" href=\"http:\/\/puc-africa.de\/en\/allgemein\/prothesenversorgung-und-hoffnung-fuer-iganga\/\" rel=\"noopener noreferrer\">Read more<span class=\"screen-reader-text\">: Prothesenversorgung in Uganda<\/span><\/a><\/div><\/li>\n<li><div class=\"wp-block-latest-posts__featured-image alignleft\"><img loading=\"lazy\" decoding=\"async\" width=\"300\" height=\"400\" src=\"https:\/\/puc-africa.de\/wp-content\/uploads\/2025\/06\/image-12.jpg\" class=\"attachment-large size-large wp-post-image\" alt=\"\" style=\"max-width:250px;\" srcset=\"https:\/\/puc-africa.de\/wp-content\/uploads\/2025\/06\/image-12.jpg 300w, https:\/\/puc-africa.de\/wp-content\/uploads\/2025\/06\/image-12-225x300.jpg 225w, https:\/\/puc-africa.de\/wp-content\/uploads\/2025\/06\/image-12-9x12.jpg 9w\" sizes=\"auto, (max-width: 300px) 100vw, 300px\" \/><\/div><a class=\"wp-block-latest-posts__post-title\" href=\"http:\/\/puc-africa.de\/en\/projekte\/gesundheit\/orthopaedie-st-josephs\/unterstuetzung-fuer-st-joseph-nach-der-pandemie\/\">Unterst\u00fctzung f\u00fcr St. Joseph nach der Pandemie<\/a><time datetime=\"2022-06-13T15:39:46+02:00\" class=\"wp-block-latest-posts__post-date\">13. June 2022<\/time><div class=\"wp-block-latest-posts__post-excerpt\">Rotary-F\u00f6rderung f\u00fcr Hand- und ArmprothesenF\u00fcr das orthop\u00e4dische Projekt haben wir\u2026 <a class=\"wp-block-latest-posts__read-more\" href=\"http:\/\/puc-africa.de\/en\/projekte\/gesundheit\/orthopaedie-st-josephs\/unterstuetzung-fuer-st-joseph-nach-der-pandemie\/\" rel=\"noopener noreferrer\">Read more<span class=\"screen-reader-text\">: Unterst\u00fctzung f\u00fcr St. Joseph nach der Pandemie<\/span><\/a><\/div><\/li>\n<li><div class=\"wp-block-latest-posts__featured-image alignleft\"><img loading=\"lazy\" decoding=\"async\" width=\"520\" height=\"390\" src=\"https:\/\/puc-africa.de\/wp-content\/uploads\/2025\/06\/image2-13.jpg\" class=\"attachment-large size-large wp-post-image\" alt=\"\" style=\"max-width:250px;\" srcset=\"https:\/\/puc-africa.de\/wp-content\/uploads\/2025\/06\/image2-13.jpg 520w, https:\/\/puc-africa.de\/wp-content\/uploads\/2025\/06\/image2-13-300x225.jpg 300w, https:\/\/puc-africa.de\/wp-content\/uploads\/2025\/06\/image2-13-16x12.jpg 16w\" sizes=\"auto, (max-width: 520px) 100vw, 520px\" \/><\/div><a class=\"wp-block-latest-posts__post-title\" href=\"http:\/\/puc-africa.de\/en\/allgemein\/physiotherapie-die-bewegt\/\">Physiotherapie, die bewegt<\/a><time datetime=\"2020-06-13T15:35:19+02:00\" class=\"wp-block-latest-posts__post-date\">13. June 2020<\/time><div class=\"wp-block-latest-posts__post-excerpt\">Beim Projektbesuch im Februar 2020 waren erstmals Volont\u00e4rinnen aus Deutschland\u2026 <a class=\"wp-block-latest-posts__read-more\" href=\"http:\/\/puc-africa.de\/en\/allgemein\/physiotherapie-die-bewegt\/\" rel=\"noopener noreferrer\">Read more<span class=\"screen-reader-text\">: Physiotherapie, die bewegt<\/span><\/a><\/div><\/li>\n<li><div class=\"wp-block-latest-posts__featured-image alignleft\"><img loading=\"lazy\" decoding=\"async\" width=\"301\" height=\"400\" src=\"https:\/\/puc-africa.de\/wp-content\/uploads\/2025\/06\/image2-12.jpg\" class=\"attachment-large size-large wp-post-image\" alt=\"\" style=\"max-width:250px;\" srcset=\"https:\/\/puc-africa.de\/wp-content\/uploads\/2025\/06\/image2-12.jpg 301w, https:\/\/puc-africa.de\/wp-content\/uploads\/2025\/06\/image2-12-226x300.jpg 226w, https:\/\/puc-africa.de\/wp-content\/uploads\/2025\/06\/image2-12-9x12.jpg 9w\" sizes=\"auto, (max-width: 301px) 100vw, 301px\" \/><\/div><a class=\"wp-block-latest-posts__post-title\" href=\"http:\/\/puc-africa.de\/en\/projekte\/gesundheit\/orthopaedie-st-josephs\/qualitaet-spricht-sich-rum\/\">Qualit\u00e4t spricht sich rum<\/a><time datetime=\"2019-06-13T15:28:56+02:00\" class=\"wp-block-latest-posts__post-date\">13. June 2019<\/time><div class=\"wp-block-latest-posts__post-excerpt\">Materialien, die in Uganda nicht zu erwerben sind, schickten wir\u2026 <a class=\"wp-block-latest-posts__read-more\" href=\"http:\/\/puc-africa.de\/en\/projekte\/gesundheit\/orthopaedie-st-josephs\/qualitaet-spricht-sich-rum\/\" rel=\"noopener noreferrer\">Read more<span class=\"screen-reader-text\">: Qualit\u00e4t spricht sich rum<\/span><\/a><\/div><\/li>\n<li><div class=\"wp-block-latest-posts__featured-image alignleft\"><img loading=\"lazy\" decoding=\"async\" width=\"533\" height=\"400\" src=\"https:\/\/puc-africa.de\/wp-content\/uploads\/2025\/06\/klump2e.jpg\" class=\"attachment-large size-large wp-post-image\" alt=\"\" style=\"max-width:250px;\" srcset=\"https:\/\/puc-africa.de\/wp-content\/uploads\/2025\/06\/klump2e.jpg 533w, https:\/\/puc-africa.de\/wp-content\/uploads\/2025\/06\/klump2e-300x225.jpg 300w, https:\/\/puc-africa.de\/wp-content\/uploads\/2025\/06\/klump2e-16x12.jpg 16w\" sizes=\"auto, (max-width: 533px) 100vw, 533px\" \/><\/div><a class=\"wp-block-latest-posts__post-title\" href=\"http:\/\/puc-africa.de\/en\/projekte\/gesundheit\/orthopaedie-st-josephs\/zurueck-auf-die-beine\/\">Zur\u00fcck auf die Beine<\/a><time datetime=\"2018-06-13T15:14:04+02:00\" class=\"wp-block-latest-posts__post-date\">13. June 2018<\/time><div class=\"wp-block-latest-posts__post-excerpt\">Polio-Sp\u00e4tfolgen und Fehlstellungen Viele \u00e4ltere Menschen in Uganda leiden unter\u2026 <a class=\"wp-block-latest-posts__read-more\" href=\"http:\/\/puc-africa.de\/en\/projekte\/gesundheit\/orthopaedie-st-josephs\/zurueck-auf-die-beine\/\" rel=\"noopener noreferrer\">Read more<span class=\"screen-reader-text\">: Zur\u00fcck auf die Beine<\/span><\/a><\/div><\/li>\n<li><div class=\"wp-block-latest-posts__featured-image alignleft\"><img loading=\"lazy\" decoding=\"async\" width=\"480\" height=\"640\" src=\"https:\/\/puc-africa.de\/wp-content\/uploads\/2025\/06\/1682933669.jpg\" class=\"attachment-large size-large wp-post-image\" alt=\"\" style=\"max-width:250px;\" srcset=\"https:\/\/puc-africa.de\/wp-content\/uploads\/2025\/06\/1682933669.jpg 480w, https:\/\/puc-africa.de\/wp-content\/uploads\/2025\/06\/1682933669-225x300.jpg 225w, https:\/\/puc-africa.de\/wp-content\/uploads\/2025\/06\/1682933669-9x12.jpg 9w\" sizes=\"auto, (max-width: 480px) 100vw, 480px\" \/><\/div><a class=\"wp-block-latest-posts__post-title\" href=\"http:\/\/puc-africa.de\/en\/projekte\/gesundheit\/orthopaedie-st-josephs\/zusammenarbeit-mit-st-joseph-orthopedic-health-centre\/\">Zusammenarbeit mit St. Joseph Orthopedic Health Centre<\/a><time datetime=\"2017-06-13T14:52:39+02:00\" class=\"wp-block-latest-posts__post-date\">13. June 2017<\/time><div class=\"wp-block-latest-posts__post-excerpt\">Zusammenarbeit mit St. Joseph Orthopedic Health Centre Am letzten Tag\u2026 <a class=\"wp-block-latest-posts__read-more\" href=\"http:\/\/puc-africa.de\/en\/projekte\/gesundheit\/orthopaedie-st-josephs\/zusammenarbeit-mit-st-joseph-orthopedic-health-centre\/\" rel=\"noopener noreferrer\">Read more<span class=\"screen-reader-text\">: Zusammenarbeit mit St. Joseph Orthopedic Health Centre<\/span><\/a><\/div><\/li>\n<\/ul>","protected":false},"excerpt":{"rendered":"<p>In Uganda besteht durch viele Verkehrsunf\u00e4lle, B\u00fcrgerkriege, Landminen und bestehende Lepra ein Bedarf von j\u00e4hrlich mindestens 14.000 Amputationen. Orthop\u00e4diewerkst\u00e4tten gibt es jedoch viel zu wenige. Eine davon ist das St. Joseph Community Orthopedic Health Center in Iganga. Mr. Angatai, heute \u00fcber 70 Jahre alt, lernte vor \u00fcber 25 Jahren auf einem Workshop deutscher Orthop\u00e4den, aus [&hellip;]<\/p>\n","protected":false},"author":1,"featured_media":511,"parent":0,"menu_order":0,"comment_status":"closed","ping_status":"closed","template":"","meta":{"ocean_post_layout":"","ocean_both_sidebars_style":"","ocean_both_sidebars_content_width":0,"ocean_both_sidebars_sidebars_width":0,"ocean_sidebar":"","ocean_second_sidebar":"","ocean_disable_margins":"enable","ocean_add_body_class":"","ocean_shortcode_before_top_bar":"","ocean_shortcode_after_top_bar":"","ocean_shortcode_before_header":"","ocean_shortcode_after_header":"","ocean_has_shortcode":"","ocean_shortcode_after_title":"","ocean_shortcode_before_footer_widgets":"","ocean_shortcode_after_footer_widgets":"","ocean_shortcode_before_footer_bottom":"","ocean_shortcode_after_footer_bottom":"","ocean_display_top_bar":"default","ocean_display_header":"default","ocean_header_style":"","ocean_center_header_left_menu":"","ocean_custom_header_template":"","ocean_custom_logo":0,"ocean_custom_retina_logo":0,"ocean_custom_logo_max_width":0,"ocean_custom_logo_tablet_max_width":0,"ocean_custom_logo_mobile_max_width":0,"ocean_custom_logo_max_height":0,"ocean_custom_logo_tablet_max_height":0,"ocean_custom_logo_mobile_max_height":0,"ocean_header_custom_menu":"","ocean_menu_typo_font_family":"","ocean_menu_typo_font_subset":"","ocean_menu_typo_font_size":0,"ocean_menu_typo_font_size_tablet":0,"ocean_menu_typo_font_size_mobile":0,"ocean_menu_typo_font_size_unit":"px","ocean_menu_typo_font_weight":"","ocean_menu_typo_font_weight_tablet":"","ocean_menu_typo_font_weight_mobile":"","ocean_menu_typo_transform":"","ocean_menu_typo_transform_tablet":"","ocean_menu_typo_transform_mobile":"","ocean_menu_typo_line_height":0,"ocean_menu_typo_line_height_tablet":0,"ocean_menu_typo_line_height_mobile":0,"ocean_menu_typo_line_height_unit":"","ocean_menu_typo_spacing":0,"ocean_menu_typo_spacing_tablet":0,"ocean_menu_typo_spacing_mobile":0,"ocean_menu_typo_spacing_unit":"","ocean_menu_link_color":"","ocean_menu_link_color_hover":"","ocean_menu_link_color_active":"","ocean_menu_link_background":"","ocean_menu_link_hover_background":"","ocean_menu_link_active_background":"","ocean_menu_social_links_bg":"","ocean_menu_social_hover_links_bg":"","ocean_menu_social_links_color":"","ocean_menu_social_hover_links_color":"","ocean_disable_title":"default","ocean_disable_heading":"default","ocean_post_title":"","ocean_post_subheading":"","ocean_post_title_style":"","ocean_post_title_background_color":"","ocean_post_title_background":0,"ocean_post_title_bg_image_position":"","ocean_post_title_bg_image_attachment":"","ocean_post_title_bg_image_repeat":"","ocean_post_title_bg_image_size":"","ocean_post_title_height":0,"ocean_post_title_bg_overlay":0.5,"ocean_post_title_bg_overlay_color":"","ocean_disable_breadcrumbs":"default","ocean_breadcrumbs_color":"","ocean_breadcrumbs_separator_color":"","ocean_breadcrumbs_links_color":"","ocean_breadcrumbs_links_hover_color":"","ocean_display_footer_widgets":"default","ocean_display_footer_bottom":"default","ocean_custom_footer_template":"","footnotes":""},"class_list":["post-98","page","type-page","status-publish","has-post-thumbnail","hentry","entry","has-media"],"_links":{"self":[{"href":"http:\/\/puc-africa.de\/en\/wp-json\/wp\/v2\/pages\/98","targetHints":{"allow":["GET"]}}],"collection":[{"href":"http:\/\/puc-africa.de\/en\/wp-json\/wp\/v2\/pages"}],"about":[{"href":"http:\/\/puc-africa.de\/en\/wp-json\/wp\/v2\/types\/page"}],"author":[{"embeddable":true,"href":"http:\/\/puc-africa.de\/en\/wp-json\/wp\/v2\/users\/1"}],"replies":[{"embeddable":true,"href":"http:\/\/puc-africa.de\/en\/wp-json\/wp\/v2\/comments?post=98"}],"version-history":[{"count":6,"href":"http:\/\/puc-africa.de\/en\/wp-json\/wp\/v2\/pages\/98\/revisions"}],"predecessor-version":[{"id":825,"href":"http:\/\/puc-africa.de\/en\/wp-json\/wp\/v2\/pages\/98\/revisions\/825"}],"wp:featuredmedia":[{"embeddable":true,"href":"http:\/\/puc-africa.de\/en\/wp-json\/wp\/v2\/media\/511"}],"wp:attachment":[{"href":"http:\/\/puc-africa.de\/en\/wp-json\/wp\/v2\/media?parent=98"}],"curies":[{"name":"wp","href":"https:\/\/api.w.org\/{rel}","templated":true}]}}